{"id":1450,"date":"2021-11-30T14:59:17","date_gmt":"2021-11-30T14:59:17","guid":{"rendered":"https:\/\/jansen.es\/politica-de-cookies\/"},"modified":"2022-10-24T10:18:04","modified_gmt":"2022-10-24T08:18:04","slug":"politica-de-cookies","status":"publish","type":"page","link":"https:\/\/jansen.es\/pt-pt\/politica-de-cookies\/","title":{"rendered":"Pol\u00edtica de Cookies"},"content":{"rendered":"<p>[et_pb_section fb_built=&#8221;1&#8243; _builder_version=&#8221;4.16&#8243; _dynamic_attributes=&#8221;background_image&#8221; _module_preset=&#8221;default&#8221; use_background_color_gradient=&#8221;on&#8221; background_color_gradient_stops=&#8221;rgba(0,0,0,0.68) 0%|#0c71c3 100%&#8221; background_color_gradient_overlays_image=&#8221;on&#8221; background_color_gradient_start=&#8221;rgba(0,0,0,0.68)&#8221; background_color_gradient_end=&#8221;#0c71c3&#8243; background_image=&#8221;@ET-DC@eyJkeW5hbWljIjp0cnVlLCJjb250ZW50IjoicG9zdF9mZWF0dXJlZF9pbWFnZSIsInNldHRpbmdzIjp7fX0=@&#8221; custom_padding=&#8221;11px||0px||false|false&#8221; global_colors_info=&#8221;{}&#8221;][et_pb_row _builder_version=&#8221;4.16&#8243; _module_preset=&#8221;default&#8221; custom_padding=&#8221;||0px|||&#8221; global_colors_info=&#8221;{}&#8221;][et_pb_column type=&#8221;4_4&#8243; _builder_version=&#8221;4.16&#8243; _module_preset=&#8221;default&#8221; global_colors_info=&#8221;{}&#8221;][et_pb_de_mach_acf_item acf_name=&#8221;field_619ba2a9c2718&#8243; show_label=&#8221;off&#8221; _builder_version=&#8221;4.16&#8243; _module_preset=&#8221;default&#8221; title_css_text_align=&#8221;center&#8221; title_css_text_color=&#8221;#FFFFFF&#8221; custom_margin=&#8221;||12px|||&#8221; global_colors_info=&#8221;{}&#8221;][\/et_pb_de_mach_acf_item][et_pb_text module_class=&#8221;migas-custome&#8221; _builder_version=&#8221;4.17.1&#8243; _module_preset=&#8221;default&#8221; text_font=&#8221;||on||||||&#8221; text_text_color=&#8221;#FFFFFF&#8221; text_font_size=&#8221;12px&#8221; text_orientation=&#8221;center&#8221; global_module=&#8221;6025&#8243; global_colors_info=&#8221;{}&#8221;]<\/p>\n<span><span><a href=\"https:\/\/jansen.es\/pt-pt\/\">Inicio<\/a><\/span><\/span>\n<p>\n[\/et_pb_text][\/et_pb_column][\/et_pb_row][\/et_pb_section][et_pb_section fb_built=&#8221;1&#8243; _builder_version=&#8221;4.16&#8243; _module_preset=&#8221;default&#8221; background_color=&#8221;#f4f4f4&#8243; custom_padding=&#8221;44px||44px||true|&#8221; global_colors_info=&#8221;{}&#8221;][et_pb_row _builder_version=&#8221;4.16&#8243; _module_preset=&#8221;default&#8221; width=&#8221;95%&#8221; global_colors_info=&#8221;{}&#8221;][et_pb_column type=&#8221;4_4&#8243; _builder_version=&#8221;4.16&#8243; _module_preset=&#8221;default&#8221; global_colors_info=&#8221;{}&#8221;][et_pb_text _builder_version=&#8221;4.16&#8243; _module_preset=&#8221;default&#8221; header_2_font=&#8221;|600|||||||&#8221; header_2_text_align=&#8221;center&#8221; global_colors_info=&#8221;{}&#8221;]<\/p>\n<h2>Sobre Cookies<\/h2>\n<p>[\/et_pb_text][et_pb_text _builder_version=&#8221;4.16&#8243; _module_preset=&#8221;default&#8221; global_colors_info=&#8221;{}&#8221;]<\/p>\n<p><strong>POL\u00cdTICA DE COOKIES<\/strong><\/p>\n<p>O nosso <a href=\"https:\/\/jansen.es\/pt-pt\/\" target=\"_blank\">website https:\/\/jansen.es\/<\/a> (o &#8220;Website&#8221;) utiliza uma tecnologia chamada &#8220;cookies&#8221; para recolher informa\u00e7\u00f5es sobre a utiliza\u00e7\u00e3o do Website. Informamos que podemos utilizar cookies de forma a facilitar a sua navega\u00e7\u00e3o atrav\u00e9s do Website, distingui-lo dos outros utilizadores e analisar os seus h\u00e1bitos de navega\u00e7\u00e3o dentro do Website.<\/p>\n<p>O objetivo desta pol\u00edtica de cookies \u00e9 inform\u00e1-lo de forma clara e precisa sobre os cookies utilizados no nosso Website (a &#8220;Pol\u00edtica de Cookies&#8221;).<\/p>\n<p><strong>O QUE S\u00c3O BISCOITOS?<\/strong><\/p>\n<p>Um cookie \u00e9 um ficheiro que \u00e9 descarregado para o seu computador (computador ou dispositivo m\u00f3vel) para armazenar dados que possam ser atualizados e recuperados pela entidade respons\u00e1vel pela sua instala\u00e7\u00e3o.<\/p>\n<p>As informa\u00e7\u00f5es recolhidas atrav\u00e9s de cookies podem incluir o endere\u00e7o IP, data e hora das visitas ao Site, as p\u00e1ginas visualizadas dentro do Site, o tempo em que esteve no nosso Website e os sites visitados pouco antes e depois dele e outros dados de navega\u00e7\u00e3o. Assim, os cookies permitem-lhe obter informa\u00e7\u00f5es sobre os seus h\u00e1bitos de navega\u00e7\u00e3o.<\/p>\n<p><strong>TIPO DE COOKIES UTILIZADOS NO SITE<\/strong><\/p>\n<p>Por um lado, o propriet\u00e1rio deste S\u00edtio pode utilizar os seus pr\u00f3prios cookies t\u00e9cnicos para os quais n\u00e3o \u00e9 necess\u00e1rio obter o seu consentimento por estarem exclu\u00eddos do \u00e2mbito de aplica\u00e7\u00e3o do artigo 22.\u00ba da Lei n.\u00ba 34\/2002, de 11 de julho, sobre servi\u00e7os da sociedade da informa\u00e7\u00e3o e do com\u00e9rcio eletr\u00f3nico.<\/p>\n<p>No entanto, este Website instala cookies que requerem o consentimento dos utilizadores. Abaixo pode encontrar as informa\u00e7\u00f5es relacionadas com estes cookies:<\/p>\n<p><strong><u>COOKIES ANAL\u00cdTICOS DE TERCEIROS<\/u><\/strong><\/p>\n<p>No nosso Website utilizamos o sistema de medi\u00e7\u00e3o de audi\u00eancias Google Analytics, uma ferramenta de an\u00e1lise web do Google LLC. (&#8220;Google&#8221;), localizado em 1600 Anfiteatro Parkway, Mountain View, Calif\u00f3rnia 94043 (EUA), o que nos permite saber como os utilizadores do nosso Site interagem. A instala\u00e7\u00e3o dos cookies anal\u00edticos deste servi\u00e7o juntamente com os nossos ficheiros de registo de servidores, permite-nos conhecer o n\u00famero total de utilizadores que visitam o nosso Website e as partes do mesmo que gozam de maior popularidade. Gra\u00e7as a eles obtemos informa\u00e7\u00f5es que nos podem ajudar a melhorar a navega\u00e7\u00e3o e a prestar um melhor servi\u00e7o aos utilizadores e clientes.<\/p>\n<p>Inclu\u00edmos abaixo o link para o site do Google onde pode consultar a descri\u00e7\u00e3o do tipo de cookies utilizados pelo Google Analytics e o seu per\u00edodo de validade: <a href=\"https:\/\/developers.google.com\/analytics\/devguides\/collection\/analyticsjs\/cookie-usage?hl=es\" target=\"_blank\">https:\/\/developers.google.com\/analytics\/devguides\/collection\/analyticsjs\/cookie-usage?hl=es<\/a>.<\/p>\n<p><strong>SUPRESS\u00c3O DE COOKIES<\/strong><\/p>\n<p>Em qualquer caso, informamos que pode eliminar, bloquear ou desativar cookies a qualquer momento, modificando as defini\u00e7\u00f5es do seu navegador, o que lhe permitir\u00e1 recusar a instala\u00e7\u00e3o de todos os cookies ou alguns deles. Se eliminar todos os cookies deste website, atrav\u00e9s do seu browser, tamb\u00e9m eliminar\u00e1 as op\u00e7\u00f5es de configura\u00e7\u00e3o que escolheu sobre os nossos cookies. Abaixo, voc\u00ea pode encontrar informa\u00e7\u00f5es sobre como gerir o uso de cookies dependendo do navegador utilizado:<\/p>\n<p><strong>Firefox<\/strong>: <a href=\"https:\/\/support.mozilla.org\/es\/kb\/habilitar-y-deshabilitar-cookies-sitios-web-rastrear-preferencias\" target=\"_blank\">https:\/\/support.mozilla.org\/es\/kb\/habilitar-y-deshabilitar-cookies-sitios-web-rastrear-preferencias <\/a> <\/p>\n<p><strong>Cromo<\/strong>: <a href=\"https:\/\/support.google.com\/chrome\/answer\/95647?co=GENIE.Platform%3DDesktop&amp;hl=es\" target=\"_blank\">https:\/\/support.google.com\/chrome\/answer\/95647?co=GENIE.Platform%3DDesktop&amp;hl=es<\/a><\/p>\n<p><strong>Safari<\/strong>: <a href=\"https:\/\/support.apple.com\/es-es\/guide\/safari\/sfri11471\/mac\" target=\"_blank\">https:\/\/support.apple.com\/es-es\/guide\/safari\/sfri11471\/mac <\/a> <\/p>\n<p><strong>Internet Explorer<\/strong>: <a href=\"https:\/\/support.microsoft.com\/es-es\/help\/17442\/windows-internet-explorer-delete-manage-cookies\" target=\"_blank\">https:\/\/support.microsoft.com\/es-es\/help\/17442\/windows-internet-explorer-delete-manage-cookies<\/a><\/p>\n<p><strong>Microsoft Edge<\/strong>: <a href=\"https:\/\/privacy.microsoft.com\/es-es\/windows-10-microsoft-edge-and-privacy\" target=\"_blank\">https:\/\/privacy.microsoft.com\/es-es\/windows-10-microsoft-edge-and-privacy<\/a><\/p>\n<p><strong>ALTERA\u00c7\u00d5ES NA POL\u00cdTICA DE COOKIES<\/strong><\/p>\n<p>Podemos atualizar a Pol\u00edtica de Cookies do nosso Website. Por isso, recomendamos que reveja esta pol\u00edtica sempre que aceda ao nosso Website de forma a ser devidamente informado sobre como e por que utilizamos cookies.<\/p>\n<p>[\/et_pb_text][\/et_pb_column][\/et_pb_row][\/et_pb_section]<\/p>\n","protected":false},"excerpt":{"rendered":"<p><span><span><a href=\"https:\/\/jansen.es\/pt-pt\/\">Inicio<\/a><\/span><\/span> Sobre CookiesPOL\u00cdTICA DE COOKIES O nosso website https:\/\/jansen.es\/ (o &#8220;Website&#8221;) utiliza uma tecnologia chamada &#8220;cookies&#8221; para recolher informa\u00e7\u00f5es sobre a utiliza\u00e7\u00e3o do Website. Informamos que podemos utilizar cookies de forma a facilitar a sua navega\u00e7\u00e3o atrav\u00e9s do Website, distingui-lo dos outros utilizadores e analisar os seus h\u00e1bitos de navega\u00e7\u00e3o dentro do Website. O objetivo [&hellip;]<\/p>\n","protected":false},"author":1,"featured_media":0,"parent":0,"menu_order":0,"comment_status":"closed","ping_status":"closed","template":"","meta":{"_et_pb_use_builder":"on","_et_pb_old_content":"","_et_gb_content_width":"","footnotes":""},"class_list":["post-1450","page","type-page","status-publish","hentry"],"acf":[],"yoast_head":"<!-- This site is optimized with the Yoast SEO plugin v26.8 - https:\/\/yoast.com\/product\/yoast-seo-wordpress\/ -->\n<title>Saiba mais sobre a nossa pol\u00edtica de cookies! | Jansen<\/title>\n<meta name=\"robots\" content=\"index, follow, max-snippet:-1, max-image-preview:large, max-video-preview:-1\" \/>\n<link rel=\"canonical\" href=\"https:\/\/jansen.es\/pt-pt\/politica-de-cookies\/\" \/>\n<meta property=\"og:locale\" content=\"pt_PT\" \/>\n<meta property=\"og:type\" content=\"article\" \/>\n<meta property=\"og:title\" content=\"Saiba mais sobre a nossa pol\u00edtica de cookies! | Jansen\" \/>\n<meta property=\"og:description\" content=\"Sobre CookiesPOL\u00cdTICA DE COOKIES O nosso website https:\/\/jansen.es\/ (o &quot;Website&quot;) utiliza uma tecnologia chamada &quot;cookies&quot; para recolher informa\u00e7\u00f5es sobre a utiliza\u00e7\u00e3o do Website. Informamos que podemos utilizar cookies de forma a facilitar a sua navega\u00e7\u00e3o atrav\u00e9s do Website, distingui-lo dos outros utilizadores e analisar os seus h\u00e1bitos de navega\u00e7\u00e3o dentro do Website. O objetivo [&hellip;]\" \/>\n<meta property=\"og:site_name\" content=\"Jansen\" \/>\n<meta property=\"article:modified_time\" content=\"2022-10-24T08:18:04+00:00\" \/>\n<meta property=\"og:image\" content=\"https:\/\/jansen.es\/wp-content\/uploads\/2022\/04\/cropped-favicon_jansen.png\" \/>\n\t<meta property=\"og:image:width\" content=\"512\" \/>\n\t<meta property=\"og:image:height\" content=\"512\" \/>\n\t<meta property=\"og:image:type\" content=\"image\/png\" \/>\n<meta name=\"twitter:card\" content=\"summary_large_image\" \/>\n<meta name=\"twitter:label1\" content=\"Tempo estimado de leitura\" \/>\n\t<meta name=\"twitter:data1\" content=\"4 minutos\" \/>\n<script type=\"application\/ld+json\" class=\"yoast-schema-graph\">{\"@context\":\"https:\/\/schema.org\",\"@graph\":[{\"@type\":\"WebPage\",\"@id\":\"https:\/\/jansen.es\/pt-pt\/politica-de-cookies\/\",\"url\":\"https:\/\/jansen.es\/pt-pt\/politica-de-cookies\/\",\"name\":\"Saiba mais sobre a nossa pol\u00edtica de cookies! | Jansen\",\"isPartOf\":{\"@id\":\"https:\/\/jansen.es\/#website\"},\"datePublished\":\"2021-11-30T14:59:17+00:00\",\"dateModified\":\"2022-10-24T08:18:04+00:00\",\"breadcrumb\":{\"@id\":\"https:\/\/jansen.es\/pt-pt\/politica-de-cookies\/#breadcrumb\"},\"inLanguage\":\"pt-PT\",\"potentialAction\":[{\"@type\":\"ReadAction\",\"target\":[\"https:\/\/jansen.es\/pt-pt\/politica-de-cookies\/\"]}]},{\"@type\":\"BreadcrumbList\",\"@id\":\"https:\/\/jansen.es\/pt-pt\/politica-de-cookies\/#breadcrumb\",\"itemListElement\":[{\"@type\":\"ListItem\",\"position\":1,\"name\":\"Inicio\",\"item\":\"https:\/\/jansen.es\/pt-pt\/\"},{\"@type\":\"ListItem\",\"position\":2,\"name\":\"Pol\u00edtica de Cookies\"}]},{\"@type\":\"WebSite\",\"@id\":\"https:\/\/jansen.es\/#website\",\"url\":\"https:\/\/jansen.es\/\",\"name\":\"Jansen\",\"description\":\"Empresa l\u00edder en la fabricaci\u00f3n de perfiles de acero para puertas y ventanas\",\"publisher\":{\"@id\":\"https:\/\/jansen.es\/#organization\"},\"alternateName\":\"Jansen\",\"potentialAction\":[{\"@type\":\"SearchAction\",\"target\":{\"@type\":\"EntryPoint\",\"urlTemplate\":\"https:\/\/jansen.es\/?s={search_term_string}\"},\"query-input\":{\"@type\":\"PropertyValueSpecification\",\"valueRequired\":true,\"valueName\":\"search_term_string\"}}],\"inLanguage\":\"pt-PT\"},{\"@type\":\"Organization\",\"@id\":\"https:\/\/jansen.es\/#organization\",\"name\":\"Jansen\",\"alternateName\":\"Jansen\",\"url\":\"https:\/\/jansen.es\/\",\"logo\":{\"@type\":\"ImageObject\",\"inLanguage\":\"pt-PT\",\"@id\":\"https:\/\/jansen.es\/#\/schema\/logo\/image\/\",\"url\":\"https:\/\/jansen.es\/wp-content\/uploads\/2022\/04\/favicon_jansen.png\",\"contentUrl\":\"https:\/\/jansen.es\/wp-content\/uploads\/2022\/04\/favicon_jansen.png\",\"width\":238,\"height\":230,\"caption\":\"Jansen\"},\"image\":{\"@id\":\"https:\/\/jansen.es\/#\/schema\/logo\/image\/\"},\"sameAs\":[\"https:\/\/www.instagram.com\/janseniberia\/\",\"https:\/\/www.pinterest.es\/janseniberia\/_created\/\",\"https:\/\/www.linkedin.com\/company\/metalco-arquitectura-en-acero-s.l.\/\"]}]}<\/script>\n<!-- \/ Yoast SEO plugin. -->","yoast_head_json":{"title":"Saiba mais sobre a nossa pol\u00edtica de cookies! | Jansen","robots":{"index":"index","follow":"follow","max-snippet":"max-snippet:-1","max-image-preview":"max-image-preview:large","max-video-preview":"max-video-preview:-1"},"canonical":"https:\/\/jansen.es\/pt-pt\/politica-de-cookies\/","og_locale":"pt_PT","og_type":"article","og_title":"Saiba mais sobre a nossa pol\u00edtica de cookies! | Jansen","og_site_name":"Jansen","article_modified_time":"2022-10-24T08:18:04+00:00","og_image":[{"width":512,"height":512,"url":"https:\/\/jansen.es\/wp-content\/uploads\/2022\/04\/cropped-favicon_jansen.png","type":"image\/png"}],"twitter_card":"summary_large_image","twitter_misc":{"Tempo estimado de leitura":"4 minutos"},"schema":{"@context":"https:\/\/schema.org","@graph":[{"@type":"WebPage","@id":"https:\/\/jansen.es\/pt-pt\/politica-de-cookies\/","url":"https:\/\/jansen.es\/pt-pt\/politica-de-cookies\/","name":"Saiba mais sobre a nossa pol\u00edtica de cookies! | Jansen","isPartOf":{"@id":"https:\/\/jansen.es\/#website"},"datePublished":"2021-11-30T14:59:17+00:00","dateModified":"2022-10-24T08:18:04+00:00","breadcrumb":{"@id":"https:\/\/jansen.es\/pt-pt\/politica-de-cookies\/#breadcrumb"},"inLanguage":"pt-PT","potentialAction":[{"@type":"ReadAction","target":["https:\/\/jansen.es\/pt-pt\/politica-de-cookies\/"]}]},{"@type":"BreadcrumbList","@id":"https:\/\/jansen.es\/pt-pt\/politica-de-cookies\/#breadcrumb","itemListElement":[{"@type":"ListItem","position":1,"name":"Inicio","item":"https:\/\/jansen.es\/pt-pt\/"},{"@type":"ListItem","position":2,"name":"Pol\u00edtica de Cookies"}]},{"@type":"WebSite","@id":"https:\/\/jansen.es\/#website","url":"https:\/\/jansen.es\/","name":"Jansen","description":"Empresa l\u00edder en la fabricaci\u00f3n de perfiles de acero para puertas y ventanas","publisher":{"@id":"https:\/\/jansen.es\/#organization"},"alternateName":"Jansen","potentialAction":[{"@type":"SearchAction","target":{"@type":"EntryPoint","urlTemplate":"https:\/\/jansen.es\/?s={search_term_string}"},"query-input":{"@type":"PropertyValueSpecification","valueRequired":true,"valueName":"search_term_string"}}],"inLanguage":"pt-PT"},{"@type":"Organization","@id":"https:\/\/jansen.es\/#organization","name":"Jansen","alternateName":"Jansen","url":"https:\/\/jansen.es\/","logo":{"@type":"ImageObject","inLanguage":"pt-PT","@id":"https:\/\/jansen.es\/#\/schema\/logo\/image\/","url":"https:\/\/jansen.es\/wp-content\/uploads\/2022\/04\/favicon_jansen.png","contentUrl":"https:\/\/jansen.es\/wp-content\/uploads\/2022\/04\/favicon_jansen.png","width":238,"height":230,"caption":"Jansen"},"image":{"@id":"https:\/\/jansen.es\/#\/schema\/logo\/image\/"},"sameAs":["https:\/\/www.instagram.com\/janseniberia\/","https:\/\/www.pinterest.es\/janseniberia\/_created\/","https:\/\/www.linkedin.com\/company\/metalco-arquitectura-en-acero-s.l.\/"]}]}},"_links":{"self":[{"href":"https:\/\/jansen.es\/pt-pt\/wp-json\/wp\/v2\/pages\/1450","targetHints":{"allow":["GET"]}}],"collection":[{"href":"https:\/\/jansen.es\/pt-pt\/wp-json\/wp\/v2\/pages"}],"about":[{"href":"https:\/\/jansen.es\/pt-pt\/wp-json\/wp\/v2\/types\/page"}],"author":[{"embeddable":true,"href":"https:\/\/jansen.es\/pt-pt\/wp-json\/wp\/v2\/users\/1"}],"replies":[{"embeddable":true,"href":"https:\/\/jansen.es\/pt-pt\/wp-json\/wp\/v2\/comments?post=1450"}],"version-history":[{"count":2,"href":"https:\/\/jansen.es\/pt-pt\/wp-json\/wp\/v2\/pages\/1450\/revisions"}],"predecessor-version":[{"id":6418,"href":"https:\/\/jansen.es\/pt-pt\/wp-json\/wp\/v2\/pages\/1450\/revisions\/6418"}],"wp:attachment":[{"href":"https:\/\/jansen.es\/pt-pt\/wp-json\/wp\/v2\/media?parent=1450"}],"curies":[{"name":"wp","href":"https:\/\/api.w.org\/{rel}","templated":true}]}}