{"id":1453,"date":"2021-11-30T14:59:18","date_gmt":"2021-11-30T14:59:18","guid":{"rendered":"https:\/\/jansen.es\/aviso-legal\/"},"modified":"2022-10-24T12:04:36","modified_gmt":"2022-10-24T10:04:36","slug":"aviso-legal","status":"publish","type":"page","link":"https:\/\/jansen.es\/pt-pt\/aviso-legal\/","title":{"rendered":"Aviso Legal"},"content":{"rendered":"<p>[et_pb_section fb_built=&#8221;1&#8243; _builder_version=&#8221;4.16&#8243; _dynamic_attributes=&#8221;background_image&#8221; _module_preset=&#8221;default&#8221; use_background_color_gradient=&#8221;on&#8221; background_color_gradient_stops=&#8221;rgba(0,0,0,0.68) 0%|#0c71c3 100%&#8221; background_color_gradient_overlays_image=&#8221;on&#8221; background_color_gradient_start=&#8221;rgba(0,0,0,0.68)&#8221; background_color_gradient_end=&#8221;#0c71c3&#8243; background_image=&#8221;@ET-DC@eyJkeW5hbWljIjp0cnVlLCJjb250ZW50IjoicG9zdF9mZWF0dXJlZF9pbWFnZSIsInNldHRpbmdzIjp7fX0=@&#8221; custom_padding=&#8221;11px||0px||false|false&#8221; global_colors_info=&#8221;{}&#8221;][et_pb_row _builder_version=&#8221;4.16&#8243; _module_preset=&#8221;default&#8221; custom_padding=&#8221;||0px|||&#8221; global_colors_info=&#8221;{}&#8221;][et_pb_column type=&#8221;4_4&#8243; _builder_version=&#8221;4.16&#8243; _module_preset=&#8221;default&#8221; global_colors_info=&#8221;{}&#8221;][et_pb_de_mach_acf_item acf_name=&#8221;field_619ba2a9c2718&#8243; show_label=&#8221;off&#8221; _builder_version=&#8221;4.16&#8243; _module_preset=&#8221;default&#8221; title_css_text_align=&#8221;center&#8221; title_css_text_color=&#8221;#FFFFFF&#8221; custom_margin=&#8221;||12px|||&#8221; global_colors_info=&#8221;{}&#8221;][\/et_pb_de_mach_acf_item][et_pb_text module_class=&#8221;migas-custome&#8221; _builder_version=&#8221;4.17.1&#8243; _module_preset=&#8221;default&#8221; text_font=&#8221;||on||||||&#8221; text_text_color=&#8221;#FFFFFF&#8221; text_font_size=&#8221;12px&#8221; text_orientation=&#8221;center&#8221; global_module=&#8221;6025&#8243; global_colors_info=&#8221;{}&#8221;]<\/p>\n<span><span><a href=\"https:\/\/jansen.es\/pt-pt\/\">Inicio<\/a><\/span><\/span>\n<p>[\/et_pb_text][\/et_pb_column][\/et_pb_row][\/et_pb_section][et_pb_section fb_built=&#8221;1&#8243; _builder_version=&#8221;4.16&#8243; _module_preset=&#8221;default&#8221; background_color=&#8221;#f4f4f4&#8243; custom_padding=&#8221;44px||44px||true|&#8221; global_colors_info=&#8221;{}&#8221;][et_pb_row _builder_version=&#8221;4.16&#8243; _module_preset=&#8221;default&#8221; width=&#8221;95%&#8221; global_colors_info=&#8221;{}&#8221;][et_pb_column type=&#8221;4_4&#8243; _builder_version=&#8221;4.16&#8243; _module_preset=&#8221;default&#8221; global_colors_info=&#8221;{}&#8221;][et_pb_text _builder_version=&#8221;4.16&#8243; _module_preset=&#8221;default&#8221; header_2_font=&#8221;|600|||||||&#8221; header_2_text_align=&#8221;center&#8221; global_colors_info=&#8221;{}&#8221;]<\/p>\n<h2>Aviso Legal<\/h2>\n<p>[\/et_pb_text][et_pb_text _builder_version=&#8221;4.16&#8243; _module_preset=&#8221;default&#8221; global_colors_info=&#8221;{}&#8221;]<\/p>\n<p><strong>DADOS DE IDENTIFICA\u00c7\u00c3O.<\/strong> Em conformidade com o dever de informa\u00e7\u00e3o contido no artigo 10.\u00ba da Lei n.\u00ba 34\/2002, de 11 de julho, Servi\u00e7os da Sociedade da Informa\u00e7\u00e3o e do Com\u00e9rcio Eletr\u00f3nico, os seguintes dados do site refletem-se abaixo: a empresa que det\u00e9m www.jansen.es \u00e9 a Metalco Arqutitectura en Acero, S.L. (doravante MAA) com sede em El Prat de Llobregat (Barcelona), Ronda Ponent, 6-8, Barcelona, com C.I.F.B-64571011, registada no Registo Mercantil de Barcelona, volume 39659, folio 135 e folha B 349811. E-mail de contato: info@jansen.es. Telefone de contacto: (+34) 93 478 32 86.<\/p>\n<p><strong>PROTE\u00c7\u00c3O DE DADOS.<\/strong> O MAA cumpre as diretrizes do Regulamento Geral de Prote\u00e7\u00e3o de Dados e outros regulamentos em vigor, e assegura a correta utiliza\u00e7\u00e3o e tratamento dos dados pessoais do utilizador. Para isso, juntamente com cada forma de recolha de dados pessoais, nos servi\u00e7os que o utilizador pode solicitar \u00e0 MAA, informar\u00e1 o utilizador da exist\u00eancia e aceita\u00e7\u00e3o das condi\u00e7\u00f5es particulares do tratamento dos seus dados em cada caso, informando-os de: i o controlador, ii o seu objetivo, iii a causa legitimadora, iv os poss\u00edveis destinat\u00e1rios dos dados, v O procedimento de exerc\u00edcio dos direitos de acesso, retifica\u00e7\u00e3o, oposi\u00e7\u00e3o, supress\u00e3o, limita\u00e7\u00e3o ao tratamento e portabilidade, bem como, nos casos em que os dados n\u00e3o tenham sido obtidos pelo interessado, v A origem e as categorias de dados tratados. Da mesma forma, a MAA informa que cumpre a Lei 34\/2002, de 11 de julho, sobre Servi\u00e7os da Sociedade de Informa\u00e7\u00e3o e Com\u00e9rcio Eletr\u00f3nico e solicitar\u00e1 o seu consentimento para o processamento do seu e-mail para fins comerciais em todos os momentos.<\/p>\n<p><strong>PROPRIEDADE INTELECTUAL E INDUSTRIAL.<\/strong> O MAA \u00e9 o propriet\u00e1rio de todos os direitos de propriedade intelectual e industrial do seu website, bem como dos elementos a\u00ed contidos (a t\u00edtulo de exemplo, imagens, som, \u00e1udio, v\u00eddeo, software ou textos, marcas ou log\u00f3tipos, combina\u00e7\u00f5es de cores, estrutura e design, sele\u00e7\u00e3o de materiais utilizados, programas de computador necess\u00e1rios para o seu funcionamento, acesso e utiliza\u00e7\u00e3o, etc.). Em virtude do disposto nos artigos 8.o e 32.o, segundo par\u00e1grafo, da Lei da Propriedade Intelectual, a reprodu\u00e7\u00e3o, distribui\u00e7\u00e3o e comunica\u00e7\u00e3o p\u00fablica, incluindo a sua modalidade de disponibiliza\u00e7\u00e3o, total ou parcial dos conte\u00fados deste s\u00edtio Web, para fins comerciais, em qualquer meio e por qualquer meio t\u00e9cnico, s\u00e3o expressamente proibidas, sem a autoriza\u00e7\u00e3o do MAA. O utilizador compromete-se a respeitar os direitos de Propriedade Intelectual e Industrial detidos pela MAA.<\/p>\n<p>No caso de as liga\u00e7\u00f5es ou hiperliga\u00e7\u00f5es a outros sites da Internet estarem dispon\u00edveis em www.jansen.es, a MAA n\u00e3o exercer\u00e1 qualquer tipo de controlo sobre os referidos sites e conte\u00fados. Em nenhum caso a MAA assumir\u00e1 qualquer responsabilidade pelo conte\u00fado de qualquer link pertencente a um website de terceiros.<\/p>\n<p><strong>LIMITA\u00c7\u00c3O DE RESPONSABILIDADE. MAA<\/strong> n\u00e3o se responsabiliza, em qualquer caso, por danos de qualquer tipo que possam causar, a t\u00edtulo de exemplo, erros ou omiss\u00f5es no conte\u00fado, falta de disponibilidade do portal ou transmiss\u00e3o de v\u00edrus ou programas maliciosos ou nocivos no conte\u00fado, apesar de terem adotado todas as medidas tecnol\u00f3gicas necess\u00e1rias para o evitar.<\/p>\n<p><strong>Modifica\u00e7\u00f5es e atualiza\u00e7\u00f5es.<\/strong> O MAA reserva-se o direito de esporar, a qualquer momento e sem aviso pr\u00e9vio, modifica\u00e7\u00f5es e atualiza\u00e7\u00f5es das informa\u00e7\u00f5es contidas na web, na configura\u00e7\u00e3o, disponibilidade e apresenta\u00e7\u00e3o da informa\u00e7\u00e3o.<\/p>\n<p>[\/et_pb_text][\/et_pb_column][\/et_pb_row][\/et_pb_section]<\/p>\n","protected":false},"excerpt":{"rendered":"<p><span><span><a href=\"https:\/\/jansen.es\/pt-pt\/\">Inicio<\/a><\/span><\/span> Aviso Legal DADOS DE IDENTIFICA\u00c7\u00c3O. Em conformidade com o dever de informa\u00e7\u00e3o contido no artigo 10.\u00ba da Lei n.\u00ba 34\/2002, de 11 de julho, Servi\u00e7os da Sociedade da Informa\u00e7\u00e3o e do Com\u00e9rcio Eletr\u00f3nico, os seguintes dados do site refletem-se abaixo: a empresa que det\u00e9m www.jansen.es \u00e9 a Metalco Arqutitectura en Acero, S.L. (doravante MAA) [&hellip;]<\/p>\n","protected":false},"author":1,"featured_media":0,"parent":0,"menu_order":0,"comment_status":"closed","ping_status":"closed","template":"","meta":{"_et_pb_use_builder":"on","_et_pb_old_content":"","_et_gb_content_width":"","footnotes":""},"class_list":["post-1453","page","type-page","status-publish","hentry"],"acf":[],"yoast_head":"<!-- This site is optimized with the Yoast SEO plugin v26.8 - https:\/\/yoast.com\/product\/yoast-seo-wordpress\/ -->\n<title>Descubra mais sobre a nossa pol\u00edtica de aviso legal! | Jansen<\/title>\n<meta name=\"description\" content=\"Descubra a nossa pol\u00edtica de aviso legal! Na Jansen, a privacidade de cada um dos nossos clientes vem em primeiro lugar - confie na empresa l\u00edder do sector!\" \/>\n<meta name=\"robots\" content=\"index, follow, max-snippet:-1, max-image-preview:large, max-video-preview:-1\" \/>\n<link rel=\"canonical\" href=\"https:\/\/jansen.es\/pt-pt\/aviso-legal\/\" \/>\n<meta property=\"og:locale\" content=\"pt_PT\" \/>\n<meta property=\"og:type\" content=\"article\" \/>\n<meta property=\"og:title\" content=\"Descubra mais sobre a nossa pol\u00edtica de aviso legal! | Jansen\" \/>\n<meta property=\"og:description\" content=\"Descubra a nossa pol\u00edtica de aviso legal! Na Jansen, a privacidade de cada um dos nossos clientes vem em primeiro lugar - confie na empresa l\u00edder do sector!\" \/>\n<meta property=\"og:site_name\" content=\"Jansen\" \/>\n<meta property=\"article:modified_time\" content=\"2022-10-24T10:04:36+00:00\" \/>\n<meta property=\"og:image\" content=\"https:\/\/jansen.es\/wp-content\/uploads\/2022\/04\/cropped-favicon_jansen.png\" \/>\n\t<meta property=\"og:image:width\" content=\"512\" \/>\n\t<meta property=\"og:image:height\" content=\"512\" \/>\n\t<meta property=\"og:image:type\" content=\"image\/png\" \/>\n<meta name=\"twitter:card\" content=\"summary_large_image\" \/>\n<meta name=\"twitter:label1\" content=\"Tempo estimado de leitura\" \/>\n\t<meta name=\"twitter:data1\" content=\"4 minutos\" \/>\n<script type=\"application\/ld+json\" class=\"yoast-schema-graph\">{\"@context\":\"https:\/\/schema.org\",\"@graph\":[{\"@type\":\"WebPage\",\"@id\":\"https:\/\/jansen.es\/pt-pt\/aviso-legal\/\",\"url\":\"https:\/\/jansen.es\/pt-pt\/aviso-legal\/\",\"name\":\"Descubra mais sobre a nossa pol\u00edtica de aviso legal! | Jansen\",\"isPartOf\":{\"@id\":\"https:\/\/jansen.es\/#website\"},\"datePublished\":\"2021-11-30T14:59:18+00:00\",\"dateModified\":\"2022-10-24T10:04:36+00:00\",\"description\":\"Descubra a nossa pol\u00edtica de aviso legal! Na Jansen, a privacidade de cada um dos nossos clientes vem em primeiro lugar - confie na empresa l\u00edder do sector!\",\"breadcrumb\":{\"@id\":\"https:\/\/jansen.es\/pt-pt\/aviso-legal\/#breadcrumb\"},\"inLanguage\":\"pt-PT\",\"potentialAction\":[{\"@type\":\"ReadAction\",\"target\":[\"https:\/\/jansen.es\/pt-pt\/aviso-legal\/\"]}]},{\"@type\":\"BreadcrumbList\",\"@id\":\"https:\/\/jansen.es\/pt-pt\/aviso-legal\/#breadcrumb\",\"itemListElement\":[{\"@type\":\"ListItem\",\"position\":1,\"name\":\"Inicio\",\"item\":\"https:\/\/jansen.es\/pt-pt\/\"},{\"@type\":\"ListItem\",\"position\":2,\"name\":\"Aviso Legal\"}]},{\"@type\":\"WebSite\",\"@id\":\"https:\/\/jansen.es\/#website\",\"url\":\"https:\/\/jansen.es\/\",\"name\":\"Jansen\",\"description\":\"Empresa l\u00edder en la fabricaci\u00f3n de perfiles de acero para puertas y ventanas\",\"publisher\":{\"@id\":\"https:\/\/jansen.es\/#organization\"},\"alternateName\":\"Jansen\",\"potentialAction\":[{\"@type\":\"SearchAction\",\"target\":{\"@type\":\"EntryPoint\",\"urlTemplate\":\"https:\/\/jansen.es\/?s={search_term_string}\"},\"query-input\":{\"@type\":\"PropertyValueSpecification\",\"valueRequired\":true,\"valueName\":\"search_term_string\"}}],\"inLanguage\":\"pt-PT\"},{\"@type\":\"Organization\",\"@id\":\"https:\/\/jansen.es\/#organization\",\"name\":\"Jansen\",\"alternateName\":\"Jansen\",\"url\":\"https:\/\/jansen.es\/\",\"logo\":{\"@type\":\"ImageObject\",\"inLanguage\":\"pt-PT\",\"@id\":\"https:\/\/jansen.es\/#\/schema\/logo\/image\/\",\"url\":\"https:\/\/jansen.es\/wp-content\/uploads\/2022\/04\/favicon_jansen.png\",\"contentUrl\":\"https:\/\/jansen.es\/wp-content\/uploads\/2022\/04\/favicon_jansen.png\",\"width\":238,\"height\":230,\"caption\":\"Jansen\"},\"image\":{\"@id\":\"https:\/\/jansen.es\/#\/schema\/logo\/image\/\"},\"sameAs\":[\"https:\/\/www.instagram.com\/janseniberia\/\",\"https:\/\/www.pinterest.es\/janseniberia\/_created\/\",\"https:\/\/www.linkedin.com\/company\/metalco-arquitectura-en-acero-s.l.\/\"]}]}<\/script>\n<!-- \/ Yoast SEO plugin. -->","yoast_head_json":{"title":"Descubra mais sobre a nossa pol\u00edtica de aviso legal! | Jansen","description":"Descubra a nossa pol\u00edtica de aviso legal! Na Jansen, a privacidade de cada um dos nossos clientes vem em primeiro lugar - confie na empresa l\u00edder do sector!","robots":{"index":"index","follow":"follow","max-snippet":"max-snippet:-1","max-image-preview":"max-image-preview:large","max-video-preview":"max-video-preview:-1"},"canonical":"https:\/\/jansen.es\/pt-pt\/aviso-legal\/","og_locale":"pt_PT","og_type":"article","og_title":"Descubra mais sobre a nossa pol\u00edtica de aviso legal! | Jansen","og_description":"Descubra a nossa pol\u00edtica de aviso legal! Na Jansen, a privacidade de cada um dos nossos clientes vem em primeiro lugar - confie na empresa l\u00edder do sector!","og_site_name":"Jansen","article_modified_time":"2022-10-24T10:04:36+00:00","og_image":[{"width":512,"height":512,"url":"https:\/\/jansen.es\/wp-content\/uploads\/2022\/04\/cropped-favicon_jansen.png","type":"image\/png"}],"twitter_card":"summary_large_image","twitter_misc":{"Tempo estimado de leitura":"4 minutos"},"schema":{"@context":"https:\/\/schema.org","@graph":[{"@type":"WebPage","@id":"https:\/\/jansen.es\/pt-pt\/aviso-legal\/","url":"https:\/\/jansen.es\/pt-pt\/aviso-legal\/","name":"Descubra mais sobre a nossa pol\u00edtica de aviso legal! | Jansen","isPartOf":{"@id":"https:\/\/jansen.es\/#website"},"datePublished":"2021-11-30T14:59:18+00:00","dateModified":"2022-10-24T10:04:36+00:00","description":"Descubra a nossa pol\u00edtica de aviso legal! Na Jansen, a privacidade de cada um dos nossos clientes vem em primeiro lugar - confie na empresa l\u00edder do sector!","breadcrumb":{"@id":"https:\/\/jansen.es\/pt-pt\/aviso-legal\/#breadcrumb"},"inLanguage":"pt-PT","potentialAction":[{"@type":"ReadAction","target":["https:\/\/jansen.es\/pt-pt\/aviso-legal\/"]}]},{"@type":"BreadcrumbList","@id":"https:\/\/jansen.es\/pt-pt\/aviso-legal\/#breadcrumb","itemListElement":[{"@type":"ListItem","position":1,"name":"Inicio","item":"https:\/\/jansen.es\/pt-pt\/"},{"@type":"ListItem","position":2,"name":"Aviso Legal"}]},{"@type":"WebSite","@id":"https:\/\/jansen.es\/#website","url":"https:\/\/jansen.es\/","name":"Jansen","description":"Empresa l\u00edder en la fabricaci\u00f3n de perfiles de acero para puertas y ventanas","publisher":{"@id":"https:\/\/jansen.es\/#organization"},"alternateName":"Jansen","potentialAction":[{"@type":"SearchAction","target":{"@type":"EntryPoint","urlTemplate":"https:\/\/jansen.es\/?s={search_term_string}"},"query-input":{"@type":"PropertyValueSpecification","valueRequired":true,"valueName":"search_term_string"}}],"inLanguage":"pt-PT"},{"@type":"Organization","@id":"https:\/\/jansen.es\/#organization","name":"Jansen","alternateName":"Jansen","url":"https:\/\/jansen.es\/","logo":{"@type":"ImageObject","inLanguage":"pt-PT","@id":"https:\/\/jansen.es\/#\/schema\/logo\/image\/","url":"https:\/\/jansen.es\/wp-content\/uploads\/2022\/04\/favicon_jansen.png","contentUrl":"https:\/\/jansen.es\/wp-content\/uploads\/2022\/04\/favicon_jansen.png","width":238,"height":230,"caption":"Jansen"},"image":{"@id":"https:\/\/jansen.es\/#\/schema\/logo\/image\/"},"sameAs":["https:\/\/www.instagram.com\/janseniberia\/","https:\/\/www.pinterest.es\/janseniberia\/_created\/","https:\/\/www.linkedin.com\/company\/metalco-arquitectura-en-acero-s.l.\/"]}]}},"_links":{"self":[{"href":"https:\/\/jansen.es\/pt-pt\/wp-json\/wp\/v2\/pages\/1453","targetHints":{"allow":["GET"]}}],"collection":[{"href":"https:\/\/jansen.es\/pt-pt\/wp-json\/wp\/v2\/pages"}],"about":[{"href":"https:\/\/jansen.es\/pt-pt\/wp-json\/wp\/v2\/types\/page"}],"author":[{"embeddable":true,"href":"https:\/\/jansen.es\/pt-pt\/wp-json\/wp\/v2\/users\/1"}],"replies":[{"embeddable":true,"href":"https:\/\/jansen.es\/pt-pt\/wp-json\/wp\/v2\/comments?post=1453"}],"version-history":[{"count":3,"href":"https:\/\/jansen.es\/pt-pt\/wp-json\/wp\/v2\/pages\/1453\/revisions"}],"predecessor-version":[{"id":6430,"href":"https:\/\/jansen.es\/pt-pt\/wp-json\/wp\/v2\/pages\/1453\/revisions\/6430"}],"wp:attachment":[{"href":"https:\/\/jansen.es\/pt-pt\/wp-json\/wp\/v2\/media?parent=1453"}],"curies":[{"name":"wp","href":"https:\/\/api.w.org\/{rel}","templated":true}]}}