{"id":1459,"date":"2021-11-30T14:59:19","date_gmt":"2021-11-30T14:59:19","guid":{"rendered":"https:\/\/jansen.es\/noticias\/"},"modified":"2022-10-24T11:58:36","modified_gmt":"2022-10-24T09:58:36","slug":"noticias","status":"publish","type":"page","link":"https:\/\/jansen.es\/pt-pt\/noticias\/","title":{"rendered":"Not\u00edcias"},"content":{"rendered":"<p>[et_pb_section fb_built=&#8221;1&#8243; _builder_version=&#8221;4.16&#8243; _module_preset=&#8221;default&#8221; use_background_color_gradient=&#8221;on&#8221; background_color_gradient_stops=&#8221;rgba(0,0,0,0.72) 0%|rgba(0,0,0,0.42) 100%&#8221; background_color_gradient_overlays_image=&#8221;on&#8221; background_color_gradient_start=&#8221;rgba(0,0,0,0.72)&#8221; background_color_gradient_end=&#8221;rgba(0,0,0,0.42)&#8221; background_image=&#8221;https:\/\/jansen.es\/wp-content\/uploads\/2021\/11\/Carlos_Santamaria_Donosti_MG_7700_2_baja.jpg&#8221; custom_padding=&#8221;96px||96px||true|false&#8221; global_colors_info=&#8221;{}&#8221;][et_pb_row _builder_version=&#8221;4.16&#8243; _module_preset=&#8221;default&#8221; global_colors_info=&#8221;{}&#8221;][et_pb_column type=&#8221;4_4&#8243; _builder_version=&#8221;4.16&#8243; _module_preset=&#8221;default&#8221; global_colors_info=&#8221;{}&#8221;][et_pb_text _builder_version=&#8221;4.17.1&#8243; _module_preset=&#8221;default&#8221; text_font=&#8221;|600|||||||&#8221; text_text_color=&#8221;#FFFFFF&#8221; text_font_size=&#8221;25px&#8221; text_orientation=&#8221;center&#8221; global_colors_info=&#8221;{}&#8221;]<\/p>\n<p>Notas sobre Jansen e o acero<\/p>\n<p>[\/et_pb_text][et_pb_text _builder_version=&#8221;4.16.0&#8243; _module_preset=&#8221;default&#8221; text_font=&#8221;Arapey||||||||&#8221; text_text_color=&#8221;#FFFFFF&#8221; text_font_size=&#8221;23px&#8221; header_2_text_align=&#8221;center&#8221; header_2_text_color=&#8221;#FFFFFF&#8221; text_orientation=&#8221;center&#8221; global_colors_info=&#8221;{}&#8221;]<\/p>\n<p><em>Descubra a nossa vis\u00e3o<\/em><\/p>\n<p>[\/et_pb_text][et_pb_text module_class=&#8221;migas-custome&#8221; _builder_version=&#8221;4.17.1&#8243; _module_preset=&#8221;default&#8221; text_font=&#8221;||on||||||&#8221; text_text_color=&#8221;#FFFFFF&#8221; text_font_size=&#8221;12px&#8221; text_orientation=&#8221;center&#8221; global_module=&#8221;6025&#8243; global_colors_info=&#8221;{}&#8221;]<\/p>\n<span><span><a href=\"https:\/\/jansen.es\/pt-pt\/\">Inicio<\/a><\/span><\/span>\n<p>\n[\/et_pb_text][\/et_pb_column][\/et_pb_row][\/et_pb_section][et_pb_section fb_built=&#8221;1&#8243; _builder_version=&#8221;4.16&#8243; _module_preset=&#8221;default&#8221; global_colors_info=&#8221;{}&#8221;][et_pb_row column_structure=&#8221;3_4,1_4&#8243; _builder_version=&#8221;4.16&#8243; _module_preset=&#8221;default&#8221; width=&#8221;95%&#8221; global_colors_info=&#8221;{}&#8221;][et_pb_column type=&#8221;3_4&#8243; _builder_version=&#8221;4.16&#8243; _module_preset=&#8221;default&#8221; global_colors_info=&#8221;{}&#8221;][et_pb_blog_extras blog_layout=&#8221;full_width&#8221; read_more_text=&#8221;Leer m\u00e1s&#8221; show_author=&#8221;off&#8221; show_comments=&#8221;off&#8221; show_read_time=&#8221;on&#8221; read_time_text=&#8221;min de lectura&#8221; show_load_more=&#8221;on&#8221; load_more_text=&#8221;Ver m\u00e1s noticias&#8221; show_less_text=&#8221;Ver menos&#8221; _builder_version=&#8221;4.16&#8243; _module_preset=&#8221;default&#8221; global_colors_info=&#8221;{}&#8221;][\/et_pb_blog_extras][\/et_pb_column][et_pb_column type=&#8221;1_4&#8243; _builder_version=&#8221;4.16&#8243; _module_preset=&#8221;default&#8221; sticky_limit_bottom=&#8221;body&#8221; sticky_position_tablet=&#8221;top&#8221; sticky_position_phone=&#8221;none&#8221; sticky_position_last_edited=&#8221;on|phone&#8221; global_colors_info=&#8221;{}&#8221;][et_pb_sidebar orientation=&#8221;right&#8221; _builder_version=&#8221;4.16&#8243; _module_preset=&#8221;default&#8221; custom_margin=&#8221;59px|||||&#8221; global_colors_info=&#8221;{}&#8221;][\/et_pb_sidebar][\/et_pb_column][\/et_pb_row][\/et_pb_section]<\/p>\n","protected":false},"excerpt":{"rendered":"<p>Notas sobre Jansen e o aceroDescubra a nossa vis\u00e3o <span><span><a href=\"https:\/\/jansen.es\/pt-pt\/\">Inicio<\/a><\/span><\/span><\/p>\n","protected":false},"author":1,"featured_media":0,"parent":0,"menu_order":0,"comment_status":"closed","ping_status":"closed","template":"","meta":{"_et_pb_use_builder":"on","_et_pb_old_content":"","_et_gb_content_width":"","footnotes":""},"class_list":["post-1459","page","type-page","status-publish","hentry"],"acf":[],"yoast_head":"<!-- This site is optimized with the Yoast SEO plugin v26.8 - https:\/\/yoast.com\/product\/yoast-seo-wordpress\/ -->\n<title>Not\u00edcias - Jansen<\/title>\n<meta name=\"description\" content=\"De Jansen mantemo-lo informado sobre as \u00faltimas not\u00edcias do sector, bem como sobre as not\u00edcias importantes! Visite o nosso website e obtenha informa\u00e7\u00e3o.\" \/>\n<meta name=\"robots\" content=\"index, follow, max-snippet:-1, max-image-preview:large, max-video-preview:-1\" \/>\n<link rel=\"canonical\" href=\"https:\/\/jansen.es\/pt-pt\/noticias\/\" \/>\n<meta property=\"og:locale\" content=\"pt_PT\" \/>\n<meta property=\"og:type\" content=\"article\" \/>\n<meta property=\"og:title\" content=\"Not\u00edcias - Jansen\" \/>\n<meta property=\"og:description\" content=\"De Jansen mantemo-lo informado sobre as \u00faltimas not\u00edcias do sector, bem como sobre as not\u00edcias importantes! Visite o nosso website e obtenha informa\u00e7\u00e3o.\" \/>\n<meta property=\"og:site_name\" content=\"Jansen\" \/>\n<meta property=\"article:modified_time\" content=\"2022-10-24T09:58:36+00:00\" \/>\n<meta property=\"og:image\" content=\"https:\/\/jansen.es\/wp-content\/uploads\/2022\/04\/cropped-favicon_jansen.png\" \/>\n\t<meta property=\"og:image:width\" content=\"512\" \/>\n\t<meta property=\"og:image:height\" content=\"512\" \/>\n\t<meta property=\"og:image:type\" content=\"image\/png\" \/>\n<meta name=\"twitter:card\" content=\"summary_large_image\" \/>\n<meta name=\"twitter:label1\" content=\"Tempo estimado de leitura\" \/>\n\t<meta name=\"twitter:data1\" content=\"2 minutos\" \/>\n<script type=\"application\/ld+json\" class=\"yoast-schema-graph\">{\"@context\":\"https:\/\/schema.org\",\"@graph\":[{\"@type\":\"WebPage\",\"@id\":\"https:\/\/jansen.es\/pt-pt\/noticias\/\",\"url\":\"https:\/\/jansen.es\/pt-pt\/noticias\/\",\"name\":\"Not\u00edcias - Jansen\",\"isPartOf\":{\"@id\":\"https:\/\/jansen.es\/#website\"},\"datePublished\":\"2021-11-30T14:59:19+00:00\",\"dateModified\":\"2022-10-24T09:58:36+00:00\",\"description\":\"De Jansen mantemo-lo informado sobre as \u00faltimas not\u00edcias do sector, bem como sobre as not\u00edcias importantes! Visite o nosso website e obtenha informa\u00e7\u00e3o.\",\"breadcrumb\":{\"@id\":\"https:\/\/jansen.es\/pt-pt\/noticias\/#breadcrumb\"},\"inLanguage\":\"pt-PT\",\"potentialAction\":[{\"@type\":\"ReadAction\",\"target\":[\"https:\/\/jansen.es\/pt-pt\/noticias\/\"]}]},{\"@type\":\"BreadcrumbList\",\"@id\":\"https:\/\/jansen.es\/pt-pt\/noticias\/#breadcrumb\",\"itemListElement\":[{\"@type\":\"ListItem\",\"position\":1,\"name\":\"Inicio\",\"item\":\"https:\/\/jansen.es\/pt-pt\/\"},{\"@type\":\"ListItem\",\"position\":2,\"name\":\"Not\u00edcias\"}]},{\"@type\":\"WebSite\",\"@id\":\"https:\/\/jansen.es\/#website\",\"url\":\"https:\/\/jansen.es\/\",\"name\":\"Jansen\",\"description\":\"Empresa l\u00edder en la fabricaci\u00f3n de perfiles de acero para puertas y ventanas\",\"publisher\":{\"@id\":\"https:\/\/jansen.es\/#organization\"},\"alternateName\":\"Jansen\",\"potentialAction\":[{\"@type\":\"SearchAction\",\"target\":{\"@type\":\"EntryPoint\",\"urlTemplate\":\"https:\/\/jansen.es\/?s={search_term_string}\"},\"query-input\":{\"@type\":\"PropertyValueSpecification\",\"valueRequired\":true,\"valueName\":\"search_term_string\"}}],\"inLanguage\":\"pt-PT\"},{\"@type\":\"Organization\",\"@id\":\"https:\/\/jansen.es\/#organization\",\"name\":\"Jansen\",\"alternateName\":\"Jansen\",\"url\":\"https:\/\/jansen.es\/\",\"logo\":{\"@type\":\"ImageObject\",\"inLanguage\":\"pt-PT\",\"@id\":\"https:\/\/jansen.es\/#\/schema\/logo\/image\/\",\"url\":\"https:\/\/jansen.es\/wp-content\/uploads\/2022\/04\/favicon_jansen.png\",\"contentUrl\":\"https:\/\/jansen.es\/wp-content\/uploads\/2022\/04\/favicon_jansen.png\",\"width\":238,\"height\":230,\"caption\":\"Jansen\"},\"image\":{\"@id\":\"https:\/\/jansen.es\/#\/schema\/logo\/image\/\"},\"sameAs\":[\"https:\/\/www.instagram.com\/janseniberia\/\",\"https:\/\/www.pinterest.es\/janseniberia\/_created\/\",\"https:\/\/www.linkedin.com\/company\/metalco-arquitectura-en-acero-s.l.\/\"]}]}<\/script>\n<!-- \/ Yoast SEO plugin. -->","yoast_head_json":{"title":"Not\u00edcias - Jansen","description":"De Jansen mantemo-lo informado sobre as \u00faltimas not\u00edcias do sector, bem como sobre as not\u00edcias importantes! Visite o nosso website e obtenha informa\u00e7\u00e3o.","robots":{"index":"index","follow":"follow","max-snippet":"max-snippet:-1","max-image-preview":"max-image-preview:large","max-video-preview":"max-video-preview:-1"},"canonical":"https:\/\/jansen.es\/pt-pt\/noticias\/","og_locale":"pt_PT","og_type":"article","og_title":"Not\u00edcias - Jansen","og_description":"De Jansen mantemo-lo informado sobre as \u00faltimas not\u00edcias do sector, bem como sobre as not\u00edcias importantes! Visite o nosso website e obtenha informa\u00e7\u00e3o.","og_site_name":"Jansen","article_modified_time":"2022-10-24T09:58:36+00:00","og_image":[{"width":512,"height":512,"url":"https:\/\/jansen.es\/wp-content\/uploads\/2022\/04\/cropped-favicon_jansen.png","type":"image\/png"}],"twitter_card":"summary_large_image","twitter_misc":{"Tempo estimado de leitura":"2 minutos"},"schema":{"@context":"https:\/\/schema.org","@graph":[{"@type":"WebPage","@id":"https:\/\/jansen.es\/pt-pt\/noticias\/","url":"https:\/\/jansen.es\/pt-pt\/noticias\/","name":"Not\u00edcias - Jansen","isPartOf":{"@id":"https:\/\/jansen.es\/#website"},"datePublished":"2021-11-30T14:59:19+00:00","dateModified":"2022-10-24T09:58:36+00:00","description":"De Jansen mantemo-lo informado sobre as \u00faltimas not\u00edcias do sector, bem como sobre as not\u00edcias importantes! Visite o nosso website e obtenha informa\u00e7\u00e3o.","breadcrumb":{"@id":"https:\/\/jansen.es\/pt-pt\/noticias\/#breadcrumb"},"inLanguage":"pt-PT","potentialAction":[{"@type":"ReadAction","target":["https:\/\/jansen.es\/pt-pt\/noticias\/"]}]},{"@type":"BreadcrumbList","@id":"https:\/\/jansen.es\/pt-pt\/noticias\/#breadcrumb","itemListElement":[{"@type":"ListItem","position":1,"name":"Inicio","item":"https:\/\/jansen.es\/pt-pt\/"},{"@type":"ListItem","position":2,"name":"Not\u00edcias"}]},{"@type":"WebSite","@id":"https:\/\/jansen.es\/#website","url":"https:\/\/jansen.es\/","name":"Jansen","description":"Empresa l\u00edder en la fabricaci\u00f3n de perfiles de acero para puertas y ventanas","publisher":{"@id":"https:\/\/jansen.es\/#organization"},"alternateName":"Jansen","potentialAction":[{"@type":"SearchAction","target":{"@type":"EntryPoint","urlTemplate":"https:\/\/jansen.es\/?s={search_term_string}"},"query-input":{"@type":"PropertyValueSpecification","valueRequired":true,"valueName":"search_term_string"}}],"inLanguage":"pt-PT"},{"@type":"Organization","@id":"https:\/\/jansen.es\/#organization","name":"Jansen","alternateName":"Jansen","url":"https:\/\/jansen.es\/","logo":{"@type":"ImageObject","inLanguage":"pt-PT","@id":"https:\/\/jansen.es\/#\/schema\/logo\/image\/","url":"https:\/\/jansen.es\/wp-content\/uploads\/2022\/04\/favicon_jansen.png","contentUrl":"https:\/\/jansen.es\/wp-content\/uploads\/2022\/04\/favicon_jansen.png","width":238,"height":230,"caption":"Jansen"},"image":{"@id":"https:\/\/jansen.es\/#\/schema\/logo\/image\/"},"sameAs":["https:\/\/www.instagram.com\/janseniberia\/","https:\/\/www.pinterest.es\/janseniberia\/_created\/","https:\/\/www.linkedin.com\/company\/metalco-arquitectura-en-acero-s.l.\/"]}]}},"_links":{"self":[{"href":"https:\/\/jansen.es\/pt-pt\/wp-json\/wp\/v2\/pages\/1459","targetHints":{"allow":["GET"]}}],"collection":[{"href":"https:\/\/jansen.es\/pt-pt\/wp-json\/wp\/v2\/pages"}],"about":[{"href":"https:\/\/jansen.es\/pt-pt\/wp-json\/wp\/v2\/types\/page"}],"author":[{"embeddable":true,"href":"https:\/\/jansen.es\/pt-pt\/wp-json\/wp\/v2\/users\/1"}],"replies":[{"embeddable":true,"href":"https:\/\/jansen.es\/pt-pt\/wp-json\/wp\/v2\/comments?post=1459"}],"version-history":[{"count":24,"href":"https:\/\/jansen.es\/pt-pt\/wp-json\/wp\/v2\/pages\/1459\/revisions"}],"predecessor-version":[{"id":6428,"href":"https:\/\/jansen.es\/pt-pt\/wp-json\/wp\/v2\/pages\/1459\/revisions\/6428"}],"wp:attachment":[{"href":"https:\/\/jansen.es\/pt-pt\/wp-json\/wp\/v2\/media?parent=1459"}],"curies":[{"name":"wp","href":"https:\/\/api.w.org\/{rel}","templated":true}]}}