{"id":2390,"date":"2022-02-09T09:42:23","date_gmt":"2022-02-09T09:42:23","guid":{"rendered":"https:\/\/jansen.es\/jansen-docucenter-2\/"},"modified":"2022-11-28T11:23:06","modified_gmt":"2022-11-28T09:23:06","slug":"jansen-docucenter-2","status":"publish","type":"page","link":"https:\/\/jansen.es\/pt-pt\/jansen-docucenter-2\/","title":{"rendered":"Jansen DocuCenter"},"content":{"rendered":"<p>[et_pb_section fb_built=&#8221;1&#8243; _builder_version=&#8221;4.16&#8243; _module_preset=&#8221;default&#8221; use_background_color_gradient=&#8221;on&#8221; background_color_gradient_stops=&#8221;rgba(0,0,0,0.72) 0%|rgba(0,0,0,0.42) 100%&#8221; background_color_gradient_overlays_image=&#8221;on&#8221; background_color_gradient_start=&#8221;rgba(0,0,0,0.72)&#8221; background_color_gradient_end=&#8221;rgba(0,0,0,0.42)&#8221; background_image=&#8221;https:\/\/jansen.es\/wp-content\/uploads\/2021\/11\/fotomaria3.jpg&#8221; custom_padding=&#8221;96px||96px||true|false&#8221; global_colors_info=&#8221;{}&#8221;][et_pb_row _builder_version=&#8221;4.16&#8243; _module_preset=&#8221;default&#8221; global_colors_info=&#8221;{}&#8221;][et_pb_column type=&#8221;4_4&#8243; _builder_version=&#8221;4.16&#8243; _module_preset=&#8221;default&#8221; global_colors_info=&#8221;{}&#8221;][et_pb_de_mach_acf_item acf_name=&#8221;field_619ba2a9c2718&#8243; show_label=&#8221;off&#8221; _builder_version=&#8221;4.16&#8243; _module_preset=&#8221;default&#8221; title_css_text_align=&#8221;center&#8221; title_css_text_color=&#8221;#FFFFFF&#8221; custom_margin=&#8221;||12px|||&#8221; global_colors_info=&#8221;{}&#8221;][\/et_pb_de_mach_acf_item][et_pb_text _builder_version=&#8221;4.16&#8243; _dynamic_attributes=&#8221;content&#8221; _module_preset=&#8221;default&#8221; header_2_text_align=&#8221;center&#8221; header_2_text_color=&#8221;#FFFFFF&#8221; custom_margin=&#8221;||0px|||&#8221; global_colors_info=&#8221;{}&#8221;]@ET-DC@eyJkeW5hbWljIjp0cnVlLCJjb250ZW50IjoicG9zdF90aXRsZSIsInNldHRpbmdzIjp7ImJlZm9yZSI6IjxoMj4iLCJhZnRlciI6IjwvaDI+In19@[\/et_pb_text][et_pb_text _builder_version=&#8221;4.16.0&#8243; _module_preset=&#8221;default&#8221; text_font=&#8221;Arapey||on||||||&#8221; text_text_color=&#8221;#FFFFFF&#8221; text_font_size=&#8221;22px&#8221; header_2_text_align=&#8221;center&#8221; header_2_text_color=&#8221;#FFFFFF&#8221; text_orientation=&#8221;center&#8221; global_colors_info=&#8221;{}&#8221;]Biblioteca de Documenta\u00e7\u00e3o Jansen<br \/>\n[\/et_pb_text][et_pb_text module_class=&#8221;migas-custome&#8221; _builder_version=&#8221;4.17.1&#8243; _module_preset=&#8221;default&#8221; text_font=&#8221;||on||||||&#8221; text_text_color=&#8221;#FFFFFF&#8221; text_font_size=&#8221;12px&#8221; text_orientation=&#8221;center&#8221; global_module=&#8221;6025&#8243; global_colors_info=&#8221;{}&#8221;]<\/p>\n<span><span><a href=\"https:\/\/jansen.es\/pt-pt\/\">Inicio<\/a><\/span><\/span>\n<p>\n[\/et_pb_text][\/et_pb_column][\/et_pb_row][\/et_pb_section][et_pb_section fb_built=&#8221;1&#8243; _builder_version=&#8221;4.16&#8243; _module_preset=&#8221;default&#8221; custom_padding=&#8221;45px||45px||true|false&#8221; global_colors_info=&#8221;{}&#8221;][et_pb_row make_equal=&#8221;on&#8221; _builder_version=&#8221;4.17.1&#8243; _module_preset=&#8221;default&#8221; width=&#8221;90%&#8221; global_colors_info=&#8221;{}&#8221;][et_pb_column type=&#8221;4_4&#8243; _builder_version=&#8221;4.16&#8243; _module_preset=&#8221;default&#8221; global_colors_info=&#8221;{}&#8221;][et_pb_text _builder_version=&#8221;4.17.1&#8243; _module_preset=&#8221;default&#8221; header_2_font=&#8221;Arapey|600|||||||&#8221; global_colors_info=&#8221;{}&#8221;]<\/p>\n<h1><strong>Tudo num s\u00f3 lugar<\/strong><\/h1>\n<p>Na nossa plataforma de documenta\u00e7\u00e3o interativa pode encontrar toda a informa\u00e7\u00e3o relacionada com os sistemas Jansen. Uma aut\u00eantica biblioteca digital que facilita a procura de informa\u00e7\u00e3o atrav\u00e9s dos seus cat\u00e1logos, relat\u00f3rios t\u00e9cnicos, v\u00eddeos de fabrica\u00e7\u00e3o, ficheiros CAD e certificados, entre muitos outros documentos.<\/p>\n<p>Encontre a sua solu\u00e7\u00e3o Jansen!<br \/>\n[\/et_pb_text][\/et_pb_column][\/et_pb_row][et_pb_row column_structure=&#8221;1_4,3_4&#8243; use_custom_gutter=&#8221;on&#8221; make_equal=&#8221;on&#8221; _builder_version=&#8221;4.16&#8243; _module_preset=&#8221;default&#8221; width=&#8221;90%&#8221; global_colors_info=&#8221;{}&#8221;][et_pb_column type=&#8221;1_4&#8243; _builder_version=&#8221;4.16&#8243; _module_preset=&#8221;default&#8221; custom_padding=&#8221;80px||80px||true|false&#8221; custom_padding_tablet=&#8221;80px||80px||true|false&#8221; custom_padding_phone=&#8221;0px||0px||true|false&#8221; custom_padding_last_edited=&#8221;on|phone&#8221; global_colors_info=&#8221;{}&#8221;][et_pb_text _builder_version=&#8221;4.17.1&#8243; _module_preset=&#8221;default&#8221; header_font=&#8221;|600|||||||&#8221; header_font_size=&#8221;32px&#8221; global_colors_info=&#8221;{}&#8221;]<\/p>\n<div id=\"header\">\n<h1 id=\"logoCont\"><img decoding=\"async\" id=\"logo\" src=\"https:\/\/docucenter.jansen.com\/jansen\/img\/jansen-logo.svg\" \/><\/h1>\n<h1>Docu Center<\/h1>\n<\/div>\n<p>[\/et_pb_text][\/et_pb_column][et_pb_column type=&#8221;3_4&#8243; _builder_version=&#8221;4.16&#8243; _module_preset=&#8221;default&#8221; background_image=&#8221;https:\/\/jansen.es\/wp-content\/uploads\/2022\/02\/docucenter2-scaled.jpg&#8221; transform_scale=&#8221;111%|111%&#8221; custom_padding=&#8221;80px||80px||true|false&#8221; global_colors_info=&#8221;{}&#8221;][et_pb_button button_url=&#8221;https:\/\/docucenter.jansen.com\/jansen\/mobile\/login.php?LID=en&#038;_=48444656&#8243; url_new_window=&#8221;on&#8221; button_text=&#8221;Iniciar sess\u00e3o&#8221; button_alignment=&#8221;right&#8221; _builder_version=&#8221;4.16&#8243; _module_preset=&#8221;default&#8221; custom_button=&#8221;on&#8221; button_icon=&#8221;&#x35;||divi||400&#8243; button_icon_placement=&#8221;left&#8221; button_on_hover=&#8221;off&#8221; transform_scale=&#8221;113%|113%&#8221; transform_scale_tablet=&#8221;113%|113%&#8221; transform_scale_phone=&#8221;113%|113%&#8221; transform_scale_last_edited=&#8221;on|desktop&#8221; transform_translate=&#8221;-103px|32px&#8221; transform_translate_tablet=&#8221;-103px|32px&#8221; transform_translate_phone=&#8221;-103px|32px&#8221; transform_translate_last_edited=&#8221;on|desktop&#8221; transform_rotate_tablet=&#8221;&#8221; transform_rotate_phone=&#8221;&#8221; transform_rotate_last_edited=&#8221;on|desktop&#8221; transform_skew_tablet=&#8221;&#8221; transform_skew_phone=&#8221;&#8221; transform_skew_last_edited=&#8221;on|desktop&#8221; transform_origin=&#8221;56%|50%&#8221; transform_origin_tablet=&#8221;56%|50%&#8221; transform_origin_phone=&#8221;56%|50%&#8221; transform_origin_last_edited=&#8221;on|desktop&#8221; transform_styles_last_edited=&#8221;on|desktop&#8221; custom_padding=&#8221;||||false|false&#8221; transform_styles_tablet=&#8221;&#8221; transform_styles_phone=&#8221;&#8221; global_colors_info=&#8221;{}&#8221;][\/et_pb_button][\/et_pb_column][\/et_pb_row][et_pb_row column_structure=&#8221;1_3,1_3,1_3&#8243; use_custom_gutter=&#8221;on&#8221; make_equal=&#8221;on&#8221; _builder_version=&#8221;4.16&#8243; _module_preset=&#8221;default&#8221; width=&#8221;90%&#8221; global_colors_info=&#8221;{}&#8221;][et_pb_column type=&#8221;1_3&#8243; _builder_version=&#8221;4.16&#8243; _module_preset=&#8221;default&#8221; global_colors_info=&#8221;{}&#8221;][et_pb_text _builder_version=&#8221;4.17.1&#8243; _module_preset=&#8221;default&#8221; global_colors_info=&#8221;{}&#8221;]<\/p>\n<h3><strong>Bem-vindos ao<br \/>\nJansen Docu Center!<\/strong><\/h3>\n<p style=\"margin: 0cm; background: white; vertical-align: baseline;\"><span style=\"font-size: 10.5pt; font-family: 'Open Sans',sans-serif; color: #666666;\">Ap\u00f3s um trabalho intensivo, apresentamos a nossa nova plataforma de informa\u00e7\u00e3o detalhada sobre os nossos sistemas, produtos e servi\u00e7os. De forma estruturada e clara, voc\u00ea, como arquiteto ou industrial, ter\u00e1 acesso exclusivo a toda a informa\u00e7\u00e3o relevante para poder trabalhar livremente nos seus projetos.<\/span><\/p>\n<p style=\"margin: 0cm; background: white; vertical-align: baseline;\"><span style=\"font-size: 10.5pt; font-family: 'Open Sans',sans-serif; color: #666666;\">O Jansen Docu Center oferece-lhe a partir de hoje in\u00fameras funcionalidades que facilitar\u00e3o a procura de informa\u00e7\u00e3o. Tamb\u00e9m poder\u00e1 aceder antecipadamente aos novos desenvolvimentos de produtos Jansen.<\/span><\/p>\n<p>[\/et_pb_text][et_pb_video src=&#8221;https:\/\/www.youtube.com\/watch?v=XTcroBRjqSI&#8221; _builder_version=&#8221;4.16&#8243; _module_preset=&#8221;default&#8221; global_colors_info=&#8221;{}&#8221;][\/et_pb_video][\/et_pb_column][et_pb_column type=&#8221;1_3&#8243; _builder_version=&#8221;4.16&#8243; _module_preset=&#8221;default&#8221; global_colors_info=&#8221;{}&#8221;][et_pb_text _builder_version=&#8221;4.17.1&#8243; _module_preset=&#8221;default&#8221; global_colors_info=&#8221;{}&#8221;]<strong>Qual o conteudo do Jansen Docu Center?<\/strong><\/p>\n<p>Juntamente com os sistemas de a\u00e7o Jansen, no Jansen Docu Center encontrar\u00e1 cat\u00e1logos e gu\u00edas de fabrica\u00e7\u00e3o, montagem e instala\u00e7\u00e3o, bem como v\u00eddeos e fichas t\u00e9cnicas (certifica\u00e7\u00f5es, fichas de seguran\u00e7a, etc.)<\/p>\n<p>Tamb\u00e9m colocamos ao alcance de alguns cliques:<\/p>\n<p>Biblioteca CAD<br \/>\nFerramentas<br \/>\nMarca\u00e7\u00e3o CE<br \/>\nArquivos fotogr\u00e1ficos<\/p>\n<p><strong>Como posso encontrar informa\u00e7\u00e3o dentro do Jansen Docu Center?<\/strong><\/p>\n<p>Em geral, est\u00e1 dispon\u00edvel uma pesquisa por texto completo com filtros de pesquisa.<br \/>\nFiltros de pesquisa espec\u00edficos tamb\u00e9m est\u00e3o dispon\u00edveis nos cat\u00e1logos e \u00e1rea de documenta\u00e7\u00e3o que lhe permitir\u00e3o encontrar rapidamente os documentos de que necessita.<\/p>\n<p><strong>Como efetuar registo e que vantagens tenho?<\/strong><\/p>\n<p>Pode efetuar o registo <a href=\"https:\/\/docucenter.jansen.com\/jansen\/\" target=\"_blank\">aqu\u00ed \u2013 registro<\/a>.<br \/>\nCom a inscri\u00e7\u00e3o n\u00e3o s\u00f3 ter\u00e1 acesso \u00e0s informa\u00e7\u00f5es acima mencionadas.<\/p>\n<p>Tamb\u00e9m o manteremos informado com atualiza\u00e7\u00f5es regulares sobre as altera\u00e7\u00f5es t\u00e9cnicas que introduzimos nos cat\u00e1logos, fichas de dados, etc. Desta forma, n\u00e3o precisa de manter os cat\u00e1logos impressos atualizados ou verificar manualmente se existe uma nova vers\u00e3o dos documentos digitais de que necessita dispon\u00edvel, o que tornar\u00e1 o seu trabalho de forma r\u00e1pida e eficiente.<br \/>\n[\/et_pb_text][\/et_pb_column][et_pb_column type=&#8221;1_3&#8243; _builder_version=&#8221;4.16&#8243; _module_preset=&#8221;default&#8221; global_colors_info=&#8221;{}&#8221;][et_pb_text _builder_version=&#8221;4.17.1&#8243; _module_preset=&#8221;default&#8221; global_colors_info=&#8221;{}&#8221;]<strong>Contato &amp; Ajuda<\/strong><\/p>\n<p>Tem d\u00favidas sobre Jansen Docu Center ou a aplica\u00e7\u00e3o Jansen Docu Center?<br \/>\nEstamos preparados para todas as perguntas, problemas e sugest\u00f5es. Temos uma equipa preparada para o ajudar.<\/p>\n<p>Para problemas t\u00e9cnicos ou quest\u00f5es contacte a nossa equipa do Docu Center:<\/p>\n<p>Tel.: +41 71 763 93 70 (ingl\u00eas, alem\u00e3o, franc\u00eas ou italiano)<br \/>\nemail: docucenter@jansen.com<\/p>\n<p>&nbsp;<br \/>\n[\/et_pb_text][et_pb_image src=&#8221;https:\/\/jansen.es\/wp-content\/uploads\/2022\/03\/app_appstore.jpg&#8221; title_text=&#8221;app_appstore&#8221; url=&#8221;https:\/\/apps.apple.com\/us\/app\/jansen-docu-center\/id1448704118&#8243; url_new_window=&#8221;on&#8221; _builder_version=&#8221;4.16&#8243; _module_preset=&#8221;default&#8221; width=&#8221;33%&#8221; global_colors_info=&#8221;{}&#8221;][\/et_pb_image][et_pb_image src=&#8221;https:\/\/jansen.es\/wp-content\/uploads\/2022\/03\/app_playstore.jpg&#8221; title_text=&#8221;app_playstore&#8221; url=&#8221;https:\/\/play.google.com\/store\/apps\/details?id=com.jansen.tecdoc&#8221; url_new_window=&#8221;on&#8221; _builder_version=&#8221;4.16&#8243; _module_preset=&#8221;default&#8221; width=&#8221;33%&#8221; global_colors_info=&#8221;{}&#8221;][\/et_pb_image][\/et_pb_column][\/et_pb_row][\/et_pb_section]<\/p>\n","protected":false},"excerpt":{"rendered":"<p>Biblioteca de Documenta\u00e7\u00e3o Jansen <span><span><a href=\"https:\/\/jansen.es\/pt-pt\/\">Inicio<\/a><\/span><\/span> Tudo num s\u00f3 lugar Na nossa plataforma de documenta\u00e7\u00e3o interativa pode encontrar toda a informa\u00e7\u00e3o relacionada com os sistemas Jansen. Uma aut\u00eantica biblioteca digital que facilita a procura de informa\u00e7\u00e3o atrav\u00e9s dos seus cat\u00e1logos, relat\u00f3rios t\u00e9cnicos, v\u00eddeos de fabrica\u00e7\u00e3o, ficheiros CAD e certificados, entre muitos outros documentos. Encontre a sua [&hellip;]<\/p>\n","protected":false},"author":1,"featured_media":0,"parent":0,"menu_order":0,"comment_status":"closed","ping_status":"closed","template":"","meta":{"_et_pb_use_builder":"on","_et_pb_old_content":"","_et_gb_content_width":"","footnotes":""},"class_list":["post-2390","page","type-page","status-publish","hentry"],"acf":[],"yoast_head":"<!-- This site is optimized with the Yoast SEO plugin v27.5 - https:\/\/yoast.com\/product\/yoast-seo-wordpress\/ -->\n<title>Jansen DocuCenter Biblioteca de Documenta\u00e7\u00e3o | Jansen<\/title>\n<meta name=\"description\" content=\"Jansen DocuCenter \u00e9 a nossa nova plataforma de documenta\u00e7\u00e3o interactiva que torna f\u00e1cil encontrar informa\u00e7\u00e3o sobre os nossos sistemas de a\u00e7o.\" \/>\n<meta name=\"robots\" content=\"index, follow, max-snippet:-1, max-image-preview:large, max-video-preview:-1\" \/>\n<link rel=\"canonical\" href=\"https:\/\/jansen.es\/pt-pt\/jansen-docucenter-2\/\" \/>\n<meta property=\"og:locale\" content=\"pt_PT\" \/>\n<meta property=\"og:type\" content=\"article\" \/>\n<meta property=\"og:title\" content=\"Jansen DocuCenter Biblioteca de Documenta\u00e7\u00e3o | Jansen\" \/>\n<meta property=\"og:description\" content=\"Jansen DocuCenter \u00e9 a nossa nova plataforma de documenta\u00e7\u00e3o interactiva que torna f\u00e1cil encontrar informa\u00e7\u00e3o sobre os nossos sistemas de a\u00e7o.\" \/>\n<meta property=\"og:site_name\" content=\"Jansen\" \/>\n<meta property=\"article:modified_time\" content=\"2022-11-28T09:23:06+00:00\" \/>\n<meta property=\"og:image\" content=\"https:\/\/docucenter.jansen.com\/jansen\/img\/jansen-logo.svg\" \/>\n<meta name=\"twitter:card\" content=\"summary_large_image\" \/>\n<meta name=\"twitter:label1\" content=\"Tempo estimado de leitura\" \/>\n\t<meta name=\"twitter:data1\" content=\"6 minutos\" \/>\n<script type=\"application\/ld+json\" class=\"yoast-schema-graph\">{\"@context\":\"https:\\\/\\\/schema.org\",\"@graph\":[{\"@type\":\"WebPage\",\"@id\":\"https:\\\/\\\/jansen.es\\\/pt-pt\\\/jansen-docucenter-2\\\/\",\"url\":\"https:\\\/\\\/jansen.es\\\/pt-pt\\\/jansen-docucenter-2\\\/\",\"name\":\"Jansen DocuCenter Biblioteca de Documenta\u00e7\u00e3o | Jansen\",\"isPartOf\":{\"@id\":\"https:\\\/\\\/jansen.es\\\/#website\"},\"primaryImageOfPage\":{\"@id\":\"https:\\\/\\\/jansen.es\\\/pt-pt\\\/jansen-docucenter-2\\\/#primaryimage\"},\"image\":{\"@id\":\"https:\\\/\\\/jansen.es\\\/pt-pt\\\/jansen-docucenter-2\\\/#primaryimage\"},\"thumbnailUrl\":\"https:\\\/\\\/docucenter.jansen.com\\\/jansen\\\/img\\\/jansen-logo.svg\",\"datePublished\":\"2022-02-09T09:42:23+00:00\",\"dateModified\":\"2022-11-28T09:23:06+00:00\",\"description\":\"Jansen DocuCenter \u00e9 a nossa nova plataforma de documenta\u00e7\u00e3o interactiva que torna f\u00e1cil encontrar informa\u00e7\u00e3o sobre os nossos sistemas de a\u00e7o.\",\"breadcrumb\":{\"@id\":\"https:\\\/\\\/jansen.es\\\/pt-pt\\\/jansen-docucenter-2\\\/#breadcrumb\"},\"inLanguage\":\"pt-PT\",\"potentialAction\":[{\"@type\":\"ReadAction\",\"target\":[\"https:\\\/\\\/jansen.es\\\/pt-pt\\\/jansen-docucenter-2\\\/\"]}]},{\"@type\":\"ImageObject\",\"inLanguage\":\"pt-PT\",\"@id\":\"https:\\\/\\\/jansen.es\\\/pt-pt\\\/jansen-docucenter-2\\\/#primaryimage\",\"url\":\"https:\\\/\\\/docucenter.jansen.com\\\/jansen\\\/img\\\/jansen-logo.svg\",\"contentUrl\":\"https:\\\/\\\/docucenter.jansen.com\\\/jansen\\\/img\\\/jansen-logo.svg\"},{\"@type\":\"BreadcrumbList\",\"@id\":\"https:\\\/\\\/jansen.es\\\/pt-pt\\\/jansen-docucenter-2\\\/#breadcrumb\",\"itemListElement\":[{\"@type\":\"ListItem\",\"position\":1,\"name\":\"Inicio\",\"item\":\"https:\\\/\\\/jansen.es\\\/pt-pt\\\/\"},{\"@type\":\"ListItem\",\"position\":2,\"name\":\"Jansen DocuCenter\"}]},{\"@type\":\"WebSite\",\"@id\":\"https:\\\/\\\/jansen.es\\\/#website\",\"url\":\"https:\\\/\\\/jansen.es\\\/\",\"name\":\"Jansen\",\"description\":\"Empresa l\u00edder en la fabricaci\u00f3n de perfiles de acero para puertas y ventanas\",\"publisher\":{\"@id\":\"https:\\\/\\\/jansen.es\\\/#organization\"},\"alternateName\":\"Jansen\",\"potentialAction\":[{\"@type\":\"SearchAction\",\"target\":{\"@type\":\"EntryPoint\",\"urlTemplate\":\"https:\\\/\\\/jansen.es\\\/?s={search_term_string}\"},\"query-input\":{\"@type\":\"PropertyValueSpecification\",\"valueRequired\":true,\"valueName\":\"search_term_string\"}}],\"inLanguage\":\"pt-PT\"},{\"@type\":\"Organization\",\"@id\":\"https:\\\/\\\/jansen.es\\\/#organization\",\"name\":\"Jansen\",\"alternateName\":\"Jansen\",\"url\":\"https:\\\/\\\/jansen.es\\\/\",\"logo\":{\"@type\":\"ImageObject\",\"inLanguage\":\"pt-PT\",\"@id\":\"https:\\\/\\\/jansen.es\\\/#\\\/schema\\\/logo\\\/image\\\/\",\"url\":\"https:\\\/\\\/jansen.es\\\/wp-content\\\/uploads\\\/2022\\\/04\\\/favicon_jansen.png\",\"contentUrl\":\"https:\\\/\\\/jansen.es\\\/wp-content\\\/uploads\\\/2022\\\/04\\\/favicon_jansen.png\",\"width\":238,\"height\":230,\"caption\":\"Jansen\"},\"image\":{\"@id\":\"https:\\\/\\\/jansen.es\\\/#\\\/schema\\\/logo\\\/image\\\/\"},\"sameAs\":[\"https:\\\/\\\/www.instagram.com\\\/janseniberia\\\/\",\"https:\\\/\\\/www.pinterest.es\\\/janseniberia\\\/_created\\\/\",\"https:\\\/\\\/www.linkedin.com\\\/company\\\/metalco-arquitectura-en-acero-s.l.\\\/\"]}]}<\/script>\n<!-- \/ Yoast SEO plugin. -->","yoast_head_json":{"title":"Jansen DocuCenter Biblioteca de Documenta\u00e7\u00e3o | Jansen","description":"Jansen DocuCenter \u00e9 a nossa nova plataforma de documenta\u00e7\u00e3o interactiva que torna f\u00e1cil encontrar informa\u00e7\u00e3o sobre os nossos sistemas de a\u00e7o.","robots":{"index":"index","follow":"follow","max-snippet":"max-snippet:-1","max-image-preview":"max-image-preview:large","max-video-preview":"max-video-preview:-1"},"canonical":"https:\/\/jansen.es\/pt-pt\/jansen-docucenter-2\/","og_locale":"pt_PT","og_type":"article","og_title":"Jansen DocuCenter Biblioteca de Documenta\u00e7\u00e3o | Jansen","og_description":"Jansen DocuCenter \u00e9 a nossa nova plataforma de documenta\u00e7\u00e3o interactiva que torna f\u00e1cil encontrar informa\u00e7\u00e3o sobre os nossos sistemas de a\u00e7o.","og_site_name":"Jansen","article_modified_time":"2022-11-28T09:23:06+00:00","og_image":[{"url":"https:\/\/docucenter.jansen.com\/jansen\/img\/jansen-logo.svg","type":"","width":"","height":""}],"twitter_card":"summary_large_image","twitter_misc":{"Tempo estimado de leitura":"6 minutos"},"schema":{"@context":"https:\/\/schema.org","@graph":[{"@type":"WebPage","@id":"https:\/\/jansen.es\/pt-pt\/jansen-docucenter-2\/","url":"https:\/\/jansen.es\/pt-pt\/jansen-docucenter-2\/","name":"Jansen DocuCenter Biblioteca de Documenta\u00e7\u00e3o | Jansen","isPartOf":{"@id":"https:\/\/jansen.es\/#website"},"primaryImageOfPage":{"@id":"https:\/\/jansen.es\/pt-pt\/jansen-docucenter-2\/#primaryimage"},"image":{"@id":"https:\/\/jansen.es\/pt-pt\/jansen-docucenter-2\/#primaryimage"},"thumbnailUrl":"https:\/\/docucenter.jansen.com\/jansen\/img\/jansen-logo.svg","datePublished":"2022-02-09T09:42:23+00:00","dateModified":"2022-11-28T09:23:06+00:00","description":"Jansen DocuCenter \u00e9 a nossa nova plataforma de documenta\u00e7\u00e3o interactiva que torna f\u00e1cil encontrar informa\u00e7\u00e3o sobre os nossos sistemas de a\u00e7o.","breadcrumb":{"@id":"https:\/\/jansen.es\/pt-pt\/jansen-docucenter-2\/#breadcrumb"},"inLanguage":"pt-PT","potentialAction":[{"@type":"ReadAction","target":["https:\/\/jansen.es\/pt-pt\/jansen-docucenter-2\/"]}]},{"@type":"ImageObject","inLanguage":"pt-PT","@id":"https:\/\/jansen.es\/pt-pt\/jansen-docucenter-2\/#primaryimage","url":"https:\/\/docucenter.jansen.com\/jansen\/img\/jansen-logo.svg","contentUrl":"https:\/\/docucenter.jansen.com\/jansen\/img\/jansen-logo.svg"},{"@type":"BreadcrumbList","@id":"https:\/\/jansen.es\/pt-pt\/jansen-docucenter-2\/#breadcrumb","itemListElement":[{"@type":"ListItem","position":1,"name":"Inicio","item":"https:\/\/jansen.es\/pt-pt\/"},{"@type":"ListItem","position":2,"name":"Jansen DocuCenter"}]},{"@type":"WebSite","@id":"https:\/\/jansen.es\/#website","url":"https:\/\/jansen.es\/","name":"Jansen","description":"Empresa l\u00edder en la fabricaci\u00f3n de perfiles de acero para puertas y ventanas","publisher":{"@id":"https:\/\/jansen.es\/#organization"},"alternateName":"Jansen","potentialAction":[{"@type":"SearchAction","target":{"@type":"EntryPoint","urlTemplate":"https:\/\/jansen.es\/?s={search_term_string}"},"query-input":{"@type":"PropertyValueSpecification","valueRequired":true,"valueName":"search_term_string"}}],"inLanguage":"pt-PT"},{"@type":"Organization","@id":"https:\/\/jansen.es\/#organization","name":"Jansen","alternateName":"Jansen","url":"https:\/\/jansen.es\/","logo":{"@type":"ImageObject","inLanguage":"pt-PT","@id":"https:\/\/jansen.es\/#\/schema\/logo\/image\/","url":"https:\/\/jansen.es\/wp-content\/uploads\/2022\/04\/favicon_jansen.png","contentUrl":"https:\/\/jansen.es\/wp-content\/uploads\/2022\/04\/favicon_jansen.png","width":238,"height":230,"caption":"Jansen"},"image":{"@id":"https:\/\/jansen.es\/#\/schema\/logo\/image\/"},"sameAs":["https:\/\/www.instagram.com\/janseniberia\/","https:\/\/www.pinterest.es\/janseniberia\/_created\/","https:\/\/www.linkedin.com\/company\/metalco-arquitectura-en-acero-s.l.\/"]}]}},"_links":{"self":[{"href":"https:\/\/jansen.es\/pt-pt\/wp-json\/wp\/v2\/pages\/2390","targetHints":{"allow":["GET"]}}],"collection":[{"href":"https:\/\/jansen.es\/pt-pt\/wp-json\/wp\/v2\/pages"}],"about":[{"href":"https:\/\/jansen.es\/pt-pt\/wp-json\/wp\/v2\/types\/page"}],"author":[{"embeddable":true,"href":"https:\/\/jansen.es\/pt-pt\/wp-json\/wp\/v2\/users\/1"}],"replies":[{"embeddable":true,"href":"https:\/\/jansen.es\/pt-pt\/wp-json\/wp\/v2\/comments?post=2390"}],"version-history":[{"count":16,"href":"https:\/\/jansen.es\/pt-pt\/wp-json\/wp\/v2\/pages\/2390\/revisions"}],"predecessor-version":[{"id":6414,"href":"https:\/\/jansen.es\/pt-pt\/wp-json\/wp\/v2\/pages\/2390\/revisions\/6414"}],"wp:attachment":[{"href":"https:\/\/jansen.es\/pt-pt\/wp-json\/wp\/v2\/media?parent=2390"}],"curies":[{"name":"wp","href":"https:\/\/api.w.org\/{rel}","templated":true}]}}