{"id":5119,"date":"2022-04-18T15:33:29","date_gmt":"2022-04-18T15:33:29","guid":{"rendered":"https:\/\/jansen.es\/rede-de-instaladores\/"},"modified":"2022-10-24T12:02:17","modified_gmt":"2022-10-24T10:02:17","slug":"rede-de-instaladores","status":"publish","type":"page","link":"https:\/\/jansen.es\/pt-pt\/rede-de-instaladores\/","title":{"rendered":"Red Jansteel"},"content":{"rendered":"<p>[et_pb_section fb_built=&#8221;1&#8243; _builder_version=&#8221;4.16&#8243; _module_preset=&#8221;default&#8221; use_background_color_gradient=&#8221;on&#8221; background_color_gradient_stops=&#8221;rgba(0,0,0,0.72) 0%|rgba(0,0,0,0.42) 100%&#8221; background_color_gradient_overlays_image=&#8221;on&#8221; background_color_gradient_start=&#8221;rgba(0,0,0,0.72)&#8221; background_color_gradient_end=&#8221;rgba(0,0,0,0.42)&#8221; background_image=&#8221;https:\/\/jansen.es\/wp-content\/uploads\/2022\/03\/Jansen-Produktionsanlage.jpg&#8221; custom_padding=&#8221;96px||96px||true|false&#8221; global_colors_info=&#8221;{}&#8221;][et_pb_row _builder_version=&#8221;4.16&#8243; _module_preset=&#8221;default&#8221; global_colors_info=&#8221;{}&#8221;][et_pb_column type=&#8221;4_4&#8243; _builder_version=&#8221;4.16&#8243; _module_preset=&#8221;default&#8221; global_colors_info=&#8221;{}&#8221;][et_pb_image src=&#8221;https:\/\/jansen.es\/wp-content\/uploads\/2022\/06\/jansteel.png&#8221; alt=&#8221;Jansteel&#8221; title_text=&#8221;jansteel&#8221; align=&#8221;center&#8221; _builder_version=&#8221;4.17.1&#8243; _module_preset=&#8221;default&#8221; max_height=&#8221;30px&#8221; global_colors_info=&#8221;{}&#8221;][\/et_pb_image][et_pb_text _builder_version=&#8221;4.17.1&#8243; _module_preset=&#8221;default&#8221; text_font=&#8221;Arapey||on||||||&#8221; text_text_color=&#8221;#FFFFFF&#8221; text_font_size=&#8221;22px&#8221; header_2_text_align=&#8221;center&#8221; header_2_text_color=&#8221;#FFFFFF&#8221; text_orientation=&#8221;center&#8221; global_colors_info=&#8221;{}&#8221;]Garantia de Qualidade<br \/>\n[\/et_pb_text][et_pb_text module_class=&#8221;migas-custome&#8221; _builder_version=&#8221;4.17.1&#8243; _module_preset=&#8221;default&#8221; text_font=&#8221;||on||||||&#8221; text_text_color=&#8221;#FFFFFF&#8221; text_font_size=&#8221;12px&#8221; text_orientation=&#8221;center&#8221; global_module=&#8221;5979&#8243; global_colors_info=&#8221;{}&#8221;]<\/p>\n<span><span><a href=\"https:\/\/jansen.es\/pt-pt\/\">Inicio<\/a><\/span><\/span>\n<p>\n[\/et_pb_text][\/et_pb_column][\/et_pb_row][\/et_pb_section][et_pb_section fb_built=&#8221;1&#8243; _builder_version=&#8221;4.16&#8243; _module_preset=&#8221;default&#8221; custom_padding=&#8221;45px||45px||true|&#8221; global_colors_info=&#8221;{}&#8221;][et_pb_row column_structure=&#8221;1_3,1_3,1_3&#8243; make_equal=&#8221;on&#8221; _builder_version=&#8221;4.16&#8243; _module_preset=&#8221;default&#8221; width=&#8221;95%&#8221; custom_padding=&#8221;0px||0px|||&#8221; global_colors_info=&#8221;{}&#8221;][et_pb_column type=&#8221;1_3&#8243; _builder_version=&#8221;4.16&#8243; _module_preset=&#8221;default&#8221; background_color=&#8221;#f4f4f4&#8243; custom_padding=&#8221;40px|40px|40px|40px|true|true&#8221; border_radii=&#8221;on|6px|6px|6px|6px&#8221; global_colors_info=&#8221;{}&#8221; background__hover_enabled=&#8221;on|desktop&#8221; background_color__hover=&#8221;RGBA(255,255,255,0)&#8221; background_enable_color__hover=&#8221;on&#8221;][et_pb_blurb title=&#8221;Rede de fabricantes fortes&#8221; image_icon_width=&#8221;55px&#8221; _builder_version=&#8221;4.17.1&#8243; _module_preset=&#8221;default&#8221; header_text_align=&#8221;center&#8221; body_text_align=&#8221;center&#8221; global_colors_info=&#8221;{}&#8221;]Para criar as melhores portas e janelas de a\u00e7o, na Jansen temos uma s\u00f3lida rede de fabricantes e instaladores, composta pelas melhores oficinas de a\u00e7o em todo o territ\u00f3rio.[\/et_pb_blurb][\/et_pb_column][et_pb_column type=&#8221;1_3&#8243; _builder_version=&#8221;4.16&#8243; _module_preset=&#8221;default&#8221; background_color=&#8221;#f4f4f4&#8243; custom_padding=&#8221;40px|40px|40px|40px|true|true&#8221; border_radii=&#8221;on|6px|6px|6px|6px&#8221; global_colors_info=&#8221;{}&#8221; background__hover_enabled=&#8221;on|desktop&#8221; background_color__hover=&#8221;RGBA(255,255,255,0)&#8221; background_enable_color__hover=&#8221;on&#8221;][et_pb_blurb title=&#8221;Forma\u00e7\u00e3o cont\u00ednua&#8221; image_icon_width=&#8221;55px&#8221; _builder_version=&#8221;4.17.1&#8243; _module_preset=&#8221;default&#8221; header_text_align=&#8221;center&#8221; body_text_align=&#8221;center&#8221; global_colors_info=&#8221;{}&#8221;]A nossa rede Jansteel nasceu em 2015 e desde ent\u00e3o tem proporcionado aos seus membros forma\u00e7\u00e3o cont\u00ednua, atualizando assim permanentemente os seus conhecimentos sobre todas as nossas solu\u00e7\u00f5es.[\/et_pb_blurb][\/et_pb_column][et_pb_column type=&#8221;1_3&#8243; _builder_version=&#8221;4.16&#8243; _module_preset=&#8221;default&#8221; background_color=&#8221;#f4f4f4&#8243; custom_padding=&#8221;40px|40px|40px|40px|true|true&#8221; border_radii=&#8221;on|6px|6px|6px|6px&#8221; global_colors_info=&#8221;{}&#8221; background__hover_enabled=&#8221;on|desktop&#8221; background_color__hover=&#8221;RGBA(255,255,255,0)&#8221; background_enable_color__hover=&#8221;on&#8221;][et_pb_blurb title=&#8221;Rede aprovada&#8221; image_icon_width=&#8221;55px&#8221; _builder_version=&#8221;4.17.1&#8243; _module_preset=&#8221;default&#8221; header_text_align=&#8221;center&#8221; body_text_align=&#8221;center&#8221; global_colors_info=&#8221;{}&#8221;]A nossa filosofia de qualidade requer que realizemos um rigoroso acompanhamento de cada um dos membros, avaliando ano ap\u00f3s ano a homologa\u00e7\u00e3o que lhes \u00e9 concedida para fazer parte da nossa grande e qualificada fam\u00edlia.[\/et_pb_blurb][\/et_pb_column][\/et_pb_row][\/et_pb_section][et_pb_section fb_built=&#8221;1&#8243; _builder_version=&#8221;4.16&#8243; _module_preset=&#8221;default&#8221; global_colors_info=&#8221;{}&#8221;][et_pb_row column_structure=&#8221;1_2,1_2&#8243; make_equal=&#8221;on&#8221; _builder_version=&#8221;4.17.1&#8243; _module_preset=&#8221;default&#8221; width=&#8221;95%&#8221; custom_padding=&#8221;0px||0px|||&#8221; global_colors_info=&#8221;{}&#8221;][et_pb_column type=&#8221;1_2&#8243; _builder_version=&#8221;4.17.1&#8243; _module_preset=&#8221;default&#8221; background_color=&#8221;RGBA(255,255,255,0)&#8221; custom_padding=&#8221;40px|40px|40px|40px|true|true&#8221; border_radii=&#8221;on|6px|6px|6px|6px&#8221; global_colors_info=&#8221;{}&#8221; background__hover_enabled=&#8221;on|desktop&#8221; background_color__hover=&#8221;RGBA(255,255,255,0)&#8221; background_enable_color__hover=&#8221;on&#8221;][et_pb_text _builder_version=&#8221;4.17.1&#8243; _module_preset=&#8221;default&#8221; text_font=&#8221;|800|||||||&#8221; text_font_size=&#8221;32px&#8221; global_colors_info=&#8221;{}&#8221;]Localize a oficina Jansteel mais pr\u00f3xima[\/et_pb_text][\/et_pb_column][et_pb_column type=&#8221;1_2&#8243; _builder_version=&#8221;4.17.1&#8243; _module_preset=&#8221;default&#8221; background_color=&#8221;RGBA(255,255,255,0)&#8221; custom_padding=&#8221;40px|40px|40px|40px|true|true&#8221; border_radii=&#8221;on|6px|6px|6px|6px&#8221; global_colors_info=&#8221;{}&#8221; background__hover_enabled=&#8221;on|desktop&#8221; background_color__hover=&#8221;RGBA(255,255,255,0)&#8221; background_enable_color__hover=&#8221;on&#8221;][\/et_pb_column][\/et_pb_row][et_pb_row _builder_version=&#8221;4.16&#8243; _module_preset=&#8221;default&#8221; width=&#8221;95%&#8221; global_colors_info=&#8221;{}&#8221;][et_pb_column type=&#8221;4_4&#8243; _builder_version=&#8221;4.16&#8243; _module_preset=&#8221;default&#8221; global_colors_info=&#8221;{}&#8221;][et_pb_code _builder_version=&#8221;4.16&#8243; _module_preset=&#8221;default&#8221; global_colors_info=&#8221;{}&#8221;]<style>\r\n\t#wpsl-stores .wpsl-store-thumb {height:45px !important; width:45px !important;}\r\n\t#wpsl-stores, #wpsl-direction-details, #wpsl-gmap {height:550px !important;}\r\n\t#wpsl-gmap .wpsl-info-window {max-width:225px !important;}\r\n\t.wpsl-input label, #wpsl-radius label, #wpsl-category label {width:95px;}\r\n\t#wpsl-search-input ,#wpsl-category .wpsl-dropdown {width:179px;}\r\n<\/style>\r\n<div id=\"wpsl-wrap\">\r\n\t<div class=\"wpsl-search wpsl-clearfix wpsl-filter\">\r\n\t\t<div id=\"wpsl-search-wrap\">\r\n\t\t\t<form autocomplete=\"off\">\r\n\t\t\t<div class=\"wpsl-input\">\r\n\t\t\t\t<div><label for=\"wpsl-search-input\">Tu ubicaci\u00f3n<\/label><\/div>\r\n\t\t\t\t<input id=\"wpsl-search-input\" type=\"text\" value=\"\" name=\"wpsl-search-input\" placeholder=\"\" aria-required=\"true\" \/>\r\n\t\t\t<\/div>\r\n\t\t\t<div class=\"wpsl-select-wrap\">\r\n\t\t\t\t<div id=\"wpsl-radius\">\r\n\t\t\t\t\t<label for=\"wpsl-radius-dropdown\">Radio de b\u00fasqueda<\/label>\r\n\t\t\t\t\t<select id=\"wpsl-radius-dropdown\" class=\"wpsl-dropdown\" name=\"wpsl-radius\">\r\n\t\t\t\t\t\t<option value=\"10\">10 km<\/option><option value=\"25\">25 km<\/option><option value=\"50\">50 km<\/option><option value=\"100\">100 km<\/option><option value=\"200\">200 km<\/option><option value=\"500\">500 km<\/option><option selected=\"selected\" value=\"1000\">1000 km<\/option>\r\n\t\t\t\t\t<\/select>\r\n\t\t\t\t<\/div>\r\n\t\t\t\t<div id=\"wpsl-results\">\r\n\t\t\t\t\t<label for=\"wpsl-results-dropdown\">Resultados<\/label>\r\n\t\t\t\t\t<select id=\"wpsl-results-dropdown\" class=\"wpsl-dropdown\" name=\"wpsl-results\">\r\n\t\t\t\t\t\t<option value=\"25\">25<\/option><option value=\"50\">50<\/option><option value=\"75\">75<\/option><option value=\"100\">100<\/option><option value=\"500\">500<\/option><option selected=\"selected\" value=\"1000\">1000<\/option>\r\n\t\t\t\t\t<\/select>\r\n\t\t\t\t<\/div>\r\n\t\t\t<\/div>\r\n\t\t\t\t<div class=\"wpsl-search-btn-wrap\"><input id=\"wpsl-search-btn\" type=\"submit\" value=\"Buscar\"><\/div>\r\n\t\t<\/form>\r\n\t\t<\/div>\r\n\t<\/div>\r\n\t<div id=\"wpsl-gmap\" class=\"wpsl-gmap-canvas\"><\/div>\r\n\t<div id=\"wpsl-result-list\">\r\n\t\t<div id=\"wpsl-stores\" >\r\n\t\t\t<ul><\/ul>\r\n\t\t<\/div>\r\n\t\t<div id=\"wpsl-direction-details\">\r\n\t\t\t<ul><\/ul>\r\n\t\t<\/div>\r\n\t<\/div>\r\n<\/div>\r\n [\/et_pb_code][\/et_pb_column][\/et_pb_row][\/et_pb_section]<\/p>\n","protected":false},"excerpt":{"rendered":"<p>Garantia de Qualidade <span><span><a href=\"https:\/\/jansen.es\/pt-pt\/\">Inicio<\/a><\/span><\/span> Para criar as melhores portas e janelas de a\u00e7o, na Jansen temos uma s\u00f3lida rede de fabricantes e instaladores, composta pelas melhores oficinas de a\u00e7o em todo o territ\u00f3rio.A nossa rede Jansteel nasceu em 2015 e desde ent\u00e3o tem proporcionado aos seus membros forma\u00e7\u00e3o cont\u00ednua, atualizando assim permanentemente os seus conhecimentos [&hellip;]<\/p>\n","protected":false},"author":1,"featured_media":1290,"parent":0,"menu_order":0,"comment_status":"closed","ping_status":"closed","template":"","meta":{"_et_pb_use_builder":"on","_et_pb_old_content":"","_et_gb_content_width":"","footnotes":""},"class_list":["post-5119","page","type-page","status-publish","has-post-thumbnail","hentry"],"acf":[],"yoast_head":"<!-- This site is optimized with the Yoast SEO plugin v26.8 - https:\/\/yoast.com\/product\/yoast-seo-wordpress\/ -->\n<title>Red Jansteel - As melhores janelas e portas em a\u00e7o | Jansen<\/title>\n<meta name=\"description\" content=\"Jansteel, uma vasta rede de profissionais e peritos espalhados por toda a Espanha. Diga-nos a sua localiza\u00e7\u00e3o e n\u00f3s dir-lhe-emos a oficina mais pr\u00f3xima!\" \/>\n<meta name=\"robots\" content=\"index, follow, max-snippet:-1, max-image-preview:large, max-video-preview:-1\" \/>\n<link rel=\"canonical\" href=\"https:\/\/jansen.es\/pt-pt\/rede-de-instaladores\/\" \/>\n<meta property=\"og:locale\" content=\"pt_PT\" \/>\n<meta property=\"og:type\" content=\"article\" \/>\n<meta property=\"og:title\" content=\"Red Jansteel - As melhores janelas e portas em a\u00e7o | Jansen\" \/>\n<meta property=\"og:description\" content=\"Jansteel, uma vasta rede de profissionais e peritos espalhados por toda a Espanha. Diga-nos a sua localiza\u00e7\u00e3o e n\u00f3s dir-lhe-emos a oficina mais pr\u00f3xima!\" \/>\n<meta property=\"og:site_name\" content=\"Jansen\" \/>\n<meta property=\"article:modified_time\" content=\"2022-10-24T10:02:17+00:00\" \/>\n<meta property=\"og:image\" content=\"https:\/\/jansen.es\/wp-content\/uploads\/2021\/11\/VG9F8478sel_baja.jpg\" \/>\n\t<meta property=\"og:image:width\" content=\"1198\" \/>\n\t<meta property=\"og:image:height\" content=\"799\" \/>\n\t<meta property=\"og:image:type\" content=\"image\/jpeg\" \/>\n<meta name=\"twitter:card\" content=\"summary_large_image\" \/>\n<meta name=\"twitter:label1\" content=\"Tempo estimado de leitura\" \/>\n\t<meta name=\"twitter:data1\" content=\"4 minutos\" \/>\n<script type=\"application\/ld+json\" class=\"yoast-schema-graph\">{\"@context\":\"https:\/\/schema.org\",\"@graph\":[{\"@type\":\"WebPage\",\"@id\":\"https:\/\/jansen.es\/pt-pt\/rede-de-instaladores\/\",\"url\":\"https:\/\/jansen.es\/pt-pt\/rede-de-instaladores\/\",\"name\":\"Red Jansteel - As melhores janelas e portas em a\u00e7o | Jansen\",\"isPartOf\":{\"@id\":\"https:\/\/jansen.es\/#website\"},\"primaryImageOfPage\":{\"@id\":\"https:\/\/jansen.es\/pt-pt\/rede-de-instaladores\/#primaryimage\"},\"image\":{\"@id\":\"https:\/\/jansen.es\/pt-pt\/rede-de-instaladores\/#primaryimage\"},\"thumbnailUrl\":\"https:\/\/jansen.es\/wp-content\/uploads\/2021\/11\/VG9F8478sel_baja.jpg\",\"datePublished\":\"2022-04-18T15:33:29+00:00\",\"dateModified\":\"2022-10-24T10:02:17+00:00\",\"description\":\"Jansteel, uma vasta rede de profissionais e peritos espalhados por toda a Espanha. Diga-nos a sua localiza\u00e7\u00e3o e n\u00f3s dir-lhe-emos a oficina mais pr\u00f3xima!\",\"breadcrumb\":{\"@id\":\"https:\/\/jansen.es\/pt-pt\/rede-de-instaladores\/#breadcrumb\"},\"inLanguage\":\"pt-PT\",\"potentialAction\":[{\"@type\":\"ReadAction\",\"target\":[\"https:\/\/jansen.es\/pt-pt\/rede-de-instaladores\/\"]}]},{\"@type\":\"ImageObject\",\"inLanguage\":\"pt-PT\",\"@id\":\"https:\/\/jansen.es\/pt-pt\/rede-de-instaladores\/#primaryimage\",\"url\":\"https:\/\/jansen.es\/wp-content\/uploads\/2021\/11\/VG9F8478sel_baja.jpg\",\"contentUrl\":\"https:\/\/jansen.es\/wp-content\/uploads\/2021\/11\/VG9F8478sel_baja.jpg\",\"width\":1198,\"height\":799},{\"@type\":\"BreadcrumbList\",\"@id\":\"https:\/\/jansen.es\/pt-pt\/rede-de-instaladores\/#breadcrumb\",\"itemListElement\":[{\"@type\":\"ListItem\",\"position\":1,\"name\":\"Inicio\",\"item\":\"https:\/\/jansen.es\/pt-pt\/\"},{\"@type\":\"ListItem\",\"position\":2,\"name\":\"Red Jansteel\"}]},{\"@type\":\"WebSite\",\"@id\":\"https:\/\/jansen.es\/#website\",\"url\":\"https:\/\/jansen.es\/\",\"name\":\"Jansen\",\"description\":\"Empresa l\u00edder en la fabricaci\u00f3n de perfiles de acero para puertas y ventanas\",\"publisher\":{\"@id\":\"https:\/\/jansen.es\/#organization\"},\"alternateName\":\"Jansen\",\"potentialAction\":[{\"@type\":\"SearchAction\",\"target\":{\"@type\":\"EntryPoint\",\"urlTemplate\":\"https:\/\/jansen.es\/?s={search_term_string}\"},\"query-input\":{\"@type\":\"PropertyValueSpecification\",\"valueRequired\":true,\"valueName\":\"search_term_string\"}}],\"inLanguage\":\"pt-PT\"},{\"@type\":\"Organization\",\"@id\":\"https:\/\/jansen.es\/#organization\",\"name\":\"Jansen\",\"alternateName\":\"Jansen\",\"url\":\"https:\/\/jansen.es\/\",\"logo\":{\"@type\":\"ImageObject\",\"inLanguage\":\"pt-PT\",\"@id\":\"https:\/\/jansen.es\/#\/schema\/logo\/image\/\",\"url\":\"https:\/\/jansen.es\/wp-content\/uploads\/2022\/04\/favicon_jansen.png\",\"contentUrl\":\"https:\/\/jansen.es\/wp-content\/uploads\/2022\/04\/favicon_jansen.png\",\"width\":238,\"height\":230,\"caption\":\"Jansen\"},\"image\":{\"@id\":\"https:\/\/jansen.es\/#\/schema\/logo\/image\/\"},\"sameAs\":[\"https:\/\/www.instagram.com\/janseniberia\/\",\"https:\/\/www.pinterest.es\/janseniberia\/_created\/\",\"https:\/\/www.linkedin.com\/company\/metalco-arquitectura-en-acero-s.l.\/\"]}]}<\/script>\n<!-- \/ Yoast SEO plugin. -->","yoast_head_json":{"title":"Red Jansteel - As melhores janelas e portas em a\u00e7o | Jansen","description":"Jansteel, uma vasta rede de profissionais e peritos espalhados por toda a Espanha. Diga-nos a sua localiza\u00e7\u00e3o e n\u00f3s dir-lhe-emos a oficina mais pr\u00f3xima!","robots":{"index":"index","follow":"follow","max-snippet":"max-snippet:-1","max-image-preview":"max-image-preview:large","max-video-preview":"max-video-preview:-1"},"canonical":"https:\/\/jansen.es\/pt-pt\/rede-de-instaladores\/","og_locale":"pt_PT","og_type":"article","og_title":"Red Jansteel - As melhores janelas e portas em a\u00e7o | Jansen","og_description":"Jansteel, uma vasta rede de profissionais e peritos espalhados por toda a Espanha. Diga-nos a sua localiza\u00e7\u00e3o e n\u00f3s dir-lhe-emos a oficina mais pr\u00f3xima!","og_site_name":"Jansen","article_modified_time":"2022-10-24T10:02:17+00:00","og_image":[{"width":1198,"height":799,"url":"https:\/\/jansen.es\/wp-content\/uploads\/2021\/11\/VG9F8478sel_baja.jpg","type":"image\/jpeg"}],"twitter_card":"summary_large_image","twitter_misc":{"Tempo estimado de leitura":"4 minutos"},"schema":{"@context":"https:\/\/schema.org","@graph":[{"@type":"WebPage","@id":"https:\/\/jansen.es\/pt-pt\/rede-de-instaladores\/","url":"https:\/\/jansen.es\/pt-pt\/rede-de-instaladores\/","name":"Red Jansteel - As melhores janelas e portas em a\u00e7o | Jansen","isPartOf":{"@id":"https:\/\/jansen.es\/#website"},"primaryImageOfPage":{"@id":"https:\/\/jansen.es\/pt-pt\/rede-de-instaladores\/#primaryimage"},"image":{"@id":"https:\/\/jansen.es\/pt-pt\/rede-de-instaladores\/#primaryimage"},"thumbnailUrl":"https:\/\/jansen.es\/wp-content\/uploads\/2021\/11\/VG9F8478sel_baja.jpg","datePublished":"2022-04-18T15:33:29+00:00","dateModified":"2022-10-24T10:02:17+00:00","description":"Jansteel, uma vasta rede de profissionais e peritos espalhados por toda a Espanha. Diga-nos a sua localiza\u00e7\u00e3o e n\u00f3s dir-lhe-emos a oficina mais pr\u00f3xima!","breadcrumb":{"@id":"https:\/\/jansen.es\/pt-pt\/rede-de-instaladores\/#breadcrumb"},"inLanguage":"pt-PT","potentialAction":[{"@type":"ReadAction","target":["https:\/\/jansen.es\/pt-pt\/rede-de-instaladores\/"]}]},{"@type":"ImageObject","inLanguage":"pt-PT","@id":"https:\/\/jansen.es\/pt-pt\/rede-de-instaladores\/#primaryimage","url":"https:\/\/jansen.es\/wp-content\/uploads\/2021\/11\/VG9F8478sel_baja.jpg","contentUrl":"https:\/\/jansen.es\/wp-content\/uploads\/2021\/11\/VG9F8478sel_baja.jpg","width":1198,"height":799},{"@type":"BreadcrumbList","@id":"https:\/\/jansen.es\/pt-pt\/rede-de-instaladores\/#breadcrumb","itemListElement":[{"@type":"ListItem","position":1,"name":"Inicio","item":"https:\/\/jansen.es\/pt-pt\/"},{"@type":"ListItem","position":2,"name":"Red Jansteel"}]},{"@type":"WebSite","@id":"https:\/\/jansen.es\/#website","url":"https:\/\/jansen.es\/","name":"Jansen","description":"Empresa l\u00edder en la fabricaci\u00f3n de perfiles de acero para puertas y ventanas","publisher":{"@id":"https:\/\/jansen.es\/#organization"},"alternateName":"Jansen","potentialAction":[{"@type":"SearchAction","target":{"@type":"EntryPoint","urlTemplate":"https:\/\/jansen.es\/?s={search_term_string}"},"query-input":{"@type":"PropertyValueSpecification","valueRequired":true,"valueName":"search_term_string"}}],"inLanguage":"pt-PT"},{"@type":"Organization","@id":"https:\/\/jansen.es\/#organization","name":"Jansen","alternateName":"Jansen","url":"https:\/\/jansen.es\/","logo":{"@type":"ImageObject","inLanguage":"pt-PT","@id":"https:\/\/jansen.es\/#\/schema\/logo\/image\/","url":"https:\/\/jansen.es\/wp-content\/uploads\/2022\/04\/favicon_jansen.png","contentUrl":"https:\/\/jansen.es\/wp-content\/uploads\/2022\/04\/favicon_jansen.png","width":238,"height":230,"caption":"Jansen"},"image":{"@id":"https:\/\/jansen.es\/#\/schema\/logo\/image\/"},"sameAs":["https:\/\/www.instagram.com\/janseniberia\/","https:\/\/www.pinterest.es\/janseniberia\/_created\/","https:\/\/www.linkedin.com\/company\/metalco-arquitectura-en-acero-s.l.\/"]}]}},"_links":{"self":[{"href":"https:\/\/jansen.es\/pt-pt\/wp-json\/wp\/v2\/pages\/5119","targetHints":{"allow":["GET"]}}],"collection":[{"href":"https:\/\/jansen.es\/pt-pt\/wp-json\/wp\/v2\/pages"}],"about":[{"href":"https:\/\/jansen.es\/pt-pt\/wp-json\/wp\/v2\/types\/page"}],"author":[{"embeddable":true,"href":"https:\/\/jansen.es\/pt-pt\/wp-json\/wp\/v2\/users\/1"}],"replies":[{"embeddable":true,"href":"https:\/\/jansen.es\/pt-pt\/wp-json\/wp\/v2\/comments?post=5119"}],"version-history":[{"count":28,"href":"https:\/\/jansen.es\/pt-pt\/wp-json\/wp\/v2\/pages\/5119\/revisions"}],"predecessor-version":[{"id":6429,"href":"https:\/\/jansen.es\/pt-pt\/wp-json\/wp\/v2\/pages\/5119\/revisions\/6429"}],"wp:featuredmedia":[{"embeddable":true,"href":"https:\/\/jansen.es\/pt-pt\/wp-json\/wp\/v2\/media\/1290"}],"wp:attachment":[{"href":"https:\/\/jansen.es\/pt-pt\/wp-json\/wp\/v2\/media?parent=5119"}],"curies":[{"name":"wp","href":"https:\/\/api.w.org\/{rel}","templated":true}]}}