{"id":5126,"date":"2022-04-18T15:34:20","date_gmt":"2022-04-18T15:34:20","guid":{"rendered":"https:\/\/jansen.es\/jansen-docucenter-3\/"},"modified":"2022-06-02T16:09:43","modified_gmt":"2022-06-02T14:09:43","slug":"jansen-docucenter-3","status":"publish","type":"page","link":"https:\/\/jansen.es\/pt-pt\/jansen-docucenter-3\/","title":{"rendered":"Jansen DocuCenter"},"content":{"rendered":"<p>[et_pb_section fb_built=&#8221;1&#8243; _builder_version=&#8221;4.16&#8243; _module_preset=&#8221;default&#8221; use_background_color_gradient=&#8221;on&#8221; background_color_gradient_stops=&#8221;rgba(0,0,0,0.72) 0%|rgba(0,0,0,0.42) 100%&#8221; background_color_gradient_overlays_image=&#8221;on&#8221; background_color_gradient_start=&#8221;rgba(0,0,0,0.72)&#8221; background_color_gradient_end=&#8221;rgba(0,0,0,0.42)&#8221; background_image=&#8221;https:\/\/jansen.es\/wp-content\/uploads\/2021\/11\/fotomaria3.jpg&#8221; custom_padding=&#8221;96px||96px||true|false&#8221; global_colors_info=&#8221;{}&#8221;][et_pb_row _builder_version=&#8221;4.16&#8243; _module_preset=&#8221;default&#8221; global_colors_info=&#8221;{}&#8221;][et_pb_column type=&#8221;4_4&#8243; _builder_version=&#8221;4.16&#8243; _module_preset=&#8221;default&#8221; global_colors_info=&#8221;{}&#8221;][et_pb_de_mach_acf_item acf_name=&#8221;field_619ba2a9c2718&#8243; show_label=&#8221;off&#8221; _builder_version=&#8221;4.16&#8243; _module_preset=&#8221;default&#8221; title_css_text_align=&#8221;center&#8221; title_css_text_color=&#8221;#FFFFFF&#8221; custom_margin=&#8221;||12px|||&#8221; global_colors_info=&#8221;{}&#8221;][\/et_pb_de_mach_acf_item][et_pb_text _builder_version=&#8221;4.16&#8243; _dynamic_attributes=&#8221;content&#8221; _module_preset=&#8221;default&#8221; header_2_text_align=&#8221;center&#8221; header_2_text_color=&#8221;#FFFFFF&#8221; custom_margin=&#8221;||0px|||&#8221; global_colors_info=&#8221;{}&#8221;]@ET-DC@eyJkeW5hbWljIjp0cnVlLCJjb250ZW50IjoicG9zdF90aXRsZSIsInNldHRpbmdzIjp7ImJlZm9yZSI6IjxoMj4iLCJhZnRlciI6IjwvaDI+In19@[\/et_pb_text][et_pb_text _builder_version=&#8221;4.16&#8243; _module_preset=&#8221;default&#8221; text_font=&#8221;Arapey||||||||&#8221; text_text_color=&#8221;#FFFFFF&#8221; text_font_size=&#8221;20px&#8221; header_2_text_align=&#8221;center&#8221; header_2_text_color=&#8221;#FFFFFF&#8221; text_orientation=&#8221;center&#8221; global_colors_info=&#8221;{}&#8221;]<\/p>\n<p>BIBLIOTECA DE DOCUMENTA\u00c7\u00c3O JANSEN<\/p>\n<p>[\/et_pb_text][et_pb_text module_class=&#8221;migas-custome&#8221; _builder_version=&#8221;4.17.1&#8243; _module_preset=&#8221;default&#8221; text_font=&#8221;||on||||||&#8221; text_text_color=&#8221;#FFFFFF&#8221; text_font_size=&#8221;12px&#8221; text_orientation=&#8221;center&#8221; global_colors_info=&#8221;{}&#8221; global_module=&#8221;6025&#8243; theme_builder_area=&#8221;post_content&#8221;]<\/p>\n<span><span><a href=\"https:\/\/jansen.es\/pt-pt\/\">Inicio<\/a><\/span><\/span>\n<p>[\/et_pb_text][\/et_pb_column][\/et_pb_row][\/et_pb_section][et_pb_section fb_built=&#8221;1&#8243; _builder_version=&#8221;4.16&#8243; _module_preset=&#8221;default&#8221; custom_padding=&#8221;45px||45px||true|false&#8221; global_colors_info=&#8221;{}&#8221;][et_pb_row make_equal=&#8221;on&#8221; _builder_version=&#8221;4.16&#8243; _module_preset=&#8221;default&#8221; width=&#8221;90%&#8221; global_colors_info=&#8221;{}&#8221;][et_pb_column type=&#8221;4_4&#8243; _builder_version=&#8221;4.16&#8243; _module_preset=&#8221;default&#8221; global_colors_info=&#8221;{}&#8221;][et_pb_text _builder_version=&#8221;4.16&#8243; _module_preset=&#8221;default&#8221; header_2_font=&#8221;Arapey|600|||||||&#8221; global_colors_info=&#8221;{}&#8221;]<\/p>\n<h2>Tudo num s\u00f3 lugar<\/h2>\n<p>Na nossa plataforma de documenta\u00e7\u00e3o interativa pode encontrar toda a informa\u00e7\u00e3o sobre os nossos sistemas Jansen.<\/p>\n<p>Uma aut\u00eantica biblioteca digital que facilita a procura de informa\u00e7\u00e3o atrav\u00e9s dos seus cat\u00e1logos, relat\u00f3rios t\u00e9cnicos, v\u00eddeos de fabrico, ficheiros CAD e certificados entre muitos outros documentos.<\/p>\n<p>Encontre uma sua solu\u00e7\u00e3o Jansen!<\/p>\n<p>[\/et_pb_text][\/et_pb_column][\/et_pb_row][et_pb_row column_structure=&#8221;1_4,3_4&#8243; use_custom_gutter=&#8221;on&#8221; make_equal=&#8221;on&#8221; _builder_version=&#8221;4.16&#8243; _module_preset=&#8221;default&#8221; width=&#8221;90%&#8221; global_colors_info=&#8221;{}&#8221;][et_pb_column type=&#8221;1_4&#8243; _builder_version=&#8221;4.16&#8243; _module_preset=&#8221;default&#8221; custom_padding=&#8221;80px||80px||true|false&#8221; custom_padding_tablet=&#8221;80px||80px||true|false&#8221; custom_padding_phone=&#8221;0px||0px||true|false&#8221; custom_padding_last_edited=&#8221;on|phone&#8221; global_colors_info=&#8221;{}&#8221;][et_pb_text _builder_version=&#8221;4.16&#8243; _module_preset=&#8221;default&#8221; header_font=&#8221;|600|||||||&#8221; header_font_size=&#8221;32px&#8221; global_colors_info=&#8221;{}&#8221;]<\/p>\n<div id=\"header\">\n<h1 id=\"logoCont\"><img decoding=\"async\" id=\"logo\" onmousedown=\"return false\" src=\"https:\/\/docucenter.jansen.com\/jansen\/img\/jansen-logo.svg\"><\/h1>\n<h1><span id=\"logoText\">Centro Docu<\/span><\/h1>\n<\/div>\n<p>[\/et_pb_text][\/et_pb_column][et_pb_column type=&#8221;3_4&#8243; _builder_version=&#8221;4.16&#8243; _module_preset=&#8221;default&#8221; background_image=&#8221;https:\/\/jansen.es\/wp-content\/uploads\/2022\/02\/docucenter2-scaled.jpg&#8221; transform_scale=&#8221;111%|111%&#8221; custom_padding=&#8221;80px||80px||true|false&#8221; global_colors_info=&#8221;{}&#8221;][et_pb_button button_url=&#8221;https:\/\/docucenter.jansen.com\/jansen\/mobile\/login.php?LID=en&#038;_=48444656&#8243; url_new_window=&#8221;on&#8221; button_text=&#8221;Iniciar sess\u00e3o&#8221; button_alignment=&#8221;right&#8221; _builder_version=&#8221;4.16&#8243; _module_preset=&#8221;default&#8221; custom_button=&#8221;on&#8221; button_icon=&#8221;&#x35;||divi||400&#8243; button_icon_placement=&#8221;left&#8221; button_on_hover=&#8221;off&#8221; transform_scale=&#8221;113%|113%&#8221; transform_scale_tablet=&#8221;113%|113%&#8221; transform_scale_phone=&#8221;113%|113%&#8221; transform_scale_last_edited=&#8221;on|desktop&#8221; transform_translate=&#8221;-103px|32px&#8221; transform_translate_tablet=&#8221;-103px|32px&#8221; transform_translate_phone=&#8221;-103px|32px&#8221; transform_translate_last_edited=&#8221;on|desktop&#8221; transform_rotate_tablet=&#8221;&#8221; transform_rotate_phone=&#8221;&#8221; transform_rotate_last_edited=&#8221;on|desktop&#8221; transform_skew_tablet=&#8221;&#8221; transform_skew_phone=&#8221;&#8221; transform_skew_last_edited=&#8221;on|desktop&#8221; transform_origin=&#8221;56%|50%&#8221; transform_origin_tablet=&#8221;56%|50%&#8221; transform_origin_phone=&#8221;56%|50%&#8221; transform_origin_last_edited=&#8221;on|desktop&#8221; transform_styles_last_edited=&#8221;on|desktop&#8221; custom_padding=&#8221;||||false|false&#8221; transform_styles_tablet=&#8221;&#8221; transform_styles_phone=&#8221;&#8221; global_colors_info=&#8221;{}&#8221;][\/et_pb_button][\/et_pb_column][\/et_pb_row][\/et_pb_section]<\/p>\n","protected":false},"excerpt":{"rendered":"<p>BIBLIOTECA DE DOCUMENTA\u00c7\u00c3O JANSEN <span><span><a href=\"https:\/\/jansen.es\/pt-pt\/\">Inicio<\/a><\/span><\/span> Tudo num s\u00f3 lugar Na nossa plataforma de documenta\u00e7\u00e3o interativa pode encontrar toda a informa\u00e7\u00e3o sobre os nossos sistemas Jansen. Uma aut\u00eantica biblioteca digital que facilita a procura de informa\u00e7\u00e3o atrav\u00e9s dos seus cat\u00e1logos, relat\u00f3rios t\u00e9cnicos, v\u00eddeos de fabrico, ficheiros CAD e certificados entre muitos outros documentos. Encontre uma sua [&hellip;]<\/p>\n","protected":false},"author":1,"featured_media":0,"parent":0,"menu_order":0,"comment_status":"closed","ping_status":"closed","template":"","meta":{"_et_pb_use_builder":"on","_et_pb_old_content":"","_et_gb_content_width":"","footnotes":""},"class_list":["post-5126","page","type-page","status-publish","hentry"],"acf":[],"yoast_head":"<!-- This site is optimized with the Yoast SEO plugin v26.8 - https:\/\/yoast.com\/product\/yoast-seo-wordpress\/ -->\n<title>Jansen DocuCenter - Jansen<\/title>\n<meta name=\"robots\" content=\"index, follow, max-snippet:-1, max-image-preview:large, max-video-preview:-1\" \/>\n<link rel=\"canonical\" href=\"https:\/\/jansen.es\/pt-pt\/jansen-docucenter-3\/\" \/>\n<meta property=\"og:locale\" content=\"pt_PT\" \/>\n<meta property=\"og:type\" content=\"article\" \/>\n<meta property=\"og:title\" content=\"Jansen DocuCenter - Jansen\" \/>\n<meta property=\"og:description\" content=\"BIBLIOTECA DE DOCUMENTA\u00c7\u00c3O JANSEN Tudo num s\u00f3 lugar Na nossa plataforma de documenta\u00e7\u00e3o interativa pode encontrar toda a informa\u00e7\u00e3o sobre os nossos sistemas Jansen. Uma aut\u00eantica biblioteca digital que facilita a procura de informa\u00e7\u00e3o atrav\u00e9s dos seus cat\u00e1logos, relat\u00f3rios t\u00e9cnicos, v\u00eddeos de fabrico, ficheiros CAD e certificados entre muitos outros documentos. Encontre uma sua [&hellip;]\" \/>\n<meta property=\"og:site_name\" content=\"Jansen\" \/>\n<meta property=\"article:modified_time\" content=\"2022-06-02T14:09:43+00:00\" \/>\n<meta property=\"og:image\" content=\"https:\/\/docucenter.jansen.com\/jansen\/img\/jansen-logo.svg\" \/>\n<meta name=\"twitter:card\" content=\"summary_large_image\" \/>\n<meta name=\"twitter:label1\" content=\"Tempo estimado de leitura\" \/>\n\t<meta name=\"twitter:data1\" content=\"3 minutos\" \/>\n<script type=\"application\/ld+json\" class=\"yoast-schema-graph\">{\"@context\":\"https:\/\/schema.org\",\"@graph\":[{\"@type\":\"WebPage\",\"@id\":\"https:\/\/jansen.es\/pt-pt\/jansen-docucenter-3\/\",\"url\":\"https:\/\/jansen.es\/pt-pt\/jansen-docucenter-3\/\",\"name\":\"Jansen DocuCenter - Jansen\",\"isPartOf\":{\"@id\":\"https:\/\/jansen.es\/#website\"},\"primaryImageOfPage\":{\"@id\":\"https:\/\/jansen.es\/pt-pt\/jansen-docucenter-3\/#primaryimage\"},\"image\":{\"@id\":\"https:\/\/jansen.es\/pt-pt\/jansen-docucenter-3\/#primaryimage\"},\"thumbnailUrl\":\"https:\/\/docucenter.jansen.com\/jansen\/img\/jansen-logo.svg\",\"datePublished\":\"2022-04-18T15:34:20+00:00\",\"dateModified\":\"2022-06-02T14:09:43+00:00\",\"breadcrumb\":{\"@id\":\"https:\/\/jansen.es\/pt-pt\/jansen-docucenter-3\/#breadcrumb\"},\"inLanguage\":\"pt-PT\",\"potentialAction\":[{\"@type\":\"ReadAction\",\"target\":[\"https:\/\/jansen.es\/pt-pt\/jansen-docucenter-3\/\"]}]},{\"@type\":\"ImageObject\",\"inLanguage\":\"pt-PT\",\"@id\":\"https:\/\/jansen.es\/pt-pt\/jansen-docucenter-3\/#primaryimage\",\"url\":\"https:\/\/docucenter.jansen.com\/jansen\/img\/jansen-logo.svg\",\"contentUrl\":\"https:\/\/docucenter.jansen.com\/jansen\/img\/jansen-logo.svg\"},{\"@type\":\"BreadcrumbList\",\"@id\":\"https:\/\/jansen.es\/pt-pt\/jansen-docucenter-3\/#breadcrumb\",\"itemListElement\":[{\"@type\":\"ListItem\",\"position\":1,\"name\":\"Inicio\",\"item\":\"https:\/\/jansen.es\/pt-pt\/\"},{\"@type\":\"ListItem\",\"position\":2,\"name\":\"Jansen DocuCenter\"}]},{\"@type\":\"WebSite\",\"@id\":\"https:\/\/jansen.es\/#website\",\"url\":\"https:\/\/jansen.es\/\",\"name\":\"Jansen\",\"description\":\"Empresa l\u00edder en la fabricaci\u00f3n de perfiles de acero para puertas y ventanas\",\"publisher\":{\"@id\":\"https:\/\/jansen.es\/#organization\"},\"alternateName\":\"Jansen\",\"potentialAction\":[{\"@type\":\"SearchAction\",\"target\":{\"@type\":\"EntryPoint\",\"urlTemplate\":\"https:\/\/jansen.es\/?s={search_term_string}\"},\"query-input\":{\"@type\":\"PropertyValueSpecification\",\"valueRequired\":true,\"valueName\":\"search_term_string\"}}],\"inLanguage\":\"pt-PT\"},{\"@type\":\"Organization\",\"@id\":\"https:\/\/jansen.es\/#organization\",\"name\":\"Jansen\",\"alternateName\":\"Jansen\",\"url\":\"https:\/\/jansen.es\/\",\"logo\":{\"@type\":\"ImageObject\",\"inLanguage\":\"pt-PT\",\"@id\":\"https:\/\/jansen.es\/#\/schema\/logo\/image\/\",\"url\":\"https:\/\/jansen.es\/wp-content\/uploads\/2022\/04\/favicon_jansen.png\",\"contentUrl\":\"https:\/\/jansen.es\/wp-content\/uploads\/2022\/04\/favicon_jansen.png\",\"width\":238,\"height\":230,\"caption\":\"Jansen\"},\"image\":{\"@id\":\"https:\/\/jansen.es\/#\/schema\/logo\/image\/\"},\"sameAs\":[\"https:\/\/www.instagram.com\/janseniberia\/\",\"https:\/\/www.pinterest.es\/janseniberia\/_created\/\",\"https:\/\/www.linkedin.com\/company\/metalco-arquitectura-en-acero-s.l.\/\"]}]}<\/script>\n<!-- \/ Yoast SEO plugin. -->","yoast_head_json":{"title":"Jansen DocuCenter - Jansen","robots":{"index":"index","follow":"follow","max-snippet":"max-snippet:-1","max-image-preview":"max-image-preview:large","max-video-preview":"max-video-preview:-1"},"canonical":"https:\/\/jansen.es\/pt-pt\/jansen-docucenter-3\/","og_locale":"pt_PT","og_type":"article","og_title":"Jansen DocuCenter - Jansen","og_site_name":"Jansen","article_modified_time":"2022-06-02T14:09:43+00:00","og_image":[{"url":"https:\/\/docucenter.jansen.com\/jansen\/img\/jansen-logo.svg","type":"","width":"","height":""}],"twitter_card":"summary_large_image","twitter_misc":{"Tempo estimado de leitura":"3 minutos"},"schema":{"@context":"https:\/\/schema.org","@graph":[{"@type":"WebPage","@id":"https:\/\/jansen.es\/pt-pt\/jansen-docucenter-3\/","url":"https:\/\/jansen.es\/pt-pt\/jansen-docucenter-3\/","name":"Jansen DocuCenter - Jansen","isPartOf":{"@id":"https:\/\/jansen.es\/#website"},"primaryImageOfPage":{"@id":"https:\/\/jansen.es\/pt-pt\/jansen-docucenter-3\/#primaryimage"},"image":{"@id":"https:\/\/jansen.es\/pt-pt\/jansen-docucenter-3\/#primaryimage"},"thumbnailUrl":"https:\/\/docucenter.jansen.com\/jansen\/img\/jansen-logo.svg","datePublished":"2022-04-18T15:34:20+00:00","dateModified":"2022-06-02T14:09:43+00:00","breadcrumb":{"@id":"https:\/\/jansen.es\/pt-pt\/jansen-docucenter-3\/#breadcrumb"},"inLanguage":"pt-PT","potentialAction":[{"@type":"ReadAction","target":["https:\/\/jansen.es\/pt-pt\/jansen-docucenter-3\/"]}]},{"@type":"ImageObject","inLanguage":"pt-PT","@id":"https:\/\/jansen.es\/pt-pt\/jansen-docucenter-3\/#primaryimage","url":"https:\/\/docucenter.jansen.com\/jansen\/img\/jansen-logo.svg","contentUrl":"https:\/\/docucenter.jansen.com\/jansen\/img\/jansen-logo.svg"},{"@type":"BreadcrumbList","@id":"https:\/\/jansen.es\/pt-pt\/jansen-docucenter-3\/#breadcrumb","itemListElement":[{"@type":"ListItem","position":1,"name":"Inicio","item":"https:\/\/jansen.es\/pt-pt\/"},{"@type":"ListItem","position":2,"name":"Jansen DocuCenter"}]},{"@type":"WebSite","@id":"https:\/\/jansen.es\/#website","url":"https:\/\/jansen.es\/","name":"Jansen","description":"Empresa l\u00edder en la fabricaci\u00f3n de perfiles de acero para puertas y ventanas","publisher":{"@id":"https:\/\/jansen.es\/#organization"},"alternateName":"Jansen","potentialAction":[{"@type":"SearchAction","target":{"@type":"EntryPoint","urlTemplate":"https:\/\/jansen.es\/?s={search_term_string}"},"query-input":{"@type":"PropertyValueSpecification","valueRequired":true,"valueName":"search_term_string"}}],"inLanguage":"pt-PT"},{"@type":"Organization","@id":"https:\/\/jansen.es\/#organization","name":"Jansen","alternateName":"Jansen","url":"https:\/\/jansen.es\/","logo":{"@type":"ImageObject","inLanguage":"pt-PT","@id":"https:\/\/jansen.es\/#\/schema\/logo\/image\/","url":"https:\/\/jansen.es\/wp-content\/uploads\/2022\/04\/favicon_jansen.png","contentUrl":"https:\/\/jansen.es\/wp-content\/uploads\/2022\/04\/favicon_jansen.png","width":238,"height":230,"caption":"Jansen"},"image":{"@id":"https:\/\/jansen.es\/#\/schema\/logo\/image\/"},"sameAs":["https:\/\/www.instagram.com\/janseniberia\/","https:\/\/www.pinterest.es\/janseniberia\/_created\/","https:\/\/www.linkedin.com\/company\/metalco-arquitectura-en-acero-s.l.\/"]}]}},"_links":{"self":[{"href":"https:\/\/jansen.es\/pt-pt\/wp-json\/wp\/v2\/pages\/5126","targetHints":{"allow":["GET"]}}],"collection":[{"href":"https:\/\/jansen.es\/pt-pt\/wp-json\/wp\/v2\/pages"}],"about":[{"href":"https:\/\/jansen.es\/pt-pt\/wp-json\/wp\/v2\/types\/page"}],"author":[{"embeddable":true,"href":"https:\/\/jansen.es\/pt-pt\/wp-json\/wp\/v2\/users\/1"}],"replies":[{"embeddable":true,"href":"https:\/\/jansen.es\/pt-pt\/wp-json\/wp\/v2\/comments?post=5126"}],"version-history":[{"count":5,"href":"https:\/\/jansen.es\/pt-pt\/wp-json\/wp\/v2\/pages\/5126\/revisions"}],"predecessor-version":[{"id":6031,"href":"https:\/\/jansen.es\/pt-pt\/wp-json\/wp\/v2\/pages\/5126\/revisions\/6031"}],"wp:attachment":[{"href":"https:\/\/jansen.es\/pt-pt\/wp-json\/wp\/v2\/media?parent=5126"}],"curies":[{"name":"wp","href":"https:\/\/api.w.org\/{rel}","templated":true}]}}