{"id":9058,"date":"2024-06-14T10:03:30","date_gmt":"2024-06-14T08:03:30","guid":{"rendered":"https:\/\/jansen.es\/?page_id=9058"},"modified":"2024-06-14T12:04:22","modified_gmt":"2024-06-14T10:04:22","slug":"vantagens-do-aco","status":"publish","type":"page","link":"https:\/\/jansen.es\/pt-pt\/vantagens-do-aco\/","title":{"rendered":"vantagens do a\u00e7o"},"content":{"rendered":"<p>[et_pb_section fb_built=&#8221;1&#8243; _builder_version=&#8221;4.25.0&#8243; _module_preset=&#8221;default&#8221; background_color=&#8221;#000000&#8243; width_tablet=&#8221;&#8221; width_phone=&#8221;&#8221; width_last_edited=&#8221;on|desktop&#8221; min_height=&#8221;148px&#8221; min_height_tablet=&#8221;30px&#8221; min_height_phone=&#8221;30px&#8221; min_height_last_edited=&#8221;on|phone&#8221; height=&#8221;148px&#8221; height_tablet=&#8221;30px&#8221; height_phone=&#8221;30px&#8221; height_last_edited=&#8221;on|phone&#8221; custom_margin=&#8221;||60px||false|false&#8221; custom_margin_tablet=&#8221;||40px||false|false&#8221; custom_margin_phone=&#8221;||0px||false|false&#8221; custom_margin_last_edited=&#8221;on|phone&#8221; locked=&#8221;off&#8221; global_colors_info=&#8221;{}&#8221;][\/et_pb_section][et_pb_section fb_built=&#8221;1&#8243; _builder_version=&#8221;4.25.0&#8243; _module_preset=&#8221;default&#8221; custom_margin=&#8221;0px||||false|false&#8221; custom_margin_tablet=&#8221;0px||||false|false&#8221; custom_margin_phone=&#8221;0px||||false|false&#8221; custom_margin_last_edited=&#8221;on|phone&#8221; locked=&#8221;off&#8221; global_colors_info=&#8221;{}&#8221;][et_pb_row _builder_version=&#8221;4.25.0&#8243; _module_preset=&#8221;default&#8221; custom_margin=&#8221;||||false|false&#8221; global_colors_info=&#8221;{}&#8221;][et_pb_column type=&#8221;4_4&#8243; _builder_version=&#8221;4.25.0&#8243; _module_preset=&#8221;default&#8221; global_colors_info=&#8221;{}&#8221;][et_pb_heading title=&#8221;Acero. El material de Obras Maestras&#8221; _builder_version=&#8221;4.25.0&#8243; _module_preset=&#8221;default&#8221; title_font=&#8221;Jansen-News|800|||||||&#8221; title_text_align=&#8221;left&#8221; title_text_color=&#8221;#383838&#8243; title_font_size=&#8221;34px&#8221; title_line_height=&#8221;1.3em&#8221; width=&#8221;100%&#8221; module_alignment=&#8221;left&#8221; custom_margin=&#8221;0px|0px|10px|0px|false|false&#8221; custom_padding=&#8221;0px|0px|0px|0px|false|false&#8221; title_font_tablet=&#8221;Jansen-News|800|||||||&#8221; title_font_phone=&#8221;Jansen-News|800|||||||&#8221; title_font_last_edited=&#8221;on|tablet&#8221; title_font_size_tablet=&#8221;32px&#8221; title_font_size_phone=&#8221;32px&#8221; title_font_size_last_edited=&#8221;on|phone&#8221; global_colors_info=&#8221;{}&#8221;][\/et_pb_heading][et_pb_text _builder_version=&#8221;4.25.0&#8243; _module_preset=&#8221;default&#8221; text_font=&#8221;Arapey|700|||||||&#8221; text_font_size=&#8221;22px&#8221; header_font=&#8221;|700|||||||&#8221; header_text_align=&#8221;center&#8221; custom_margin=&#8221;||30px||false|false&#8221; custom_padding=&#8221;8px||8px||true|false&#8221; global_colors_info=&#8221;{%22gcid-95d9c3fb-c5be-4770-a10b-4944b7b3c72d%22:%91%22text_text_color%22%93,%22gcid-88148382-a86f-42ca-b628-0f77d3caedc5%22:%91%22header_text_color%22%93}&#8221;]<\/p>\n<p><em>Descubra la interacci\u00f3n entre forma, funci\u00f3n y sostenibilidad.<\/em><\/p>\n<p>[\/et_pb_text][et_pb_text _builder_version=&#8221;4.25.0&#8243; _module_preset=&#8221;default&#8221; text_text_color=&#8221;gcid-95d9c3fb-c5be-4770-a10b-4944b7b3c72d&#8221; text_font_size=&#8221;18px&#8221; text_line_height=&#8221;1.8em&#8221; header_text_color=&#8221;gcid-88148382-a86f-42ca-b628-0f77d3caedc5&#8243; text_font_size_tablet=&#8221;18px&#8221; text_font_size_phone=&#8221;18px&#8221; text_font_size_last_edited=&#8221;on|phone&#8221; global_colors_info=&#8221;{%22gcid-95d9c3fb-c5be-4770-a10b-4944b7b3c72d%22:%91%22text_text_color%22%93,%22gcid-88148382-a86f-42ca-b628-0f77d3caedc5%22:%91%22header_text_color%22%93}&#8221;]<\/p>\n<p>Sum\u00e9rgete en un mundo en el que el dise\u00f1o visionario, la arquitectura sostenible y la seguridad inquebrantable crean una sinfon\u00eda de arquitectura. Descubra c\u00f3mo el acero permite combinar un dise\u00f1o de futuro con respeto ecol\u00f3gico, garantizando siempre protecci\u00f3n y seguridad. Experimente el material de las obras maestras.<\/p>\n<p>[\/et_pb_text][\/et_pb_column][\/et_pb_row][et_pb_row column_structure=&#8221;1_2,1_2&#8243; _builder_version=&#8221;4.25.0&#8243; _module_preset=&#8221;default&#8221; global_colors_info=&#8221;{}&#8221;][et_pb_column type=&#8221;1_2&#8243; _builder_version=&#8221;4.25.0&#8243; _module_preset=&#8221;default&#8221; global_colors_info=&#8221;{}&#8221;][et_pb_image src=&#8221;https:\/\/jansen.es\/wp-content\/uploads\/2024\/05\/mdm-teaser-3.jpg&#8221; title_text=&#8221;mdm-teaser-3&#8243; url=&#8221;https:\/\/www.jansen.com\/en\/building-systems-profile-systems-steel\/topics\/advantages-of-steel\/safety-protection.html&#8221; _builder_version=&#8221;4.25.0&#8243; _module_preset=&#8221;default&#8221; global_colors_info=&#8221;{}&#8221;][\/et_pb_image][\/et_pb_column][et_pb_column type=&#8221;1_2&#8243; _builder_version=&#8221;4.25.0&#8243; _module_preset=&#8221;default&#8221; global_colors_info=&#8221;{}&#8221;][et_pb_heading title=&#8221;El acero es seguro.&#8221; admin_label=&#8221;T\u00edtulo&#8221; _builder_version=&#8221;4.25.0&#8243; _module_preset=&#8221;default&#8221; title_level=&#8221;h2&#8243; title_font=&#8221;Jansen-News|800|||||||&#8221; title_text_color=&#8221;gcid-650921a2-2eba-4283-a6e6-fb2ffa7ca9ad&#8221; title_font_size=&#8221;34px&#8221; title_line_height=&#8221;1.2em&#8221; custom_margin=&#8221;61px||||false|false&#8221; title_font_tablet=&#8221;Jansen-News|800|||||||&#8221; title_font_phone=&#8221;Jansen-News|800|||||||&#8221; title_font_last_edited=&#8221;on|phone&#8221; global_colors_info=&#8221;{%22gcid-650921a2-2eba-4283-a6e6-fb2ffa7ca9ad%22:%91%22title_text_color%22%93}&#8221;][\/et_pb_heading][et_pb_text _builder_version=&#8221;4.25.0&#8243; _module_preset=&#8221;default&#8221; text_font=&#8221;Arapey|700|||||||&#8221; text_font_size=&#8221;22px&#8221; header_font=&#8221;|700|||||||&#8221; header_text_align=&#8221;center&#8221; custom_margin=&#8221;||40px||false|false&#8221; custom_padding=&#8221;0px||0px||true|false&#8221; global_colors_info=&#8221;{}&#8221;]<\/p>\n<p><em>Seguridad &amp; Protecci\u00f3n<\/em><\/p>\n<p>[\/et_pb_text][et_pb_text _builder_version=&#8221;4.25.0&#8243; _module_preset=&#8221;default&#8221; custom_margin=&#8221;||41px|||&#8221; global_colors_info=&#8221;{}&#8221;]<\/p>\n<p>Descubre el acero: El material de la seguridad. Ya sea por su alto punto de fusi\u00f3n, su resistencia a los g\u00e9rmenes, su resistencia a los \u00e1cidos o su resistencia a la deformaci\u00f3n, acero es sin\u00f3nimo de protecci\u00f3n y confiabilidad.<\/p>\n<p>[\/et_pb_text][et_pb_button button_url=&#8221;@ET-DC@eyJkeW5hbWljIjp0cnVlLCJjb250ZW50IjoicG9zdF9saW5rX3VybF9wYWdlIiwic2V0dGluZ3MiOnsicG9zdF9pZCI6Ijg4MzIifX0=@&#8221; button_text=&#8221;M\u00e1s sobre Seguridad &#038; Protecci\u00f3n&#8221; _builder_version=&#8221;4.25.0&#8243; _dynamic_attributes=&#8221;button_url&#8221; _module_preset=&#8221;default&#8221; global_colors_info=&#8221;{}&#8221;][\/et_pb_button][\/et_pb_column][\/et_pb_row][et_pb_row column_structure=&#8221;1_2,1_2&#8243; _builder_version=&#8221;4.25.0&#8243; _module_preset=&#8221;default&#8221; global_colors_info=&#8221;{}&#8221;][et_pb_column type=&#8221;1_2&#8243; _builder_version=&#8221;4.25.0&#8243; _module_preset=&#8221;default&#8221; global_colors_info=&#8221;{}&#8221;][et_pb_image src=&#8221;https:\/\/jansen.es\/wp-content\/uploads\/2024\/05\/mdm-teaser-2.jpg&#8221; title_text=&#8221;mdm-teaser-2&#8243; url=&#8221;https:\/\/www.jansen.com\/en\/building-systems-profile-systems-steel\/topics\/advantages-of-steel\/architectural-creativity.html&#8221; src_tablet=&#8221;https:\/\/jansen.es\/wp-content\/uploads\/2024\/05\/mdm-teaser-2.jpg&#8221; src_phone=&#8221;https:\/\/jansen.es\/wp-content\/uploads\/2024\/05\/mdm-teaser-2.jpg&#8221; src_last_edited=&#8221;on|desktop&#8221; disabled_on=&#8221;off|off|on&#8221; _builder_version=&#8221;4.25.0&#8243; _module_preset=&#8221;default&#8221; global_colors_info=&#8221;{}&#8221;][\/et_pb_image][et_pb_heading title=&#8221;Arquitectura creativa&#8221; admin_label=&#8221;T\u00edtulo&#8221; _builder_version=&#8221;4.25.0&#8243; _module_preset=&#8221;default&#8221; title_level=&#8221;h2&#8243; title_font=&#8221;Jansen-News|800|||||||&#8221; title_text_color=&#8221;gcid-650921a2-2eba-4283-a6e6-fb2ffa7ca9ad&#8221; title_font_size=&#8221;34px&#8221; title_line_height=&#8221;1.2em&#8221; custom_margin=&#8221;61px||||false|false&#8221; title_font_tablet=&#8221;Jansen-News|800|||||||&#8221; title_font_phone=&#8221;Jansen-News|800|||||||&#8221; title_font_last_edited=&#8221;on|phone&#8221; global_colors_info=&#8221;{%22gcid-650921a2-2eba-4283-a6e6-fb2ffa7ca9ad%22:%91%22title_text_color%22,%22title_text_color%22%93}&#8221;][\/et_pb_heading][et_pb_text _builder_version=&#8221;4.25.0&#8243; _module_preset=&#8221;default&#8221; text_font=&#8221;Arapey|700|||||||&#8221; text_font_size=&#8221;22px&#8221; header_font=&#8221;|700|||||||&#8221; header_text_align=&#8221;center&#8221; custom_margin=&#8221;||40px||false|false&#8221; custom_padding=&#8221;0px||0px||true|false&#8221; global_colors_info=&#8221;{}&#8221;]<\/p>\n<p><em>El acero es vers\u00e1til.<\/em><\/p>\n<p>[\/et_pb_text][et_pb_text _builder_version=&#8221;4.25.0&#8243; _module_preset=&#8221;default&#8221; custom_margin=&#8221;||41px|||&#8221; global_colors_info=&#8221;{}&#8221;]Descubra el acero: el material que lo tiene todo en t\u00e9rminos de dise\u00f1o. Es discreto, vers\u00e1til y maleable. Con el acero, puedes traspasar los l\u00edmites del dise\u00f1o una y otra vez y dar forma al aspecto de un espacio, un edificio o incluso de un skyline.[\/et_pb_text][et_pb_button button_url=&#8221;@ET-DC@eyJkeW5hbWljIjp0cnVlLCJjb250ZW50IjoicG9zdF9saW5rX3VybF9wYWdlIiwic2V0dGluZ3MiOnsicG9zdF9pZCI6Ijg4NjMifX0=@&#8221; button_text=&#8221;M\u00e1s sobre Arquitectura Creativa&#8221; _builder_version=&#8221;4.25.0&#8243; _dynamic_attributes=&#8221;button_url&#8221; _module_preset=&#8221;default&#8221; global_colors_info=&#8221;{}&#8221;][\/et_pb_button][\/et_pb_column][et_pb_column type=&#8221;1_2&#8243; _builder_version=&#8221;4.25.0&#8243; _module_preset=&#8221;default&#8221; global_colors_info=&#8221;{}&#8221;][et_pb_image src=&#8221;https:\/\/jansen.es\/wp-content\/uploads\/2024\/05\/mdm-teaser-2.jpg&#8221; title_text=&#8221;mdm-teaser-2&#8243; url=&#8221;https:\/\/www.jansen.com\/en\/building-systems-profile-systems-steel\/topics\/advantages-of-steel\/architectural-creativity.html&#8221; disabled_on=&#8221;on|on|off&#8221; _builder_version=&#8221;4.25.0&#8243; _module_preset=&#8221;default&#8221; global_colors_info=&#8221;{}&#8221;][\/et_pb_image][\/et_pb_column][\/et_pb_row][et_pb_row column_structure=&#8221;1_2,1_2&#8243; _builder_version=&#8221;4.25.0&#8243; _module_preset=&#8221;default&#8221; custom_margin=&#8221;||40px||false|false&#8221; global_colors_info=&#8221;{}&#8221;][et_pb_column type=&#8221;1_2&#8243; _builder_version=&#8221;4.25.0&#8243; _module_preset=&#8221;default&#8221; global_colors_info=&#8221;{}&#8221;][et_pb_image src=&#8221;https:\/\/jansen.es\/wp-content\/uploads\/2024\/05\/mdm-teaser-4.jpg&#8221; title_text=&#8221;mdm-teaser-4&#8243; url=&#8221;https:\/\/www.jansen.com\/en\/building-systems-profile-systems-steel\/topics\/advantages-of-steel\/environmental-performance.html&#8221; _builder_version=&#8221;4.25.0&#8243; _module_preset=&#8221;default&#8221; global_colors_info=&#8221;{}&#8221;][\/et_pb_image][\/et_pb_column][et_pb_column type=&#8221;1_2&#8243; _builder_version=&#8221;4.25.0&#8243; _module_preset=&#8221;default&#8221; global_colors_info=&#8221;{}&#8221;][et_pb_heading title=&#8221;Comportamiento medioambiental&#8221; admin_label=&#8221;T\u00edtulo&#8221; _builder_version=&#8221;4.25.0&#8243; _module_preset=&#8221;default&#8221; title_level=&#8221;h2&#8243; title_font=&#8221;Jansen-News|800|||||||&#8221; title_text_color=&#8221;gcid-650921a2-2eba-4283-a6e6-fb2ffa7ca9ad&#8221; title_font_size=&#8221;34px&#8221; title_line_height=&#8221;1.2em&#8221; custom_margin=&#8221;61px||||false|false&#8221; title_font_tablet=&#8221;Jansen-News|800|||||||&#8221; title_font_phone=&#8221;Jansen-News|800|||||||&#8221; title_font_last_edited=&#8221;on|phone&#8221; global_colors_info=&#8221;{%22gcid-650921a2-2eba-4283-a6e6-fb2ffa7ca9ad%22:%91%22title_text_color%22,%22title_text_color%22,%22title_text_color%22%93}&#8221;][\/et_pb_heading][et_pb_text _builder_version=&#8221;4.25.0&#8243; _module_preset=&#8221;default&#8221; text_font=&#8221;Arapey|700|||||||&#8221; text_font_size=&#8221;22px&#8221; header_font=&#8221;|700|||||||&#8221; header_text_align=&#8221;center&#8221; custom_margin=&#8221;||40px||false|false&#8221; custom_padding=&#8221;0px||0px||true|false&#8221; global_colors_info=&#8221;{}&#8221;]<em>El acero es sostenible.<\/em>[\/et_pb_text][et_pb_text _builder_version=&#8221;4.25.0&#8243; _module_preset=&#8221;default&#8221; custom_margin=&#8221;||41px|||&#8221; global_colors_info=&#8221;{}&#8221;]<\/p>\n<p><span style=\"font-weight: 400;\">Descubra el lado sostenible del acero: un material que dura generaciones. Un s\u00edmbolo de durabilidad que se encuentra en monumentos hist\u00f3ricos, obras maestras arquitect\u00f3nicas y monumentos.<\/span><\/p>\n<p>[\/et_pb_text][et_pb_button button_url=&#8221;@ET-DC@eyJkeW5hbWljIjp0cnVlLCJjb250ZW50IjoicG9zdF9saW5rX3VybF9wYWdlIiwic2V0dGluZ3MiOnsicG9zdF9pZCI6Ijg5NjcifX0=@&#8221; button_text=&#8221;M\u00e1s sobre Comportamiento medioambiental&#8221; _builder_version=&#8221;4.25.0&#8243; _dynamic_attributes=&#8221;button_url&#8221; _module_preset=&#8221;default&#8221; global_colors_info=&#8221;{}&#8221;][\/et_pb_button][\/et_pb_column][\/et_pb_row][\/et_pb_section]<\/p>\n","protected":false},"excerpt":{"rendered":"<p>Descubra la interacci\u00f3n entre forma, funci\u00f3n y sostenibilidad.Sum\u00e9rgete en un mundo en el que el dise\u00f1o visionario, la arquitectura sostenible y la seguridad inquebrantable crean una sinfon\u00eda de arquitectura. Descubra c\u00f3mo el acero permite combinar un dise\u00f1o de futuro con respeto ecol\u00f3gico, garantizando siempre protecci\u00f3n y seguridad. Experimente el material de las obras maestras.Seguridad &amp; [&hellip;]<\/p>\n","protected":false},"author":3,"featured_media":0,"parent":0,"menu_order":0,"comment_status":"closed","ping_status":"closed","template":"","meta":{"_et_pb_use_builder":"on","_et_pb_old_content":"","_et_gb_content_width":"","footnotes":""},"class_list":["post-9058","page","type-page","status-publish","hentry"],"acf":[],"yoast_head":"<!-- This site is optimized with the Yoast SEO plugin v26.8 - https:\/\/yoast.com\/product\/yoast-seo-wordpress\/ -->\n<title>vantagens do a\u00e7o - Jansen<\/title>\n<meta name=\"robots\" content=\"index, follow, max-snippet:-1, max-image-preview:large, max-video-preview:-1\" \/>\n<link rel=\"canonical\" href=\"https:\/\/jansen.es\/pt-pt\/vantagens-do-aco\/\" \/>\n<meta property=\"og:locale\" content=\"pt_PT\" \/>\n<meta property=\"og:type\" content=\"article\" \/>\n<meta property=\"og:title\" content=\"vantagens do a\u00e7o - Jansen\" \/>\n<meta property=\"og:description\" content=\"Descubra la interacci\u00f3n entre forma, funci\u00f3n y sostenibilidad.Sum\u00e9rgete en un mundo en el que el dise\u00f1o visionario, la arquitectura sostenible y la seguridad inquebrantable crean una sinfon\u00eda de arquitectura. Descubra c\u00f3mo el acero permite combinar un dise\u00f1o de futuro con respeto ecol\u00f3gico, garantizando siempre protecci\u00f3n y seguridad. Experimente el material de las obras maestras.Seguridad &amp; [&hellip;]\" \/>\n<meta property=\"og:site_name\" content=\"Jansen\" \/>\n<meta property=\"article:modified_time\" content=\"2024-06-14T10:04:22+00:00\" \/>\n<meta property=\"og:image\" content=\"https:\/\/jansen.es\/wp-content\/uploads\/2022\/04\/cropped-favicon_jansen.png\" \/>\n\t<meta property=\"og:image:width\" content=\"512\" \/>\n\t<meta property=\"og:image:height\" content=\"512\" \/>\n\t<meta property=\"og:image:type\" content=\"image\/png\" \/>\n<meta name=\"twitter:card\" content=\"summary_large_image\" \/>\n<meta name=\"twitter:label1\" content=\"Tempo estimado de leitura\" \/>\n\t<meta name=\"twitter:data1\" content=\"2 minutos\" \/>\n<script type=\"application\/ld+json\" class=\"yoast-schema-graph\">{\"@context\":\"https:\/\/schema.org\",\"@graph\":[{\"@type\":\"WebPage\",\"@id\":\"https:\/\/jansen.es\/pt-pt\/vantagens-do-aco\/\",\"url\":\"https:\/\/jansen.es\/pt-pt\/vantagens-do-aco\/\",\"name\":\"vantagens do a\u00e7o - Jansen\",\"isPartOf\":{\"@id\":\"https:\/\/jansen.es\/#website\"},\"datePublished\":\"2024-06-14T08:03:30+00:00\",\"dateModified\":\"2024-06-14T10:04:22+00:00\",\"breadcrumb\":{\"@id\":\"https:\/\/jansen.es\/pt-pt\/vantagens-do-aco\/#breadcrumb\"},\"inLanguage\":\"pt-PT\",\"potentialAction\":[{\"@type\":\"ReadAction\",\"target\":[\"https:\/\/jansen.es\/pt-pt\/vantagens-do-aco\/\"]}]},{\"@type\":\"BreadcrumbList\",\"@id\":\"https:\/\/jansen.es\/pt-pt\/vantagens-do-aco\/#breadcrumb\",\"itemListElement\":[{\"@type\":\"ListItem\",\"position\":1,\"name\":\"Inicio\",\"item\":\"https:\/\/jansen.es\/pt-pt\/\"},{\"@type\":\"ListItem\",\"position\":2,\"name\":\"vantagens do a\u00e7o\"}]},{\"@type\":\"WebSite\",\"@id\":\"https:\/\/jansen.es\/#website\",\"url\":\"https:\/\/jansen.es\/\",\"name\":\"Jansen\",\"description\":\"Empresa l\u00edder en la fabricaci\u00f3n de perfiles de acero para puertas y ventanas\",\"publisher\":{\"@id\":\"https:\/\/jansen.es\/#organization\"},\"alternateName\":\"Jansen\",\"potentialAction\":[{\"@type\":\"SearchAction\",\"target\":{\"@type\":\"EntryPoint\",\"urlTemplate\":\"https:\/\/jansen.es\/?s={search_term_string}\"},\"query-input\":{\"@type\":\"PropertyValueSpecification\",\"valueRequired\":true,\"valueName\":\"search_term_string\"}}],\"inLanguage\":\"pt-PT\"},{\"@type\":\"Organization\",\"@id\":\"https:\/\/jansen.es\/#organization\",\"name\":\"Jansen\",\"alternateName\":\"Jansen\",\"url\":\"https:\/\/jansen.es\/\",\"logo\":{\"@type\":\"ImageObject\",\"inLanguage\":\"pt-PT\",\"@id\":\"https:\/\/jansen.es\/#\/schema\/logo\/image\/\",\"url\":\"https:\/\/jansen.es\/wp-content\/uploads\/2022\/04\/favicon_jansen.png\",\"contentUrl\":\"https:\/\/jansen.es\/wp-content\/uploads\/2022\/04\/favicon_jansen.png\",\"width\":238,\"height\":230,\"caption\":\"Jansen\"},\"image\":{\"@id\":\"https:\/\/jansen.es\/#\/schema\/logo\/image\/\"},\"sameAs\":[\"https:\/\/www.instagram.com\/janseniberia\/\",\"https:\/\/www.pinterest.es\/janseniberia\/_created\/\",\"https:\/\/www.linkedin.com\/company\/metalco-arquitectura-en-acero-s.l.\/\"]}]}<\/script>\n<!-- \/ Yoast SEO plugin. -->","yoast_head_json":{"title":"vantagens do a\u00e7o - Jansen","robots":{"index":"index","follow":"follow","max-snippet":"max-snippet:-1","max-image-preview":"max-image-preview:large","max-video-preview":"max-video-preview:-1"},"canonical":"https:\/\/jansen.es\/pt-pt\/vantagens-do-aco\/","og_locale":"pt_PT","og_type":"article","og_title":"vantagens do a\u00e7o - Jansen","og_site_name":"Jansen","article_modified_time":"2024-06-14T10:04:22+00:00","og_image":[{"width":512,"height":512,"url":"https:\/\/jansen.es\/wp-content\/uploads\/2022\/04\/cropped-favicon_jansen.png","type":"image\/png"}],"twitter_card":"summary_large_image","twitter_misc":{"Tempo estimado de leitura":"2 minutos"},"schema":{"@context":"https:\/\/schema.org","@graph":[{"@type":"WebPage","@id":"https:\/\/jansen.es\/pt-pt\/vantagens-do-aco\/","url":"https:\/\/jansen.es\/pt-pt\/vantagens-do-aco\/","name":"vantagens do a\u00e7o - Jansen","isPartOf":{"@id":"https:\/\/jansen.es\/#website"},"datePublished":"2024-06-14T08:03:30+00:00","dateModified":"2024-06-14T10:04:22+00:00","breadcrumb":{"@id":"https:\/\/jansen.es\/pt-pt\/vantagens-do-aco\/#breadcrumb"},"inLanguage":"pt-PT","potentialAction":[{"@type":"ReadAction","target":["https:\/\/jansen.es\/pt-pt\/vantagens-do-aco\/"]}]},{"@type":"BreadcrumbList","@id":"https:\/\/jansen.es\/pt-pt\/vantagens-do-aco\/#breadcrumb","itemListElement":[{"@type":"ListItem","position":1,"name":"Inicio","item":"https:\/\/jansen.es\/pt-pt\/"},{"@type":"ListItem","position":2,"name":"vantagens do a\u00e7o"}]},{"@type":"WebSite","@id":"https:\/\/jansen.es\/#website","url":"https:\/\/jansen.es\/","name":"Jansen","description":"Empresa l\u00edder en la fabricaci\u00f3n de perfiles de acero para puertas y ventanas","publisher":{"@id":"https:\/\/jansen.es\/#organization"},"alternateName":"Jansen","potentialAction":[{"@type":"SearchAction","target":{"@type":"EntryPoint","urlTemplate":"https:\/\/jansen.es\/?s={search_term_string}"},"query-input":{"@type":"PropertyValueSpecification","valueRequired":true,"valueName":"search_term_string"}}],"inLanguage":"pt-PT"},{"@type":"Organization","@id":"https:\/\/jansen.es\/#organization","name":"Jansen","alternateName":"Jansen","url":"https:\/\/jansen.es\/","logo":{"@type":"ImageObject","inLanguage":"pt-PT","@id":"https:\/\/jansen.es\/#\/schema\/logo\/image\/","url":"https:\/\/jansen.es\/wp-content\/uploads\/2022\/04\/favicon_jansen.png","contentUrl":"https:\/\/jansen.es\/wp-content\/uploads\/2022\/04\/favicon_jansen.png","width":238,"height":230,"caption":"Jansen"},"image":{"@id":"https:\/\/jansen.es\/#\/schema\/logo\/image\/"},"sameAs":["https:\/\/www.instagram.com\/janseniberia\/","https:\/\/www.pinterest.es\/janseniberia\/_created\/","https:\/\/www.linkedin.com\/company\/metalco-arquitectura-en-acero-s.l.\/"]}]}},"_links":{"self":[{"href":"https:\/\/jansen.es\/pt-pt\/wp-json\/wp\/v2\/pages\/9058","targetHints":{"allow":["GET"]}}],"collection":[{"href":"https:\/\/jansen.es\/pt-pt\/wp-json\/wp\/v2\/pages"}],"about":[{"href":"https:\/\/jansen.es\/pt-pt\/wp-json\/wp\/v2\/types\/page"}],"author":[{"embeddable":true,"href":"https:\/\/jansen.es\/pt-pt\/wp-json\/wp\/v2\/users\/3"}],"replies":[{"embeddable":true,"href":"https:\/\/jansen.es\/pt-pt\/wp-json\/wp\/v2\/comments?post=9058"}],"version-history":[{"count":4,"href":"https:\/\/jansen.es\/pt-pt\/wp-json\/wp\/v2\/pages\/9058\/revisions"}],"predecessor-version":[{"id":9068,"href":"https:\/\/jansen.es\/pt-pt\/wp-json\/wp\/v2\/pages\/9058\/revisions\/9068"}],"wp:attachment":[{"href":"https:\/\/jansen.es\/pt-pt\/wp-json\/wp\/v2\/media?parent=9058"}],"curies":[{"name":"wp","href":"https:\/\/api.w.org\/{rel}","templated":true}]}}