{"id":9098,"date":"2024-04-30T11:24:12","date_gmt":"2024-04-30T09:24:12","guid":{"rendered":"https:\/\/jansen.es\/edificios-para-el-ocio-y-tiempo-libre\/"},"modified":"2024-06-14T14:03:54","modified_gmt":"2024-06-14T12:03:54","slug":"edificios-para-lazer-e-tempo-livre","status":"publish","type":"page","link":"https:\/\/jansen.es\/pt-pt\/edificios-para-lazer-e-tempo-livre\/","title":{"rendered":"Edif\u00edcios para lazer e tempo livre"},"content":{"rendered":"<p>[et_pb_section fb_built=&#8221;1&#8243; module_class=&#8221;seccion-principal-ocio&#8221; _builder_version=&#8221;4.25.0&#8243; _module_preset=&#8221;default&#8221; custom_margin=&#8221;||100px||false|false&#8221; custom_margin_tablet=&#8221;||50px||false|false&#8221; custom_margin_phone=&#8221;||0px||false|false&#8221; custom_margin_last_edited=&#8221;on|phone&#8221; global_colors_info=&#8221;{}&#8221;][et_pb_row _builder_version=&#8221;4.25.0&#8243; _module_preset=&#8221;default&#8221; background_color=&#8221;rgba(0,0,0,0.45)&#8221; background_image=&#8221;https:\/\/jansen.es\/wp-content\/uploads\/2024\/04\/el-ocio-y-tiempo-libre-header.jpg&#8221; background_blend=&#8221;multiply&#8221; width=&#8221;100%&#8221; width_tablet=&#8221;100%&#8221; width_phone=&#8221;100%&#8221; width_last_edited=&#8221;on|phone&#8221; min_height=&#8221;385px&#8221; min_height_tablet=&#8221;150px&#8221; min_height_phone=&#8221;120px&#8221; min_height_last_edited=&#8221;on|phone&#8221; custom_padding=&#8221;175px||96px||false|false&#8221; global_colors_info=&#8221;{}&#8221;][et_pb_column type=&#8221;4_4&#8243; _builder_version=&#8221;4.23.4&#8243; _module_preset=&#8221;default&#8221; global_colors_info=&#8221;{}&#8221;][\/et_pb_column][\/et_pb_row][et_pb_row custom_padding_last_edited=&#8221;on|desktop&#8221; _builder_version=&#8221;4.23.4&#8243; _module_preset=&#8221;default&#8221; width=&#8221;60%&#8221; width_tablet=&#8221;80%&#8221; width_phone=&#8221;80%&#8221; width_last_edited=&#8221;on|phone&#8221; module_alignment=&#8221;left&#8221; custom_padding=&#8221;|||10%|false|false&#8221; custom_padding_tablet=&#8221;|||0%|false|false&#8221; custom_padding_phone=&#8221;|||0%|false|false&#8221; module_alignment_tablet=&#8221;center&#8221; module_alignment_phone=&#8221;center&#8221; module_alignment_last_edited=&#8221;on|desktop&#8221; global_colors_info=&#8221;{}&#8221;][et_pb_column type=&#8221;4_4&#8243; _builder_version=&#8221;4.23.4&#8243; _module_preset=&#8221;default&#8221; global_colors_info=&#8221;{}&#8221;][et_pb_heading title=&#8221;Edificios para el ocio y tiempo libre&#8221; _builder_version=&#8221;4.25.0&#8243; _module_preset=&#8221;default&#8221; title_font=&#8221;Jansen-News||||||||&#8221; title_text_align=&#8221;left&#8221; title_text_color=&#8221;#383838&#8243; title_font_size=&#8221;32px&#8221; title_line_height=&#8221;1.1em&#8221; custom_margin=&#8221;10px||20px||false|false&#8221; title_font_size_tablet=&#8221;32px&#8221; title_font_size_phone=&#8221;32px&#8221; title_font_size_last_edited=&#8221;on|desktop&#8221; global_colors_info=&#8221;{}&#8221;][\/et_pb_heading][et_pb_heading title=&#8221;Alta seguridad de uso&#8221; admin_label=&#8221;T\u00edtulo&#8221; _builder_version=&#8221;4.23.4&#8243; _module_preset=&#8221;default&#8221; title_level=&#8221;h2&#8243; title_font=&#8221;Jansen-News||||||||&#8221; title_text_color=&#8221;gcid-88148382-a86f-42ca-b628-0f77d3caedc5&#8243; title_font_size=&#8221;28px&#8221; title_line_height=&#8221;1.2em&#8221; custom_margin=&#8221;||5px||false|false&#8221; custom_padding=&#8221;||0px||false|false&#8221; title_font_size_tablet=&#8221;28px&#8221; title_font_size_phone=&#8221;28px&#8221; title_font_size_last_edited=&#8221;on|desktop&#8221; global_colors_info=&#8221;{%22gcid-88148382-a86f-42ca-b628-0f77d3caedc5%22:%91%22title_text_color%22%93}&#8221;][\/et_pb_heading][et_pb_text _builder_version=&#8221;4.23.4&#8243; _module_preset=&#8221;default&#8221; text_font=&#8221;Jansen-Book||||||||&#8221; text_text_color=&#8221;gcid-88148382-a86f-42ca-b628-0f77d3caedc5&#8243; text_font_size=&#8221;16px&#8221; text_line_height=&#8221;1.8em&#8221; global_colors_info=&#8221;{%22gcid-88148382-a86f-42ca-b628-0f77d3caedc5%22:%91%22text_text_color%22%93}&#8221;]<\/p>\n<p><span style=\"font-weight: 400;\">Cines, estadios deportivos, parques acu\u00e1ticos, bibliotecas o centros culturales son edificios recreativos con gran exposici\u00f3n al p\u00fablico, que, adem\u00e1s de un alto nivel de funcionalidad y eficiencia energ\u00e9tica, tambi\u00e9n deben ofrecer soluciones integrales en el \u00e1mbito de la seguridad de uso, la estabilidad y la durabilidad. Con los sistemas testados en laboratorios para puertas en v\u00edas de evacuaci\u00f3n (seg\u00fan EN 1125) y puertas de salida de emergencia (seg\u00fan EN 179), Jansen ofrece una soluci\u00f3n de sistema integrada en el perfil de la puerta. La protecci\u00f3n de estas puertas contra el acceso no autorizado se puede lograr con una amplia gama de dispositivos de seguridad y supervisi\u00f3n (control de puertas de emergencia).<\/span><\/p>\n<p>[\/et_pb_text][\/et_pb_column][\/et_pb_row][\/et_pb_section][et_pb_section fb_built=&#8221;1&#8243; _builder_version=&#8221;4.23.4&#8243; _module_preset=&#8221;default&#8221; global_colors_info=&#8221;{}&#8221;][et_pb_row _builder_version=&#8221;4.23.4&#8243; _module_preset=&#8221;default&#8221; global_colors_info=&#8221;{}&#8221;][et_pb_column type=&#8221;4_4&#8243; _builder_version=&#8221;4.23.4&#8243; _module_preset=&#8221;default&#8221; global_colors_info=&#8221;{}&#8221;][et_pb_portfolio fullwidth=&#8221;off&#8221; posts_number=&#8221;12&#8243; show_categories=&#8221;off&#8221; _builder_version=&#8221;4.25.0&#8243; _module_preset=&#8221;default&#8221; global_colors_info=&#8221;{}&#8221;][\/et_pb_portfolio][\/et_pb_column][\/et_pb_row][\/et_pb_section]<\/p>\n","protected":false},"excerpt":{"rendered":"<p>Cines, estadios deportivos, parques acu\u00e1ticos, bibliotecas o centros culturales son edificios recreativos con gran exposici\u00f3n al p\u00fablico, que, adem\u00e1s de un alto nivel de funcionalidad y eficiencia energ\u00e9tica, tambi\u00e9n deben ofrecer soluciones integrales en el \u00e1mbito de la seguridad de uso, la estabilidad y la durabilidad. Con los sistemas testados en laboratorios para puertas en [&hellip;]<\/p>\n","protected":false},"author":3,"featured_media":0,"parent":0,"menu_order":0,"comment_status":"closed","ping_status":"closed","template":"","meta":{"_et_pb_use_builder":"on","_et_pb_old_content":"","_et_gb_content_width":"","footnotes":""},"class_list":["post-9098","page","type-page","status-publish","hentry"],"acf":[],"yoast_head":"<!-- This site is optimized with the Yoast SEO plugin v27.5 - https:\/\/yoast.com\/product\/yoast-seo-wordpress\/ -->\n<title>Edif\u00edcios para lazer e tempo livre - Jansen<\/title>\n<meta name=\"robots\" content=\"index, follow, max-snippet:-1, max-image-preview:large, max-video-preview:-1\" \/>\n<link rel=\"canonical\" href=\"https:\/\/jansen.es\/pt-pt\/edificios-para-lazer-e-tempo-livre\/\" \/>\n<meta property=\"og:locale\" content=\"pt_PT\" \/>\n<meta property=\"og:type\" content=\"article\" \/>\n<meta property=\"og:title\" content=\"Edif\u00edcios para lazer e tempo livre - Jansen\" \/>\n<meta property=\"og:description\" content=\"Cines, estadios deportivos, parques acu\u00e1ticos, bibliotecas o centros culturales son edificios recreativos con gran exposici\u00f3n al p\u00fablico, que, adem\u00e1s de un alto nivel de funcionalidad y eficiencia energ\u00e9tica, tambi\u00e9n deben ofrecer soluciones integrales en el \u00e1mbito de la seguridad de uso, la estabilidad y la durabilidad. Con los sistemas testados en laboratorios para puertas en [&hellip;]\" \/>\n<meta property=\"og:site_name\" content=\"Jansen\" \/>\n<meta property=\"article:modified_time\" content=\"2024-06-14T12:03:54+00:00\" \/>\n<meta property=\"og:image\" content=\"https:\/\/jansen.es\/wp-content\/uploads\/2022\/04\/cropped-favicon_jansen.png\" \/>\n\t<meta property=\"og:image:width\" content=\"512\" \/>\n\t<meta property=\"og:image:height\" content=\"512\" \/>\n\t<meta property=\"og:image:type\" content=\"image\/png\" \/>\n<meta name=\"twitter:card\" content=\"summary_large_image\" \/>\n<meta name=\"twitter:label1\" content=\"Tempo estimado de leitura\" \/>\n\t<meta name=\"twitter:data1\" content=\"4 minutos\" \/>\n<script type=\"application\/ld+json\" class=\"yoast-schema-graph\">{\"@context\":\"https:\\\/\\\/schema.org\",\"@graph\":[{\"@type\":\"WebPage\",\"@id\":\"https:\\\/\\\/jansen.es\\\/pt-pt\\\/edificios-para-lazer-e-tempo-livre\\\/\",\"url\":\"https:\\\/\\\/jansen.es\\\/pt-pt\\\/edificios-para-lazer-e-tempo-livre\\\/\",\"name\":\"Edif\u00edcios para lazer e tempo livre - Jansen\",\"isPartOf\":{\"@id\":\"https:\\\/\\\/jansen.es\\\/#website\"},\"datePublished\":\"2024-04-30T09:24:12+00:00\",\"dateModified\":\"2024-06-14T12:03:54+00:00\",\"breadcrumb\":{\"@id\":\"https:\\\/\\\/jansen.es\\\/pt-pt\\\/edificios-para-lazer-e-tempo-livre\\\/#breadcrumb\"},\"inLanguage\":\"pt-PT\",\"potentialAction\":[{\"@type\":\"ReadAction\",\"target\":[\"https:\\\/\\\/jansen.es\\\/pt-pt\\\/edificios-para-lazer-e-tempo-livre\\\/\"]}]},{\"@type\":\"BreadcrumbList\",\"@id\":\"https:\\\/\\\/jansen.es\\\/pt-pt\\\/edificios-para-lazer-e-tempo-livre\\\/#breadcrumb\",\"itemListElement\":[{\"@type\":\"ListItem\",\"position\":1,\"name\":\"Inicio\",\"item\":\"https:\\\/\\\/jansen.es\\\/pt-pt\\\/\"},{\"@type\":\"ListItem\",\"position\":2,\"name\":\"Edif\u00edcios para lazer e tempo livre\"}]},{\"@type\":\"WebSite\",\"@id\":\"https:\\\/\\\/jansen.es\\\/#website\",\"url\":\"https:\\\/\\\/jansen.es\\\/\",\"name\":\"Jansen\",\"description\":\"Empresa l\u00edder en la fabricaci\u00f3n de perfiles de acero para puertas y ventanas\",\"publisher\":{\"@id\":\"https:\\\/\\\/jansen.es\\\/#organization\"},\"alternateName\":\"Jansen\",\"potentialAction\":[{\"@type\":\"SearchAction\",\"target\":{\"@type\":\"EntryPoint\",\"urlTemplate\":\"https:\\\/\\\/jansen.es\\\/?s={search_term_string}\"},\"query-input\":{\"@type\":\"PropertyValueSpecification\",\"valueRequired\":true,\"valueName\":\"search_term_string\"}}],\"inLanguage\":\"pt-PT\"},{\"@type\":\"Organization\",\"@id\":\"https:\\\/\\\/jansen.es\\\/#organization\",\"name\":\"Jansen\",\"alternateName\":\"Jansen\",\"url\":\"https:\\\/\\\/jansen.es\\\/\",\"logo\":{\"@type\":\"ImageObject\",\"inLanguage\":\"pt-PT\",\"@id\":\"https:\\\/\\\/jansen.es\\\/#\\\/schema\\\/logo\\\/image\\\/\",\"url\":\"https:\\\/\\\/jansen.es\\\/wp-content\\\/uploads\\\/2022\\\/04\\\/favicon_jansen.png\",\"contentUrl\":\"https:\\\/\\\/jansen.es\\\/wp-content\\\/uploads\\\/2022\\\/04\\\/favicon_jansen.png\",\"width\":238,\"height\":230,\"caption\":\"Jansen\"},\"image\":{\"@id\":\"https:\\\/\\\/jansen.es\\\/#\\\/schema\\\/logo\\\/image\\\/\"},\"sameAs\":[\"https:\\\/\\\/www.instagram.com\\\/janseniberia\\\/\",\"https:\\\/\\\/www.pinterest.es\\\/janseniberia\\\/_created\\\/\",\"https:\\\/\\\/www.linkedin.com\\\/company\\\/metalco-arquitectura-en-acero-s.l.\\\/\"]}]}<\/script>\n<!-- \/ Yoast SEO plugin. -->","yoast_head_json":{"title":"Edif\u00edcios para lazer e tempo livre - Jansen","robots":{"index":"index","follow":"follow","max-snippet":"max-snippet:-1","max-image-preview":"max-image-preview:large","max-video-preview":"max-video-preview:-1"},"canonical":"https:\/\/jansen.es\/pt-pt\/edificios-para-lazer-e-tempo-livre\/","og_locale":"pt_PT","og_type":"article","og_title":"Edif\u00edcios para lazer e tempo livre - Jansen","og_site_name":"Jansen","article_modified_time":"2024-06-14T12:03:54+00:00","og_image":[{"width":512,"height":512,"url":"https:\/\/jansen.es\/wp-content\/uploads\/2022\/04\/cropped-favicon_jansen.png","type":"image\/png"}],"twitter_card":"summary_large_image","twitter_misc":{"Tempo estimado de leitura":"4 minutos"},"schema":{"@context":"https:\/\/schema.org","@graph":[{"@type":"WebPage","@id":"https:\/\/jansen.es\/pt-pt\/edificios-para-lazer-e-tempo-livre\/","url":"https:\/\/jansen.es\/pt-pt\/edificios-para-lazer-e-tempo-livre\/","name":"Edif\u00edcios para lazer e tempo livre - Jansen","isPartOf":{"@id":"https:\/\/jansen.es\/#website"},"datePublished":"2024-04-30T09:24:12+00:00","dateModified":"2024-06-14T12:03:54+00:00","breadcrumb":{"@id":"https:\/\/jansen.es\/pt-pt\/edificios-para-lazer-e-tempo-livre\/#breadcrumb"},"inLanguage":"pt-PT","potentialAction":[{"@type":"ReadAction","target":["https:\/\/jansen.es\/pt-pt\/edificios-para-lazer-e-tempo-livre\/"]}]},{"@type":"BreadcrumbList","@id":"https:\/\/jansen.es\/pt-pt\/edificios-para-lazer-e-tempo-livre\/#breadcrumb","itemListElement":[{"@type":"ListItem","position":1,"name":"Inicio","item":"https:\/\/jansen.es\/pt-pt\/"},{"@type":"ListItem","position":2,"name":"Edif\u00edcios para lazer e tempo livre"}]},{"@type":"WebSite","@id":"https:\/\/jansen.es\/#website","url":"https:\/\/jansen.es\/","name":"Jansen","description":"Empresa l\u00edder en la fabricaci\u00f3n de perfiles de acero para puertas y ventanas","publisher":{"@id":"https:\/\/jansen.es\/#organization"},"alternateName":"Jansen","potentialAction":[{"@type":"SearchAction","target":{"@type":"EntryPoint","urlTemplate":"https:\/\/jansen.es\/?s={search_term_string}"},"query-input":{"@type":"PropertyValueSpecification","valueRequired":true,"valueName":"search_term_string"}}],"inLanguage":"pt-PT"},{"@type":"Organization","@id":"https:\/\/jansen.es\/#organization","name":"Jansen","alternateName":"Jansen","url":"https:\/\/jansen.es\/","logo":{"@type":"ImageObject","inLanguage":"pt-PT","@id":"https:\/\/jansen.es\/#\/schema\/logo\/image\/","url":"https:\/\/jansen.es\/wp-content\/uploads\/2022\/04\/favicon_jansen.png","contentUrl":"https:\/\/jansen.es\/wp-content\/uploads\/2022\/04\/favicon_jansen.png","width":238,"height":230,"caption":"Jansen"},"image":{"@id":"https:\/\/jansen.es\/#\/schema\/logo\/image\/"},"sameAs":["https:\/\/www.instagram.com\/janseniberia\/","https:\/\/www.pinterest.es\/janseniberia\/_created\/","https:\/\/www.linkedin.com\/company\/metalco-arquitectura-en-acero-s.l.\/"]}]}},"_links":{"self":[{"href":"https:\/\/jansen.es\/pt-pt\/wp-json\/wp\/v2\/pages\/9098","targetHints":{"allow":["GET"]}}],"collection":[{"href":"https:\/\/jansen.es\/pt-pt\/wp-json\/wp\/v2\/pages"}],"about":[{"href":"https:\/\/jansen.es\/pt-pt\/wp-json\/wp\/v2\/types\/page"}],"author":[{"embeddable":true,"href":"https:\/\/jansen.es\/pt-pt\/wp-json\/wp\/v2\/users\/3"}],"replies":[{"embeddable":true,"href":"https:\/\/jansen.es\/pt-pt\/wp-json\/wp\/v2\/comments?post=9098"}],"version-history":[{"count":1,"href":"https:\/\/jansen.es\/pt-pt\/wp-json\/wp\/v2\/pages\/9098\/revisions"}],"predecessor-version":[{"id":9110,"href":"https:\/\/jansen.es\/pt-pt\/wp-json\/wp\/v2\/pages\/9098\/revisions\/9110"}],"wp:attachment":[{"href":"https:\/\/jansen.es\/pt-pt\/wp-json\/wp\/v2\/media?parent=9098"}],"curies":[{"name":"wp","href":"https:\/\/api.w.org\/{rel}","templated":true}]}}