{"id":9100,"date":"2024-04-26T14:06:23","date_gmt":"2024-04-26T12:06:23","guid":{"rendered":"https:\/\/jansen.es\/diseno-para-usuarios\/"},"modified":"2024-06-14T13:56:13","modified_gmt":"2024-06-14T11:56:13","slug":"diseno-para-usuarios","status":"publish","type":"page","link":"https:\/\/jansen.es\/pt-pt\/diseno-para-usuarios\/","title":{"rendered":"Dise\u00f1o para usuarios"},"content":{"rendered":"<p>[et_pb_section fb_built=&#8221;1&#8243; _builder_version=&#8221;4.25.0&#8243; _module_preset=&#8221;default&#8221; background_color=&#8221;rgba(0,0,0,0.45)&#8221; background_image=&#8221;https:\/\/jansen.es\/wp-content\/uploads\/2022\/03\/csm_eth-bss-forschungsgebaeude-basel-jansen-ag-01_2dbf44a49c.jpg&#8221; background_blend=&#8221;multiply&#8221; min_height=&#8221;148px&#8221; min_height_tablet=&#8221;50px&#8221; min_height_phone=&#8221;50px&#8221; min_height_last_edited=&#8221;on|phone&#8221; height_tablet=&#8221;&#8221; height_phone=&#8221;&#8221; height_last_edited=&#8221;on|phone&#8221; custom_margin=&#8221;0px||25px||false|false&#8221; custom_padding=&#8221;94px||96px||false|false&#8221; global_colors_info=&#8221;{}&#8221;][et_pb_row _builder_version=&#8221;4.25.0&#8243; _module_preset=&#8221;default&#8221; custom_margin=&#8221;||||false|false&#8221; locked=&#8221;off&#8221; global_colors_info=&#8221;{}&#8221;][et_pb_column type=&#8221;4_4&#8243; _builder_version=&#8221;4.23.4&#8243; _module_preset=&#8221;default&#8221; global_colors_info=&#8221;{}&#8221;][\/et_pb_column][\/et_pb_row][\/et_pb_section][et_pb_section fb_built=&#8221;1&#8243; _builder_version=&#8221;4.25.0&#8243; _module_preset=&#8221;default&#8221; custom_margin_tablet=&#8221;&#8221; custom_margin_phone=&#8221;||0px||false|false&#8221; custom_margin_last_edited=&#8221;on|phone&#8221; custom_padding=&#8221;||0px||false|false&#8221; global_colors_info=&#8221;{}&#8221;][et_pb_row _builder_version=&#8221;4.25.0&#8243; _module_preset=&#8221;default&#8221; custom_margin=&#8221;15px||25px||false|false&#8221; locked=&#8221;off&#8221; global_colors_info=&#8221;{}&#8221; custom_padding=&#8221;||3px|||&#8221;][et_pb_column type=&#8221;4_4&#8243; _builder_version=&#8221;4.23.4&#8243; _module_preset=&#8221;default&#8221; global_colors_info=&#8221;{}&#8221;][et_pb_heading title=&#8221;Dise\u00f1o para usuarios &#8221; _builder_version=&#8221;4.25.0&#8243; _module_preset=&#8221;default&#8221; title_font=&#8221;Jansen-News|500|||||||&#8221; title_text_align=&#8221;left&#8221; title_font_size=&#8221;32px&#8221; width=&#8221;100%&#8221; module_alignment=&#8221;left&#8221; custom_margin=&#8221;0px|0px|0px|0px|false|false&#8221; custom_padding=&#8221;3px|0px|0px|0px|false|false&#8221; hover_enabled=&#8221;0&#8243; title_font_tablet=&#8221;Jansen-News|500|||||||&#8221; title_font_phone=&#8221;Jansen-News|500|||||||&#8221; title_font_last_edited=&#8221;on|desktop&#8221; title_font_size_tablet=&#8221;32px&#8221; title_font_size_phone=&#8221;32px&#8221; title_font_size_last_edited=&#8221;on|phone&#8221; global_colors_info=&#8221;{}&#8221; sticky_enabled=&#8221;0&#8243;][\/et_pb_heading][et_pb_text _builder_version=&#8221;4.25.0&#8243; _module_preset=&#8221;default&#8221; text_font=&#8221;Jansen-News|200|||||||&#8221; text_text_color=&#8221;gcid-01cbc1a9-1276-456c-89ed-63d293ad4938&#8243; text_font_size=&#8221;38px&#8221; text_line_height=&#8221;1.4em&#8221; header_font_size=&#8221;35px&#8221; width=&#8221;100%&#8221; max_width=&#8221;100%&#8221; custom_margin=&#8221;40px|0px|0px|0px|false|false&#8221; custom_padding=&#8221;0px|0px|0px|0px|false|false&#8221; hover_enabled=&#8221;0&#8243; text_font_size_tablet=&#8221;34px&#8221; text_font_size_phone=&#8221;34px&#8221; text_font_size_last_edited=&#8221;on|desktop&#8221; header_font_size_tablet=&#8221;35px&#8221; header_font_size_phone=&#8221;35px&#8221; header_font_size_last_edited=&#8221;on|desktop&#8221; global_colors_info=&#8221;{%22gcid-01cbc1a9-1276-456c-89ed-63d293ad4938%22:%91%22text_text_color%22%93}&#8221; sticky_enabled=&#8221;0&#8243;]<\/p>\n<h2><span style=\"font-weight: 400;\">Convirtiendo deseos en realidad<\/span><\/h2>\n<p>[\/et_pb_text][\/et_pb_column][\/et_pb_row][\/et_pb_section][et_pb_section fb_built=&#8221;1&#8243; _builder_version=&#8221;4.23.4&#8243; _module_preset=&#8221;default&#8221; custom_margin=&#8221;||50px||false|false&#8221; custom_margin_tablet=&#8221;||50px||false|false&#8221; custom_margin_phone=&#8221;||30px||false|false&#8221; custom_margin_last_edited=&#8221;on|phone&#8221; custom_padding=&#8221;||0px||false|false&#8221; global_colors_info=&#8221;{}&#8221;][et_pb_row _builder_version=&#8221;4.25.0&#8243; _module_preset=&#8221;default&#8221; hover_enabled=&#8221;0&#8243; global_colors_info=&#8221;{}&#8221; custom_padding=&#8221;0px||||false|false&#8221; sticky_enabled=&#8221;0&#8243;][et_pb_column type=&#8221;4_4&#8243; _builder_version=&#8221;4.23.4&#8243; _module_preset=&#8221;default&#8221; global_colors_info=&#8221;{}&#8221;][et_pb_text _builder_version=&#8221;4.23.4&#8243; _module_preset=&#8221;default&#8221; text_text_color=&#8221;gcid-88148382-a86f-42ca-b628-0f77d3caedc5&#8243; text_font_size=&#8221;21px&#8221; text_line_height=&#8221;1.8em&#8221; text_font_size_tablet=&#8221;21px&#8221; text_font_size_phone=&#8221;18px&#8221; text_font_size_last_edited=&#8221;on|phone&#8221; global_colors_info=&#8221;{%22gcid-88148382-a86f-42ca-b628-0f77d3caedc5%22:%91%22text_text_color%22%93}&#8221;]<\/p>\n<p><span style=\"font-weight: 400;\">En Jansen la atenci\u00f3n est\u00e1 siempre sobre los usuarios finales. Por tanto, las primeras preguntas a plantearse est\u00e1n relacionadas con sus necesidades y requerimientos: \u00bfCumple el producto las funciones deseadas? \u00bfEncaja con el resto del dise\u00f1o? \u00bfEs intuitivo y c\u00f3modo de usar? \u00bfQu\u00e9 apariencia visual deber\u00eda tener?<\/span><\/p>\n<p>[\/et_pb_text][\/et_pb_column][\/et_pb_row][\/et_pb_section][et_pb_section fb_built=&#8221;1&#8243; _builder_version=&#8221;4.23.4&#8243; _module_preset=&#8221;default&#8221; custom_margin=&#8221;||100px||false|false&#8221; custom_margin_tablet=&#8221;||100px||false|false&#8221; custom_margin_phone=&#8221;||0px||false|false&#8221; custom_margin_last_edited=&#8221;on|phone&#8221; global_colors_info=&#8221;{}&#8221;][et_pb_row column_structure=&#8221;1_4,3_4&#8243; _builder_version=&#8221;4.23.4&#8243; _module_preset=&#8221;default&#8221; global_colors_info=&#8221;{}&#8221;][et_pb_column type=&#8221;1_4&#8243; _builder_version=&#8221;4.23.4&#8243; _module_preset=&#8221;default&#8221; global_colors_info=&#8221;{}&#8221;][et_pb_text _builder_version=&#8221;4.23.4&#8243; _module_preset=&#8221;default&#8221; text_text_color=&#8221;gcid-88148382-a86f-42ca-b628-0f77d3caedc5&#8243; text_font_size=&#8221;17px&#8221; text_line_height=&#8221;1.8em&#8221; text_font_size_tablet=&#8221;21px&#8221; text_font_size_phone=&#8221;18px&#8221; text_font_size_last_edited=&#8221;on|phone&#8221; global_colors_info=&#8221;{%22gcid-88148382-a86f-42ca-b628-0f77d3caedc5%22:%91%22text_text_color%22%93}&#8221;]<\/p>\n<p><span style=\"font-weight: 400;\">Para simplificar el proceso de desarrollo del sistema, Jansen distingue entre el <a href=\"https:\/\/jansen.es\/presencia-jansen-arquitectura-deportiva\/\" title=\"Presencia de Jansen en la construcci\u00f3n de recintos deportivos\" target=\"_blank\" rel=\"noopener noreferrer\"  >usuario<\/a> del producto final y el usuario durante la fase de construcci\u00f3n de un edificio, es decir, el arquitecto\/proyectista\/metalista. En este caso, se trata sobre las necesidades del usuario final, mientras que el cap\u00edtulo \u00abDise\u00f1o para profesionales\u00bb est\u00e1 dedicado a los distintos usuarios involucrados en la implementaci\u00f3n.<\/span><\/p>\n<p>[\/et_pb_text][\/et_pb_column][et_pb_column type=&#8221;3_4&#8243; _builder_version=&#8221;4.23.4&#8243; _module_preset=&#8221;default&#8221; global_colors_info=&#8221;{}&#8221;][et_pb_image src=&#8221;https:\/\/jansen.es\/wp-content\/uploads\/2024\/04\/design-fuer-nutzer-scaled.jpg&#8221; alt=&#8221;La esquina del cristal de una casa&#8221; title_text=&#8221;design-fuer-nutzer&#8221; _builder_version=&#8221;4.23.4&#8243; _module_preset=&#8221;default&#8221; width=&#8221;100%&#8221; global_colors_info=&#8221;{}&#8221;][\/et_pb_image][\/et_pb_column][\/et_pb_row][\/et_pb_section][et_pb_section fb_built=&#8221;1&#8243; _builder_version=&#8221;4.23.4&#8243; _module_preset=&#8221;default&#8221; global_colors_info=&#8221;{}&#8221;][et_pb_row _builder_version=&#8221;4.23.4&#8243; _module_preset=&#8221;default&#8221; custom_padding=&#8221;0px||||false|false&#8221; border_width_top=&#8221;1px&#8221; border_color_top=&#8221;gcid-9492cd86-75b3-40fa-b1eb-f96ae74dc429&#8243; global_colors_info=&#8221;{%22gcid-9492cd86-75b3-40fa-b1eb-f96ae74dc429%22:%91%22border_color_top%22%93}&#8221;][et_pb_column type=&#8221;4_4&#8243; _builder_version=&#8221;4.23.4&#8243; _module_preset=&#8221;default&#8221; global_colors_info=&#8221;{}&#8221;][et_pb_divider color=&#8221;gcid-01cbc1a9-1276-456c-89ed-63d293ad4938&#8243; divider_weight=&#8221;4px&#8221; _builder_version=&#8221;4.23.4&#8243; _module_preset=&#8221;default&#8221; width=&#8221;5%&#8221; width_tablet=&#8221;10%&#8221; width_phone=&#8221;20%&#8221; width_last_edited=&#8221;on|phone&#8221; custom_margin=&#8221;0px|0px|0px|0px|true|true&#8221; custom_padding=&#8221;0px|0px|0px|0px|true|true&#8221; global_colors_info=&#8221;{%22gcid-01cbc1a9-1276-456c-89ed-63d293ad4938%22:%91%22color%22%93}&#8221;][\/et_pb_divider][et_pb_text _builder_version=&#8221;4.23.4&#8243; _module_preset=&#8221;default&#8221; text_font=&#8221;Jansen-News||||||||&#8221; text_text_color=&#8221;gcid-c5f518e0-e408-403f-b762-6259b13e424e&#8221; text_font_size=&#8221;28px&#8221; custom_padding=&#8221;13px||||false|false&#8221; global_colors_info=&#8221;{%22gcid-c5f518e0-e408-403f-b762-6259b13e424e%22:%91%22text_text_color%22%93}&#8221;]<\/p>\n<p>Estas p\u00e1ginas tambi\u00e9n pueden interesarte<\/p>\n<p>[\/et_pb_text][\/et_pb_column][\/et_pb_row][et_pb_row column_structure=&#8221;1_2,1_2&#8243; _builder_version=&#8221;4.23.4&#8243; _module_preset=&#8221;default&#8221; global_colors_info=&#8221;{}&#8221;][et_pb_column type=&#8221;1_2&#8243; _builder_version=&#8221;4.23.4&#8243; _module_preset=&#8221;default&#8221; global_colors_info=&#8221;{}&#8221;][et_pb_blurb title=&#8221;ir al resumen&#8221; _builder_version=&#8221;4.23.4&#8243; _dynamic_attributes=&#8221;link_option_url&#8221; _module_preset=&#8221;default&#8221; header_font=&#8221;Jansen-News||||||||&#8221; header_text_color=&#8221;gcid-c5f518e0-e408-403f-b762-6259b13e424e&#8221; header_font_size=&#8221;20px&#8221; body_font=&#8221;Jansen-Book||||||||&#8221; body_text_color=&#8221;gcid-88148382-a86f-42ca-b628-0f77d3caedc5&#8243; body_font_size=&#8221;18px&#8221; background_color=&#8221;gcid-3cfc8c0c-5557-4a5d-9dab-24e78d615311&#8243; custom_padding=&#8221;22px|32px|62px|32px|false|true&#8221; link_option_url=&#8221;@ET-DC@eyJkeW5hbWljIjp0cnVlLCJjb250ZW50IjoicG9zdF9saW5rX3VybF9wYWdlIiwic2V0dGluZ3MiOnsicG9zdF9pZCI6IjgyNDgifX0=@&#8221; global_colors_info=&#8221;{%22gcid-c5f518e0-e408-403f-b762-6259b13e424e%22:%91%22header_text_color%22%93,%22gcid-3cfc8c0c-5557-4a5d-9dab-24e78d615311%22:%91%22background_color%22%93,%22gcid-88148382-a86f-42ca-b628-0f77d3caedc5%22:%91%22body_text_color%22%93}&#8221;]<\/p>\n<p>Dise\u00f1o \u2013 equilibrio entre funcionalidad y est\u00e9tica <spam class=\"icon-saltar\">&gt;<\/spam><\/p>\n<p>[\/et_pb_blurb][\/et_pb_column][et_pb_column type=&#8221;1_2&#8243; _builder_version=&#8221;4.23.4&#8243; _module_preset=&#8221;default&#8221; global_colors_info=&#8221;{}&#8221;][et_pb_blurb title=&#8221;Dise\u00f1o para profesionales&#8221; _builder_version=&#8221;4.23.4&#8243; _dynamic_attributes=&#8221;link_option_url&#8221; _module_preset=&#8221;default&#8221; header_font=&#8221;Jansen-News||||||||&#8221; header_text_color=&#8221;gcid-c5f518e0-e408-403f-b762-6259b13e424e&#8221; header_font_size=&#8221;20px&#8221; body_font=&#8221;Jansen-Book||||||||&#8221; body_text_color=&#8221;gcid-88148382-a86f-42ca-b628-0f77d3caedc5&#8243; body_font_size=&#8221;18px&#8221; background_color=&#8221;gcid-3cfc8c0c-5557-4a5d-9dab-24e78d615311&#8243; custom_padding=&#8221;22px|32px|62px|32px|false|true&#8221; link_option_url=&#8221;@ET-DC@eyJkeW5hbWljIjp0cnVlLCJjb250ZW50IjoicG9zdF9saW5rX3VybF9wYWdlIiwic2V0dGluZ3MiOnsicG9zdF9pZCI6IjgzNTQifX0=@&#8221; global_colors_info=&#8221;{%22gcid-c5f518e0-e408-403f-b762-6259b13e424e%22:%91%22header_text_color%22%93,%22gcid-3cfc8c0c-5557-4a5d-9dab-24e78d615311%22:%91%22background_color%22%93,%22gcid-88148382-a86f-42ca-b628-0f77d3caedc5%22:%91%22body_text_color%22%93}&#8221;]<\/p>\n<p><span style=\"font-weight: 400;\">La seguridad dentro del dise\u00f1o<\/span><br \/><spam class=\"icon-saltar\">&gt;<\/spam><\/p>\n<p>[\/et_pb_blurb][\/et_pb_column][\/et_pb_row][\/et_pb_section]<\/p>\n","protected":false},"excerpt":{"rendered":"<p>Convirtiendo deseos en realidadEn Jansen la atenci\u00f3n est\u00e1 siempre sobre los usuarios finales. Por tanto, las primeras preguntas a plantearse est\u00e1n relacionadas con sus necesidades y requerimientos: \u00bfCumple el producto las funciones deseadas? \u00bfEncaja con el resto del dise\u00f1o? \u00bfEs intuitivo y c\u00f3modo de usar? \u00bfQu\u00e9 apariencia visual deber\u00eda tener?Para simplificar el proceso de desarrollo [&hellip;]<\/p>\n","protected":false},"author":3,"featured_media":0,"parent":0,"menu_order":0,"comment_status":"closed","ping_status":"closed","template":"","meta":{"_et_pb_use_builder":"on","_et_pb_old_content":"","_et_gb_content_width":"","footnotes":""},"class_list":["post-9100","page","type-page","status-publish","hentry"],"acf":[],"yoast_head":"<!-- This site is optimized with the Yoast SEO plugin v26.8 - https:\/\/yoast.com\/product\/yoast-seo-wordpress\/ -->\n<title>Dise\u00f1o para usuarios - Jansen<\/title>\n<meta name=\"robots\" content=\"index, follow, max-snippet:-1, max-image-preview:large, max-video-preview:-1\" \/>\n<link rel=\"canonical\" href=\"https:\/\/jansen.es\/pt-pt\/diseno-para-usuarios\/\" \/>\n<meta property=\"og:locale\" content=\"pt_PT\" \/>\n<meta property=\"og:type\" content=\"article\" \/>\n<meta property=\"og:title\" content=\"Dise\u00f1o para usuarios - Jansen\" \/>\n<meta property=\"og:description\" content=\"Convirtiendo deseos en realidadEn Jansen la atenci\u00f3n est\u00e1 siempre sobre los usuarios finales. Por tanto, las primeras preguntas a plantearse est\u00e1n relacionadas con sus necesidades y requerimientos: \u00bfCumple el producto las funciones deseadas? \u00bfEncaja con el resto del dise\u00f1o? \u00bfEs intuitivo y c\u00f3modo de usar? \u00bfQu\u00e9 apariencia visual deber\u00eda tener?Para simplificar el proceso de desarrollo [&hellip;]\" \/>\n<meta property=\"og:site_name\" content=\"Jansen\" \/>\n<meta property=\"article:modified_time\" content=\"2024-06-14T11:56:13+00:00\" \/>\n<meta property=\"og:image\" content=\"https:\/\/jansen.es\/wp-content\/uploads\/2022\/04\/cropped-favicon_jansen.png\" \/>\n\t<meta property=\"og:image:width\" content=\"512\" \/>\n\t<meta property=\"og:image:height\" content=\"512\" \/>\n\t<meta property=\"og:image:type\" content=\"image\/png\" \/>\n<meta name=\"twitter:card\" content=\"summary_large_image\" \/>\n<meta name=\"twitter:label1\" content=\"Tempo estimado de leitura\" \/>\n\t<meta name=\"twitter:data1\" content=\"1 minuto\" \/>\n<script type=\"application\/ld+json\" class=\"yoast-schema-graph\">{\"@context\":\"https:\/\/schema.org\",\"@graph\":[{\"@type\":\"WebPage\",\"@id\":\"https:\/\/jansen.es\/pt-pt\/diseno-para-usuarios\/\",\"url\":\"https:\/\/jansen.es\/pt-pt\/diseno-para-usuarios\/\",\"name\":\"Dise\u00f1o para usuarios - Jansen\",\"isPartOf\":{\"@id\":\"https:\/\/jansen.es\/#website\"},\"datePublished\":\"2024-04-26T12:06:23+00:00\",\"dateModified\":\"2024-06-14T11:56:13+00:00\",\"breadcrumb\":{\"@id\":\"https:\/\/jansen.es\/pt-pt\/diseno-para-usuarios\/#breadcrumb\"},\"inLanguage\":\"pt-PT\",\"potentialAction\":[{\"@type\":\"ReadAction\",\"target\":[\"https:\/\/jansen.es\/pt-pt\/diseno-para-usuarios\/\"]}]},{\"@type\":\"BreadcrumbList\",\"@id\":\"https:\/\/jansen.es\/pt-pt\/diseno-para-usuarios\/#breadcrumb\",\"itemListElement\":[{\"@type\":\"ListItem\",\"position\":1,\"name\":\"Inicio\",\"item\":\"https:\/\/jansen.es\/pt-pt\/\"},{\"@type\":\"ListItem\",\"position\":2,\"name\":\"Dise\u00f1o para usuarios\"}]},{\"@type\":\"WebSite\",\"@id\":\"https:\/\/jansen.es\/#website\",\"url\":\"https:\/\/jansen.es\/\",\"name\":\"Jansen\",\"description\":\"Empresa l\u00edder en la fabricaci\u00f3n de perfiles de acero para puertas y ventanas\",\"publisher\":{\"@id\":\"https:\/\/jansen.es\/#organization\"},\"alternateName\":\"Jansen\",\"potentialAction\":[{\"@type\":\"SearchAction\",\"target\":{\"@type\":\"EntryPoint\",\"urlTemplate\":\"https:\/\/jansen.es\/?s={search_term_string}\"},\"query-input\":{\"@type\":\"PropertyValueSpecification\",\"valueRequired\":true,\"valueName\":\"search_term_string\"}}],\"inLanguage\":\"pt-PT\"},{\"@type\":\"Organization\",\"@id\":\"https:\/\/jansen.es\/#organization\",\"name\":\"Jansen\",\"alternateName\":\"Jansen\",\"url\":\"https:\/\/jansen.es\/\",\"logo\":{\"@type\":\"ImageObject\",\"inLanguage\":\"pt-PT\",\"@id\":\"https:\/\/jansen.es\/#\/schema\/logo\/image\/\",\"url\":\"https:\/\/jansen.es\/wp-content\/uploads\/2022\/04\/favicon_jansen.png\",\"contentUrl\":\"https:\/\/jansen.es\/wp-content\/uploads\/2022\/04\/favicon_jansen.png\",\"width\":238,\"height\":230,\"caption\":\"Jansen\"},\"image\":{\"@id\":\"https:\/\/jansen.es\/#\/schema\/logo\/image\/\"},\"sameAs\":[\"https:\/\/www.instagram.com\/janseniberia\/\",\"https:\/\/www.pinterest.es\/janseniberia\/_created\/\",\"https:\/\/www.linkedin.com\/company\/metalco-arquitectura-en-acero-s.l.\/\"]}]}<\/script>\n<!-- \/ Yoast SEO plugin. -->","yoast_head_json":{"title":"Dise\u00f1o para usuarios - Jansen","robots":{"index":"index","follow":"follow","max-snippet":"max-snippet:-1","max-image-preview":"max-image-preview:large","max-video-preview":"max-video-preview:-1"},"canonical":"https:\/\/jansen.es\/pt-pt\/diseno-para-usuarios\/","og_locale":"pt_PT","og_type":"article","og_title":"Dise\u00f1o para usuarios - Jansen","og_site_name":"Jansen","article_modified_time":"2024-06-14T11:56:13+00:00","og_image":[{"width":512,"height":512,"url":"https:\/\/jansen.es\/wp-content\/uploads\/2022\/04\/cropped-favicon_jansen.png","type":"image\/png"}],"twitter_card":"summary_large_image","twitter_misc":{"Tempo estimado de leitura":"1 minuto"},"schema":{"@context":"https:\/\/schema.org","@graph":[{"@type":"WebPage","@id":"https:\/\/jansen.es\/pt-pt\/diseno-para-usuarios\/","url":"https:\/\/jansen.es\/pt-pt\/diseno-para-usuarios\/","name":"Dise\u00f1o para usuarios - Jansen","isPartOf":{"@id":"https:\/\/jansen.es\/#website"},"datePublished":"2024-04-26T12:06:23+00:00","dateModified":"2024-06-14T11:56:13+00:00","breadcrumb":{"@id":"https:\/\/jansen.es\/pt-pt\/diseno-para-usuarios\/#breadcrumb"},"inLanguage":"pt-PT","potentialAction":[{"@type":"ReadAction","target":["https:\/\/jansen.es\/pt-pt\/diseno-para-usuarios\/"]}]},{"@type":"BreadcrumbList","@id":"https:\/\/jansen.es\/pt-pt\/diseno-para-usuarios\/#breadcrumb","itemListElement":[{"@type":"ListItem","position":1,"name":"Inicio","item":"https:\/\/jansen.es\/pt-pt\/"},{"@type":"ListItem","position":2,"name":"Dise\u00f1o para usuarios"}]},{"@type":"WebSite","@id":"https:\/\/jansen.es\/#website","url":"https:\/\/jansen.es\/","name":"Jansen","description":"Empresa l\u00edder en la fabricaci\u00f3n de perfiles de acero para puertas y ventanas","publisher":{"@id":"https:\/\/jansen.es\/#organization"},"alternateName":"Jansen","potentialAction":[{"@type":"SearchAction","target":{"@type":"EntryPoint","urlTemplate":"https:\/\/jansen.es\/?s={search_term_string}"},"query-input":{"@type":"PropertyValueSpecification","valueRequired":true,"valueName":"search_term_string"}}],"inLanguage":"pt-PT"},{"@type":"Organization","@id":"https:\/\/jansen.es\/#organization","name":"Jansen","alternateName":"Jansen","url":"https:\/\/jansen.es\/","logo":{"@type":"ImageObject","inLanguage":"pt-PT","@id":"https:\/\/jansen.es\/#\/schema\/logo\/image\/","url":"https:\/\/jansen.es\/wp-content\/uploads\/2022\/04\/favicon_jansen.png","contentUrl":"https:\/\/jansen.es\/wp-content\/uploads\/2022\/04\/favicon_jansen.png","width":238,"height":230,"caption":"Jansen"},"image":{"@id":"https:\/\/jansen.es\/#\/schema\/logo\/image\/"},"sameAs":["https:\/\/www.instagram.com\/janseniberia\/","https:\/\/www.pinterest.es\/janseniberia\/_created\/","https:\/\/www.linkedin.com\/company\/metalco-arquitectura-en-acero-s.l.\/"]}]}},"_links":{"self":[{"href":"https:\/\/jansen.es\/pt-pt\/wp-json\/wp\/v2\/pages\/9100","targetHints":{"allow":["GET"]}}],"collection":[{"href":"https:\/\/jansen.es\/pt-pt\/wp-json\/wp\/v2\/pages"}],"about":[{"href":"https:\/\/jansen.es\/pt-pt\/wp-json\/wp\/v2\/types\/page"}],"author":[{"embeddable":true,"href":"https:\/\/jansen.es\/pt-pt\/wp-json\/wp\/v2\/users\/3"}],"replies":[{"embeddable":true,"href":"https:\/\/jansen.es\/pt-pt\/wp-json\/wp\/v2\/comments?post=9100"}],"version-history":[{"count":2,"href":"https:\/\/jansen.es\/pt-pt\/wp-json\/wp\/v2\/pages\/9100\/revisions"}],"predecessor-version":[{"id":10553,"href":"https:\/\/jansen.es\/pt-pt\/wp-json\/wp\/v2\/pages\/9100\/revisions\/10553"}],"wp:attachment":[{"href":"https:\/\/jansen.es\/pt-pt\/wp-json\/wp\/v2\/media?parent=9100"}],"curies":[{"name":"wp","href":"https:\/\/api.w.org\/{rel}","templated":true}]}}